{"id":2270,"date":"2022-07-08T17:25:41","date_gmt":"2022-07-08T15:25:41","guid":{"rendered":"https:\/\/tigea-shop.si\/?post_type=product&#038;p=2270"},"modified":"2025-07-16T17:30:52","modified_gmt":"2025-07-16T15:30:52","slug":"kljuci-za-oljni-filter-23-delni-set-z-racno","status":"publish","type":"product","link":"https:\/\/tigea-shop.si\/hu\/izdelek\/kljuci-za-oljni-filter-23-delni-set-z-racno\/","title":{"rendered":"KLJU\u010cI ZA OLJNI FILTER, 23 DELNI SET Z RA\u010cNO"},"content":{"rendered":"<p>KLJU\u010cI ZA OLJNI FILTER, 23 DELNI SET Z RA\u010cNO<\/p>\n<div class=\"\" data-block=\"true\" data-editor=\"e9nfa\" data-offset-key=\"6aadg-0-0\">\n<div class=\"_1mf _1mj\" data-offset-key=\"6aadg-0-0\"><span data-offset-key=\"6aadg-0-0\">Komplet <\/span><span data-offset-key=\"6aadg-1-0\">aluminijskih<\/span><span data-offset-key=\"6aadg-2-0\"> klju\u010dev za odvijanje in privijanje oljnih filtrov na te\u017eko dostopnih mestih. Velikosti od 65 do 101 mm. Primerna so za ve\u010dino osebnih avtomobilov, proizvedenih na evropskem, ameri\u0161kem in azijskem trgu. Prirejena za upravljanje s 3\/8&#8243; ragljo. Zapakirano v plasti\u010dnem ohi\u0161ju.<\/span><\/div>\n<\/div>\n<div class=\"\" data-block=\"true\" data-editor=\"e9nfa\" data-offset-key=\"46gf3-0-0\">\n<div class=\"_1mf _1mj\" data-offset-key=\"46gf3-0-0\"><span data-offset-key=\"46gf3-0-0\">\u00a0<\/span><\/div>\n<\/div>\n<div class=\"\" data-block=\"true\" data-editor=\"e9nfa\" data-offset-key=\"d7fnl-0-0\">\n<div class=\"_1mf _1mj\" data-offset-key=\"d7fnl-0-0\"><span data-offset-key=\"d7fnl-0-0\">Dimenzije<\/span><\/div>\n<\/div>\n<div class=\"\" data-block=\"true\" data-editor=\"e9nfa\" data-offset-key=\"fromb-0-0\">\n<div class=\"_1mf _1mj\" data-offset-key=\"fromb-0-0\"><span data-offset-key=\"fromb-0-0\">\u00a0<\/span><\/div>\n<\/div>\n<div class=\"\" data-block=\"true\" data-editor=\"e9nfa\" data-offset-key=\"3m4v8-0-0\">\n<div class=\"_1mf _1mj\" data-offset-key=\"3m4v8-0-0\"><span data-offset-key=\"3m4v8-0-0\">8-kotni (74 mm)<\/span><\/div>\n<\/div>\n<div class=\"\" data-block=\"true\" data-editor=\"e9nfa\" data-offset-key=\"2nahj-0-0\">\n<div class=\"_1mf _1mj\" data-offset-key=\"2nahj-0-0\"><span data-offset-key=\"2nahj-0-0\">12-kotni (75, 76 mm)<\/span><\/div>\n<\/div>\n<div class=\"\" data-block=\"true\" data-editor=\"e9nfa\" data-offset-key=\"f4gjn-0-0\">\n<div class=\"_1mf _1mj\" data-offset-key=\"f4gjn-0-0\"><span data-offset-key=\"f4gjn-0-0\">14-kotni (65, 67, 73, 74 mm)<\/span><\/div>\n<\/div>\n<div class=\"\" data-block=\"true\" data-editor=\"e9nfa\" data-offset-key=\"asf84-0-0\">\n<div class=\"_1mf _1mj\" data-offset-key=\"asf84-0-0\"><span data-offset-key=\"asf84-0-0\">15-kotni (73, 74, 75, 79, 80, 89, 90, 91, 92, 95, 101 mm)<\/span><\/div>\n<\/div>\n<div class=\"\" data-block=\"true\" data-editor=\"e9nfa\" data-offset-key=\"1s31q-0-0\">\n<div class=\"_1mf _1mj\" data-offset-key=\"1s31q-0-0\"><span data-offset-key=\"1s31q-0-0\">18-kotni (84 mm)<\/span><\/div>\n<\/div>\n","protected":false},"excerpt":{"rendered":"<p>KLJU\u010cI ZA OLJNI FILTER, 23 DELNI SET Z RA\u010cNO Komplet aluminijskih klju\u010dev za odvijanje in privijanje oljnih filtrov na te\u017eko dostopnih mestih. Velikosti od 65 do 101 mm. Primerna so za ve\u010dino osebnih avtomobilov, proizvedenih na evropskem, ameri\u0161kem in azijskem trgu. Prirejena za upravljanje s 3\/8&#8243; ragljo. Zapakirano v plasti\u010dnem ohi\u0161ju. \u00a0 Dimenzije \u00a0 8-kotni &hellip; <br \/><a href=\"https:\/\/tigea-shop.si\/hu\/izdelek\/kljuci-za-oljni-filter-23-delni-set-z-racno\/\" class=\"more-link\">Continue reading <span class=\"screen-reader-text\">KLJU\u010cI ZA OLJNI FILTER, 23 DELNI SET Z RA\u010cNO<\/span><\/a><\/p>\n","protected":false},"featured_media":2271,"template":"","meta":[],"_links":{"self":[{"href":"https:\/\/tigea-shop.si\/hu\/wp-json\/wp\/v2\/product\/2270"}],"collection":[{"href":"https:\/\/tigea-shop.si\/hu\/wp-json\/wp\/v2\/product"}],"about":[{"href":"https:\/\/tigea-shop.si\/hu\/wp-json\/wp\/v2\/types\/product"}],"wp:featuredmedia":[{"embeddable":true,"href":"https:\/\/tigea-shop.si\/hu\/wp-json\/wp\/v2\/media\/2271"}],"wp:attachment":[{"href":"https:\/\/tigea-shop.si\/hu\/wp-json\/wp\/v2\/media?parent=2270"}],"curies":[{"name":"wp","href":"https:\/\/api.w.org\/{rel}","templated":true}]}}