{"id":2328,"date":"2022-08-05T09:09:02","date_gmt":"2022-08-05T07:09:02","guid":{"rendered":"https:\/\/tigea-shop.si\/?post_type=product&#038;p=2328"},"modified":"2022-08-11T18:28:12","modified_gmt":"2022-08-11T16:28:12","slug":"set-kombiniranih-kljucev-v-platneni-torbici-17-kos","status":"publish","type":"product","link":"https:\/\/tigea-shop.si\/hu\/izdelek\/set-kombiniranih-kljucev-v-platneni-torbici-17-kos\/","title":{"rendered":"Set kombiniranih klju\u010dev v platneni torbici, 17 kos"},"content":{"rendered":"<p>Set kombiniranih klju\u010dev Matt.\u00a0Vrhunski kombinirani klju\u010di iz krom-vanadijevega jekla.\u00a0Zasnovan za delo v najte\u017ejih pogojih pod velikimi obremenitvami.\u00a0Posve\u010den profesionalnim mehani\u010dnim in avtomobilskim storitvam.<\/p>\n<p>Set kombiniranih klju\u010dev , 17 kos, Velikosti<\/p>\n<ul>\n<li>6, 7, 8, 9, 10, 11, 12, 13, 14, 15, 17, 19, 22, 24, 27, 30, 32,<\/li>\n<\/ul>\n","protected":false},"excerpt":{"rendered":"<p>Set kombiniranih klju\u010dev Matt.\u00a0Vrhunski kombinirani klju\u010di iz krom-vanadijevega jekla.\u00a0Zasnovan za delo v najte\u017ejih pogojih pod velikimi obremenitvami.\u00a0Posve\u010den profesionalnim mehani\u010dnim in avtomobilskim storitvam. Set kombiniranih klju\u010dev , 17 kos, Velikosti 6, 7, 8, 9, 10, 11, 12, 13, 14, 15, 17, 19, 22, 24, 27, 30, 32,<\/p>\n","protected":false},"featured_media":2330,"template":"","meta":[],"_links":{"self":[{"href":"https:\/\/tigea-shop.si\/hu\/wp-json\/wp\/v2\/product\/2328"}],"collection":[{"href":"https:\/\/tigea-shop.si\/hu\/wp-json\/wp\/v2\/product"}],"about":[{"href":"https:\/\/tigea-shop.si\/hu\/wp-json\/wp\/v2\/types\/product"}],"wp:featuredmedia":[{"embeddable":true,"href":"https:\/\/tigea-shop.si\/hu\/wp-json\/wp\/v2\/media\/2330"}],"wp:attachment":[{"href":"https:\/\/tigea-shop.si\/hu\/wp-json\/wp\/v2\/media?parent=2328"}],"curies":[{"name":"wp","href":"https:\/\/api.w.org\/{rel}","templated":true}]}}