{"id":2484,"date":"2022-09-07T13:27:05","date_gmt":"2022-09-07T11:27:05","guid":{"rendered":"https:\/\/tigea-shop.si\/?post_type=product&#038;p=2484"},"modified":"2022-09-07T13:38:02","modified_gmt":"2022-09-07T11:38:02","slug":"set-orodja-v-penastih-modulih-kraftcrome","status":"publish","type":"product","link":"https:\/\/tigea-shop.si\/hu\/izdelek\/set-orodja-v-penastih-modulih-kraftcrome\/","title":{"rendered":"Set orodja v penastih modulih KRAFTCROME"},"content":{"rendered":"<div class=\"m8h3af8h l7ghb35v kjdc1dyq kmwttqpk gh25dzvf n3t5jt4f\">\n<div dir=\"auto\">Set orodja v penastih modulih KRAFTCROME<\/div>\n<div dir=\"auto\">Cena:249,99\u20ac<\/div>\n<\/div>\n<div class=\"l7ghb35v kjdc1dyq kmwttqpk gh25dzvf jikcssrz n3t5jt4f\">\n<div dir=\"auto\">Posebnosti<\/div>\n<div dir=\"auto\">Orodja v metri\u010dnih dimenzijah<\/div>\n<div dir=\"auto\">S sistemom KRAFTCROME preverite popolnost z dvobarvnimi vlo\u017eki iz pene<\/div>\n<div dir=\"auto\">Vsako orodje je varno v svoji vdolbini, ki ga je mogo\u010de enostavno odstraniti zahvaljujo\u010d vdolbinam<\/div>\n<div dir=\"auto\">Odporen na olja in ma\u0161\u010dobe<\/div>\n<div dir=\"auto\">Besedilo je strojno prevedeno.<\/div>\n<\/div>\n","protected":false},"excerpt":{"rendered":"<p>Set orodja v penastih modulih KRAFTCROME Cena:249,99\u20ac Posebnosti Orodja v metri\u010dnih dimenzijah S sistemom KRAFTCROME preverite popolnost z dvobarvnimi vlo\u017eki iz pene Vsako orodje je varno v svoji vdolbini, ki ga je mogo\u010de enostavno odstraniti zahvaljujo\u010d vdolbinam Odporen na olja in ma\u0161\u010dobe Besedilo je strojno prevedeno.<\/p>\n","protected":false},"featured_media":2497,"template":"","meta":[],"_links":{"self":[{"href":"https:\/\/tigea-shop.si\/hu\/wp-json\/wp\/v2\/product\/2484"}],"collection":[{"href":"https:\/\/tigea-shop.si\/hu\/wp-json\/wp\/v2\/product"}],"about":[{"href":"https:\/\/tigea-shop.si\/hu\/wp-json\/wp\/v2\/types\/product"}],"wp:featuredmedia":[{"embeddable":true,"href":"https:\/\/tigea-shop.si\/hu\/wp-json\/wp\/v2\/media\/2497"}],"wp:attachment":[{"href":"https:\/\/tigea-shop.si\/hu\/wp-json\/wp\/v2\/media?parent=2484"}],"curies":[{"name":"wp","href":"https:\/\/api.w.org\/{rel}","templated":true}]}}