{"id":2793,"date":"2022-12-10T10:23:56","date_gmt":"2022-12-10T09:23:56","guid":{"rendered":"https:\/\/tigea-shop.si\/?post_type=product&#038;p=2793"},"modified":"2022-12-10T10:23:56","modified_gmt":"2022-12-10T09:23:56","slug":"set-kombiniranih-kljucev-z-racno-6-32-mm-22-delni","status":"publish","type":"product","link":"https:\/\/tigea-shop.si\/hu\/izdelek\/set-kombiniranih-kljucev-z-racno-6-32-mm-22-delni\/","title":{"rendered":"Set kombiniranih klju\u010dev z ra\u010dno, 6 &#8211; 32 mm, 22 delni"},"content":{"rendered":"<ul>\n<li><span>V kompletu so 22-delni vili\u010dasto-okasti klju\u010di z ragljo: 6, 7, 8, 9, 10, 11, 12, 13, 14, 15, 16, 17, 18, 19, 20, 21, 22, 23, 24, 27, 30 , 32 mm<\/span><\/li>\n<li><span>Prilo\u017eena aluminijasta \u0161katla za shranjevanje<\/span><\/li>\n<\/ul>\n","protected":false},"excerpt":{"rendered":"<p>V kompletu so 22-delni vili\u010dasto-okasti klju\u010di z ragljo: 6, 7, 8, 9, 10, 11, 12, 13, 14, 15, 16, 17, 18, 19, 20, 21, 22, 23, 24, 27, 30 , 32 mm Prilo\u017eena aluminijasta \u0161katla za shranjevanje<\/p>\n","protected":false},"featured_media":2794,"template":"","meta":[],"_links":{"self":[{"href":"https:\/\/tigea-shop.si\/hu\/wp-json\/wp\/v2\/product\/2793"}],"collection":[{"href":"https:\/\/tigea-shop.si\/hu\/wp-json\/wp\/v2\/product"}],"about":[{"href":"https:\/\/tigea-shop.si\/hu\/wp-json\/wp\/v2\/types\/product"}],"wp:featuredmedia":[{"embeddable":true,"href":"https:\/\/tigea-shop.si\/hu\/wp-json\/wp\/v2\/media\/2794"}],"wp:attachment":[{"href":"https:\/\/tigea-shop.si\/hu\/wp-json\/wp\/v2\/media?parent=2793"}],"curies":[{"name":"wp","href":"https:\/\/api.w.org\/{rel}","templated":true}]}}