{"id":2826,"date":"2022-12-11T06:16:32","date_gmt":"2022-12-11T05:16:32","guid":{"rendered":"https:\/\/tigea-shop.si\/?post_type=product&#038;p=2826"},"modified":"2022-12-11T06:16:33","modified_gmt":"2022-12-11T05:16:33","slug":"udarni-nasadni-kljuci-1-2-imbus-h5-h19","status":"publish","type":"product","link":"https:\/\/tigea-shop.si\/hu\/izdelek\/udarni-nasadni-kljuci-1-2-imbus-h5-h19\/","title":{"rendered":"Udarni nasadni klju\u010di, 1\/2&#8243; Imbus H5 &#8211; H19"},"content":{"rendered":"<p>Set osmih kosov \u0161estkotnih (imbus) nastavkov primernih za raglje, udaarne pi\u0161tole in nari\u010dne vzvode s priklju\u010dkom\u00a0<strong>1\/2&#8243;<\/strong>.<\/p>\n<p>Velikosti:\u00a0<strong>H5, H6, H8, H10, H12, H14, H17\u00a0<\/strong>in\u00a0<strong>H19.<\/strong><\/p>\n<p>Max dol\u017eina-78mm<\/p>\n<p>Priklju\u010dek -1\/2&#8243;<\/p>\n<p>Material-CrMo<\/p>\n","protected":false},"excerpt":{"rendered":"<p>Set osmih kosov \u0161estkotnih (imbus) nastavkov primernih za raglje, udaarne pi\u0161tole in nari\u010dne vzvode s priklju\u010dkom\u00a01\/2&#8243;. Velikosti:\u00a0H5, H6, H8, H10, H12, H14, H17\u00a0in\u00a0H19. Max dol\u017eina-78mm Priklju\u010dek -1\/2&#8243; Material-CrMo<\/p>\n","protected":false},"featured_media":2827,"template":"","meta":[],"_links":{"self":[{"href":"https:\/\/tigea-shop.si\/hu\/wp-json\/wp\/v2\/product\/2826"}],"collection":[{"href":"https:\/\/tigea-shop.si\/hu\/wp-json\/wp\/v2\/product"}],"about":[{"href":"https:\/\/tigea-shop.si\/hu\/wp-json\/wp\/v2\/types\/product"}],"wp:featuredmedia":[{"embeddable":true,"href":"https:\/\/tigea-shop.si\/hu\/wp-json\/wp\/v2\/media\/2827"}],"wp:attachment":[{"href":"https:\/\/tigea-shop.si\/hu\/wp-json\/wp\/v2\/media?parent=2826"}],"curies":[{"name":"wp","href":"https:\/\/api.w.org\/{rel}","templated":true}]}}