{"id":2941,"date":"2023-01-18T19:20:33","date_gmt":"2023-01-18T18:20:33","guid":{"rendered":"https:\/\/tigea-shop.si\/?post_type=product&#038;p=2941"},"modified":"2023-01-18T19:30:08","modified_gmt":"2023-01-18T18:30:08","slug":"posoda-za-zbiranje-olja-16-l","status":"publish","type":"product","link":"https:\/\/tigea-shop.si\/hu\/izdelek\/posoda-za-zbiranje-olja-16-l\/","title":{"rendered":"Posoda za zbiranje olja &#8211; 16 L"},"content":{"rendered":"<p><strong>Posoda za zbiranje olja &#8211; 16 L<\/strong>\u00a0je zelo enostavna za uporabo z majhnim rizikom razlivanja.<\/p>\n<p>Primerna je za veliko razli\u010dnih teko\u010din:<\/p>\n<ul>\n<li>hladilne teko\u010dine,<\/li>\n<li>kemikalije,<\/li>\n<li>antifriz,<\/li>\n<li>alkohol,<\/li>\n<li>bencin.<\/li>\n<\/ul>\n<p>Iz posode enostavno zlijemo teko\u010dino v zbiralnik odpadnih teko\u010din.<\/p>\n<p>Gre za poseben dizajn posode, tako da je riziko prelivanja zelo minimalen.<\/p>\n","protected":false},"excerpt":{"rendered":"<p>Posoda za zbiranje olja &#8211; 16 L\u00a0je zelo enostavna za uporabo z majhnim rizikom razlivanja. Primerna je za veliko razli\u010dnih teko\u010din: hladilne teko\u010dine, kemikalije, antifriz, alkohol, bencin. Iz posode enostavno zlijemo teko\u010dino v zbiralnik odpadnih teko\u010din. Gre za poseben dizajn posode, tako da je riziko prelivanja zelo minimalen.<\/p>\n","protected":false},"featured_media":2942,"template":"","meta":[],"_links":{"self":[{"href":"https:\/\/tigea-shop.si\/hu\/wp-json\/wp\/v2\/product\/2941"}],"collection":[{"href":"https:\/\/tigea-shop.si\/hu\/wp-json\/wp\/v2\/product"}],"about":[{"href":"https:\/\/tigea-shop.si\/hu\/wp-json\/wp\/v2\/types\/product"}],"wp:featuredmedia":[{"embeddable":true,"href":"https:\/\/tigea-shop.si\/hu\/wp-json\/wp\/v2\/media\/2942"}],"wp:attachment":[{"href":"https:\/\/tigea-shop.si\/hu\/wp-json\/wp\/v2\/media?parent=2941"}],"curies":[{"name":"wp","href":"https:\/\/api.w.org\/{rel}","templated":true}]}}