{"id":3110,"date":"2023-04-02T17:50:11","date_gmt":"2023-04-02T15:50:11","guid":{"rendered":"https:\/\/tigea-shop.si\/?post_type=product&#038;p=3110"},"modified":"2023-04-02T17:50:12","modified_gmt":"2023-04-02T15:50:12","slug":"set-izvijacev-in-vijacnih-nastavkov-100-delni","status":"publish","type":"product","link":"https:\/\/tigea-shop.si\/hu\/izdelek\/set-izvijacev-in-vijacnih-nastavkov-100-delni\/","title":{"rendered":"Set izvija\u010dev in vija\u010dnih nastavkov &#8211; 100 delni"},"content":{"rendered":"<p>Izvija\u010di bolj ali manj vedno pridejo prav. Vendar je te\u017eava v tem, da pogosto potrebujete razli\u010dne velikosti \u2013 obi\u010dajno razli\u010dico, ki je preprosto nimate doma.<\/p>\n<p>Ta komplet prepre\u010duje to te\u017eavo. Zbirka profesionalnih izvija\u010dev, nastavkov in nastavkov z dr\u017ealom vsebuje sto razli\u010dnih primerov.<\/p>\n<ul>\n<li>Sestavljen je<strong>\u00a0iz sto razli\u010dnih vrst izvija\u010dev<\/strong>, nastavkov in nastavkov z dr\u017ealom.<\/li>\n<li>Na voljo je v lepem in robustnem regalu za shranjevanje.<\/li>\n<li>Vsa orodja so opremljena z\u00a0<strong>ergonomskimi nedrse\u010dimi ro\u010daji<\/strong>.<\/li>\n<li><strong>Vrhunsko jeklo CRV za profesionalno uporabo<\/strong>.<\/li>\n<\/ul>\n","protected":false},"excerpt":{"rendered":"<p>Izvija\u010di bolj ali manj vedno pridejo prav. Vendar je te\u017eava v tem, da pogosto potrebujete razli\u010dne velikosti \u2013 obi\u010dajno razli\u010dico, ki je preprosto nimate doma. Ta komplet prepre\u010duje to te\u017eavo. Zbirka profesionalnih izvija\u010dev, nastavkov in nastavkov z dr\u017ealom vsebuje sto razli\u010dnih primerov. Sestavljen je\u00a0iz sto razli\u010dnih vrst izvija\u010dev, nastavkov in nastavkov z dr\u017ealom. Na voljo &hellip; <br \/><a href=\"https:\/\/tigea-shop.si\/hu\/izdelek\/set-izvijacev-in-vijacnih-nastavkov-100-delni\/\" class=\"more-link\">Continue reading <span class=\"screen-reader-text\">Set izvija\u010dev in vija\u010dnih nastavkov &#8211; 100 delni<\/span><\/a><\/p>\n","protected":false},"featured_media":3111,"template":"","meta":[],"_links":{"self":[{"href":"https:\/\/tigea-shop.si\/hu\/wp-json\/wp\/v2\/product\/3110"}],"collection":[{"href":"https:\/\/tigea-shop.si\/hu\/wp-json\/wp\/v2\/product"}],"about":[{"href":"https:\/\/tigea-shop.si\/hu\/wp-json\/wp\/v2\/types\/product"}],"wp:featuredmedia":[{"embeddable":true,"href":"https:\/\/tigea-shop.si\/hu\/wp-json\/wp\/v2\/media\/3111"}],"wp:attachment":[{"href":"https:\/\/tigea-shop.si\/hu\/wp-json\/wp\/v2\/media?parent=3110"}],"curies":[{"name":"wp","href":"https:\/\/api.w.org\/{rel}","templated":true}]}}