{"id":3117,"date":"2023-04-04T20:49:26","date_gmt":"2023-04-04T18:49:26","guid":{"rendered":"https:\/\/tigea-shop.si\/?post_type=product&#038;p=3117"},"modified":"2023-04-04T20:49:26","modified_gmt":"2023-04-04T18:49:26","slug":"hidravlicni-napenjalec-vzmeti-1t","status":"publish","type":"product","link":"https:\/\/tigea-shop.si\/hu\/izdelek\/hidravlicni-napenjalec-vzmeti-1t\/","title":{"rendered":"Hidravli\u010dni napenjalec vzmeti 1t"},"content":{"rendered":"<p>Napenjalec se uporablja za zamenjavo vzmeti vozila. Izdelek je izdelan iz masivnih profilov. Vzmet stisne hidravli\u010dni bat. Uporablja se lahko tako na celotnem avtomobilu (ni treba razstaviti podvozja) kot pri razstavljenem podvozju. Naprava je trpe\u017ena, enostavne gradnje in prenosna.<\/p>\n<p><strong>Lastnosti izdelka<\/strong><\/p>\n<ul>\n<li>hidravli\u010dna no\u017ena \u010drpalka z najve\u010djim podalj\u0161kom\u00a0<strong>325 mm<\/strong><\/li>\n<li>priro\u010den pedal za \u010drpanje in odtok<\/li>\n<li><strong>7<\/strong>-stopenjska nastavitev z nastavitvijo dol\u017eine vzmeti<\/li>\n<li>premer podprtih vzmeti:\u00a0<strong>100 &#8211; 250 mm<\/strong><\/li>\n<li>najve\u010dji premer stisnjene vzmeti\u00a0<strong>400 mm<\/strong><\/li>\n<li>visoka kvaliteta<\/li>\n<li>Certifikat CE<\/li>\n<\/ul>\n<p><strong>Komponente kompleta<\/strong><\/p>\n<ul>\n<li>izvle\u010dni okvir z vgrajenim pogonom<\/li>\n<li><strong>2<\/strong>\u00a0jeklena kota, pritrjena na podlago<\/li>\n<li>no\u017eni pedal do pogona<\/li>\n<li>nastavljiv nosilec vzmeti<\/li>\n<li>zgornji in spodnji nosilec<\/li>\n<\/ul>\n","protected":false},"excerpt":{"rendered":"<p>Napenjalec se uporablja za zamenjavo vzmeti vozila. Izdelek je izdelan iz masivnih profilov. Vzmet stisne hidravli\u010dni bat. Uporablja se lahko tako na celotnem avtomobilu (ni treba razstaviti podvozja) kot pri razstavljenem podvozju. Naprava je trpe\u017ena, enostavne gradnje in prenosna. Lastnosti izdelka hidravli\u010dna no\u017ena \u010drpalka z najve\u010djim podalj\u0161kom\u00a0325 mm priro\u010den pedal za \u010drpanje in odtok 7-stopenjska &hellip; <br \/><a href=\"https:\/\/tigea-shop.si\/hu\/izdelek\/hidravlicni-napenjalec-vzmeti-1t\/\" class=\"more-link\">Continue reading <span class=\"screen-reader-text\">Hidravli\u010dni napenjalec vzmeti 1t<\/span><\/a><\/p>\n","protected":false},"featured_media":3118,"template":"","meta":[],"_links":{"self":[{"href":"https:\/\/tigea-shop.si\/hu\/wp-json\/wp\/v2\/product\/3117"}],"collection":[{"href":"https:\/\/tigea-shop.si\/hu\/wp-json\/wp\/v2\/product"}],"about":[{"href":"https:\/\/tigea-shop.si\/hu\/wp-json\/wp\/v2\/types\/product"}],"wp:featuredmedia":[{"embeddable":true,"href":"https:\/\/tigea-shop.si\/hu\/wp-json\/wp\/v2\/media\/3118"}],"wp:attachment":[{"href":"https:\/\/tigea-shop.si\/hu\/wp-json\/wp\/v2\/media?parent=3117"}],"curies":[{"name":"wp","href":"https:\/\/api.w.org\/{rel}","templated":true}]}}