{"id":3562,"date":"2023-10-21T17:45:24","date_gmt":"2023-10-21T15:45:24","guid":{"rendered":"https:\/\/tigea-shop.si\/?post_type=product&#038;p=3562"},"modified":"2023-10-21T17:45:25","modified_gmt":"2023-10-21T15:45:25","slug":"snemalec-nosilca-brisalcev","status":"publish","type":"product","link":"https:\/\/tigea-shop.si\/hu\/izdelek\/snemalec-nosilca-brisalcev\/","title":{"rendered":"Snemalec nosilca brisalcev"},"content":{"rendered":"<p>Ve\u010dnamenski snemalec za demonta\u017eo rok brisalcev avtomobila, objemk akumulatorjev, le\u017eajev alternatorja, majhnih zobnikov, pu\u0161 itd. Primarno narejen za odstranjevanje sponk akumulatorja in brisalcev. Z obra\u010danjem sredinskega vijaka dvignete sponko s terminala in ro\u010dice brisalcev vetrobranskega stekla. \u0160irina razmika med vle\u010dnimi rokami: 6 &#8211; 28 mm<\/p>\n<p>Specifikacije Premer 43 mm<\/p>\n<p>Delovno obmo\u010dje 6 &#8211; 28 mm<\/p>\n<p>Te\u017ea 0,47 kg<\/p>\n<p>Material Jeklo<\/p>\n","protected":false},"excerpt":{"rendered":"<p>Ve\u010dnamenski snemalec za demonta\u017eo rok brisalcev avtomobila, objemk akumulatorjev, le\u017eajev alternatorja, majhnih zobnikov, pu\u0161 itd. Primarno narejen za odstranjevanje sponk akumulatorja in brisalcev. Z obra\u010danjem sredinskega vijaka dvignete sponko s terminala in ro\u010dice brisalcev vetrobranskega stekla. \u0160irina razmika med vle\u010dnimi rokami: 6 &#8211; 28 mm Specifikacije Premer 43 mm Delovno obmo\u010dje 6 &#8211; 28 mm &hellip; <br \/><a href=\"https:\/\/tigea-shop.si\/hu\/izdelek\/snemalec-nosilca-brisalcev\/\" class=\"more-link\">Continue reading <span class=\"screen-reader-text\">Snemalec nosilca brisalcev<\/span><\/a><\/p>\n","protected":false},"featured_media":3563,"template":"","meta":[],"_links":{"self":[{"href":"https:\/\/tigea-shop.si\/hu\/wp-json\/wp\/v2\/product\/3562"}],"collection":[{"href":"https:\/\/tigea-shop.si\/hu\/wp-json\/wp\/v2\/product"}],"about":[{"href":"https:\/\/tigea-shop.si\/hu\/wp-json\/wp\/v2\/types\/product"}],"wp:featuredmedia":[{"embeddable":true,"href":"https:\/\/tigea-shop.si\/hu\/wp-json\/wp\/v2\/media\/3563"}],"wp:attachment":[{"href":"https:\/\/tigea-shop.si\/hu\/wp-json\/wp\/v2\/media?parent=3562"}],"curies":[{"name":"wp","href":"https:\/\/api.w.org\/{rel}","templated":true}]}}