{"id":3969,"date":"2024-05-09T07:45:06","date_gmt":"2024-05-09T05:45:06","guid":{"rendered":"https:\/\/tigea-shop.si\/?post_type=product&#038;p=3969"},"modified":"2024-05-09T07:45:07","modified_gmt":"2024-05-09T05:45:07","slug":"set-velikih-vilicasto-obrocnih-kljucev-6-delni-34-50-mm","status":"publish","type":"product","link":"https:\/\/tigea-shop.si\/hu\/izdelek\/set-velikih-vilicasto-obrocnih-kljucev-6-delni-34-50-mm\/","title":{"rendered":"Set velikih vili\u010dasto obro\u010dnih klju\u010dev 6 delni  34 &#8211; 50 mm"},"content":{"rendered":"<p>Komplet VELIKIH vili\u010dasto-obro\u010dnih klju\u010dev je primeren za vsakega mojstra. Set se lahko uporablja za izvajanje strokovnih del ali pa uporabo v doma\u010di delavnici.<\/p>\n<h4><span>Tehni\u010dne specifikacije:<\/span><\/h4>\n<p><span>Material:\u00a0<\/span><strong><span>CrV jeklo<\/span><\/strong><\/p>\n<p><span>\u0160tevilo kosov:\u00a0<\/span><strong><span>6<\/span><\/strong><\/p>\n<p><span>Velikosti klju\u010dev:\u00a0<\/span><strong><span>34, 36, 38, 41, 46, 50 mm<\/span><\/strong><\/p>\n","protected":false},"excerpt":{"rendered":"<p>Komplet VELIKIH vili\u010dasto-obro\u010dnih klju\u010dev je primeren za vsakega mojstra. Set se lahko uporablja za izvajanje strokovnih del ali pa uporabo v doma\u010di delavnici. Tehni\u010dne specifikacije: Material:\u00a0CrV jeklo \u0160tevilo kosov:\u00a06 Velikosti klju\u010dev:\u00a034, 36, 38, 41, 46, 50 mm<\/p>\n","protected":false},"featured_media":3970,"template":"","meta":[],"_links":{"self":[{"href":"https:\/\/tigea-shop.si\/hu\/wp-json\/wp\/v2\/product\/3969"}],"collection":[{"href":"https:\/\/tigea-shop.si\/hu\/wp-json\/wp\/v2\/product"}],"about":[{"href":"https:\/\/tigea-shop.si\/hu\/wp-json\/wp\/v2\/types\/product"}],"wp:featuredmedia":[{"embeddable":true,"href":"https:\/\/tigea-shop.si\/hu\/wp-json\/wp\/v2\/media\/3970"}],"wp:attachment":[{"href":"https:\/\/tigea-shop.si\/hu\/wp-json\/wp\/v2\/media?parent=3969"}],"curies":[{"name":"wp","href":"https:\/\/api.w.org\/{rel}","templated":true}]}}