{"id":4138,"date":"2024-11-23T09:42:46","date_gmt":"2024-11-23T08:42:46","guid":{"rendered":"https:\/\/tigea-shop.si\/?post_type=product&#038;p=4138"},"modified":"2024-11-23T09:42:46","modified_gmt":"2024-11-23T08:42:46","slug":"tester-sob-injektorjev-pod-pritiskom-do-600-barov","status":"publish","type":"product","link":"https:\/\/tigea-shop.si\/hu\/izdelek\/tester-sob-injektorjev-pod-pritiskom-do-600-barov\/","title":{"rendered":"Tester \u0161ob injektorjev pod pritiskom do 600 barov"},"content":{"rendered":"<h2 class=\"section-title\">Opis<\/h2>\n<p>Tester \u0161ob do 600 barov, zasnovan za presku\u0161anje injektorjev pod pritiskom.<\/p>\n<p>Tester \u0161ob za vbrizg goriva je izdelan iz visokokakovostnih materialov, ki zagotavljajo dolgo \u017eivljenjsko dobo. Ima trdno aluminijasto ohi\u0161je, manometer iz nerjave\u010dega jekla in prozorno plasti\u010dno posodo za olje s filtrom.<\/p>\n<p>Z merilnikom tlaka lahko merite v obmo\u010dju \u00a00-60 MPa (0-600 barov \/ 0-8000 psi). Tester ima posodo za gorivo 0,8 l s 5-mikronskim originalnim Boschevim filtrom, kar omogo\u010da natan\u010dne preizkuse odpiralnih tlakov injektorjev in ventilov. Merilnik tlaka goriva ima kompaktno strukturo, trosmerni zaporni ventil, trdno pritrdilno podlago in bat\u00a0 za \u010drpanje pod visokim tlakom. S testerjem lahko izvedemo razli\u010dne mehanske preskuse vbrizgalnikov goriva. Tako lahko opravimo preskus odpiranja, preskus pu\u0161\u010danja, preizkus pr\u0161enja, opazovaje oblike pr\u0161enega goriva, tla\u010dni preizkus itd<\/p>\n","protected":false},"excerpt":{"rendered":"<p>Opis Tester \u0161ob do 600 barov, zasnovan za presku\u0161anje injektorjev pod pritiskom. Tester \u0161ob za vbrizg goriva je izdelan iz visokokakovostnih materialov, ki zagotavljajo dolgo \u017eivljenjsko dobo. Ima trdno aluminijasto ohi\u0161je, manometer iz nerjave\u010dega jekla in prozorno plasti\u010dno posodo za olje s filtrom. Z merilnikom tlaka lahko merite v obmo\u010dju \u00a00-60 MPa (0-600 barov \/ &hellip; <br \/><a href=\"https:\/\/tigea-shop.si\/hu\/izdelek\/tester-sob-injektorjev-pod-pritiskom-do-600-barov\/\" class=\"more-link\">Continue reading <span class=\"screen-reader-text\">Tester \u0161ob injektorjev pod pritiskom do 600 barov<\/span><\/a><\/p>\n","protected":false},"featured_media":4139,"template":"","meta":[],"_links":{"self":[{"href":"https:\/\/tigea-shop.si\/hu\/wp-json\/wp\/v2\/product\/4138"}],"collection":[{"href":"https:\/\/tigea-shop.si\/hu\/wp-json\/wp\/v2\/product"}],"about":[{"href":"https:\/\/tigea-shop.si\/hu\/wp-json\/wp\/v2\/types\/product"}],"wp:featuredmedia":[{"embeddable":true,"href":"https:\/\/tigea-shop.si\/hu\/wp-json\/wp\/v2\/media\/4139"}],"wp:attachment":[{"href":"https:\/\/tigea-shop.si\/hu\/wp-json\/wp\/v2\/media?parent=4138"}],"curies":[{"name":"wp","href":"https:\/\/api.w.org\/{rel}","templated":true}]}}