{"id":4153,"date":"2024-11-23T10:10:07","date_gmt":"2024-11-23T09:10:07","guid":{"rendered":"https:\/\/tigea-shop.si\/?post_type=product&#038;p=4153"},"modified":"2024-11-23T10:10:07","modified_gmt":"2024-11-23T09:10:07","slug":"rocica-z-zglobom-1-2-375mm","status":"publish","type":"product","link":"https:\/\/tigea-shop.si\/hu\/izdelek\/rocica-z-zglobom-1-2-375mm\/","title":{"rendered":"Ro\u010dica z zglobom 1\/2&#8243; 375mm"},"content":{"rendered":"<p>Kratek vzvod (ro\u010dica \/ palica) z zglobom za nasadne klju\u010de (gedore) je izdelana iz krom-vanadijevega (Cr-V) jekla, utrjena in dodatno kaljena. Kombinacija teh dveh na\u010dinov obdelave jekla zagotavlja tako izjemno trdoto kot tudi elasti\u010dnost materiala, odpornega na deformacije med obremenitvami.<\/p>\n<p>Kromirana in polirana prevleka zagotavlja odpornost na praske, sekanje in podplutbe ter tako \u0161\u010diti pred nastankom korozijskih sredi\u0161\u010d.<\/p>\n<p>Vzvod je primeren za nasadne klju\u010de s priklju\u010dkom\u00a0<strong>1\/2&#8243;<\/strong>.\u00a0Glava na zgibnem sklepu se lahko nagiba za 180 stopinj. Dol\u017eina <b>375 mm <\/b>olaj\u0161a zategovanje v omejenem prostoru.<\/p>\n","protected":false},"excerpt":{"rendered":"<p>Kratek vzvod (ro\u010dica \/ palica) z zglobom za nasadne klju\u010de (gedore) je izdelana iz krom-vanadijevega (Cr-V) jekla, utrjena in dodatno kaljena. Kombinacija teh dveh na\u010dinov obdelave jekla zagotavlja tako izjemno trdoto kot tudi elasti\u010dnost materiala, odpornega na deformacije med obremenitvami. Kromirana in polirana prevleka zagotavlja odpornost na praske, sekanje in podplutbe ter tako \u0161\u010diti pred &hellip; <br \/><a href=\"https:\/\/tigea-shop.si\/hu\/izdelek\/rocica-z-zglobom-1-2-375mm\/\" class=\"more-link\">Continue reading <span class=\"screen-reader-text\">Ro\u010dica z zglobom 1\/2&#8243; 375mm<\/span><\/a><\/p>\n","protected":false},"featured_media":4154,"template":"","meta":[],"_links":{"self":[{"href":"https:\/\/tigea-shop.si\/hu\/wp-json\/wp\/v2\/product\/4153"}],"collection":[{"href":"https:\/\/tigea-shop.si\/hu\/wp-json\/wp\/v2\/product"}],"about":[{"href":"https:\/\/tigea-shop.si\/hu\/wp-json\/wp\/v2\/types\/product"}],"wp:featuredmedia":[{"embeddable":true,"href":"https:\/\/tigea-shop.si\/hu\/wp-json\/wp\/v2\/media\/4154"}],"wp:attachment":[{"href":"https:\/\/tigea-shop.si\/hu\/wp-json\/wp\/v2\/media?parent=4153"}],"curies":[{"name":"wp","href":"https:\/\/api.w.org\/{rel}","templated":true}]}}