{"id":4502,"date":"2025-10-03T13:34:43","date_gmt":"2025-10-03T11:34:43","guid":{"rendered":"https:\/\/tigea-shop.si\/?post_type=product&#038;p=4502"},"modified":"2026-02-25T08:37:33","modified_gmt":"2026-02-25T07:37:33","slug":"vozicek-z-orodjem-retter-r11","status":"publish","type":"product","link":"https:\/\/tigea-shop.si\/hu\/izdelek\/vozicek-z-orodjem-retter-r11\/","title":{"rendered":"VOZI\u010cEK Z ORODJEM RETTER R11"},"content":{"rendered":"<p><span dir=\"auto\">Vozi\u010dek z orodjem RETTER R11 ponuja vse, kar profesionalci in ambiciozni doma\u010di mojstri potrebujejo za vsakodnevno uporabo. Zahvaljujo\u010d robustni konstrukciji, centralnemu zaklepnemu mehanizmu in ergonomskim detajlom zagotavlja maksimalno varnost in udobje. Vse orodje je shranjeno v visokokakovostnih mehkih vlo\u017ekih, ki ne le ustvarjajo red, temve\u010d omogo\u010dajo tudi hiter dostop do vsakega orodja.<\/span><\/p>\n<ul>\n<li><span dir=\"auto\">Visokokakovostni mehki vlo\u017eki za popoln pregled orodja<\/span><\/li>\n<li><span dir=\"auto\">Obse\u017eno opremljena: raglje, obro\u010dni klju\u010di, izvija\u010di, kle\u0161\u010de, kladiva, nastavki in specialno orodje<\/span><\/li>\n<li><span dir=\"auto\">Robustna konstrukcija za delavnice, industrijo in obrt<\/span><\/li>\n<li><span dir=\"auto\">Ergonomski ro\u010daj<\/span><\/li>\n<\/ul>\n<p><strong><span dir=\"auto\">Vsebina:<\/span><\/strong><\/p>\n<p><strong><span dir=\"auto\">1. Vlo\u017eek \u2013 \u0161katla z ragljo in nastavki<\/span><\/strong><\/p>\n<ul>\n<li><span dir=\"auto\">3x reverzibilne raglje (1\/4&#8243;, 3\/8&#8243;, 1\/2&#8243;)<\/span><\/li>\n<li><span dir=\"auto\">2x ro\u010daja izvija\u010da za nastavke<\/span><\/li>\n<li><span dir=\"auto\">Razli\u010dni podalj\u0161ki (kratki\/dolgi)<\/span><\/li>\n<li><span dir=\"auto\">Kardanski zglobi \/ potisni ro\u010daj<\/span><\/li>\n<li><span dir=\"auto\">Veliki in majhni nastavki (\u0161estkotni, 1\/4&#8243;\u20131\/2&#8243;)<\/span><\/li>\n<li><span dir=\"auto\">Nastavki za sve\u010dke (dolgi)<\/span><\/li>\n<li><span dir=\"auto\">Komplet nastavkov z adapterjem (Torx, Allen, Phillips, z re\u017eo itd.)<\/span><\/li>\n<li><span dir=\"auto\">Zunanji nastavki Torx (E-profil)<\/span><\/li>\n<li><span dir=\"auto\">Inbus klju\u010d (kotni)<\/span><\/li>\n<\/ul>\n<p><strong><span dir=\"auto\">2. Vlo\u017eek \u2013 Bit in posebni nastavki<\/span><\/strong><\/p>\n<ul>\n<li><span dir=\"auto\">Kratki nastavki (z re\u017eo, PH, PZ, Torx, Allen, ve\u010dzobni)<\/span><\/li>\n<li><span dir=\"auto\">Dolgi nastavki (Torx T10\u2013T70, Allen H3\u2013H14, ve\u010dzobni M4\u2013M18)<\/span><\/li>\n<li><span dir=\"auto\">Zunanji vstavki Torx (E-profil)<\/span><\/li>\n<li><span dir=\"auto\">Posebni nastavki (varnostni Torx, klju\u010d itd.)<\/span><\/li>\n<li><span dir=\"auto\">Podalj\u0161ki in adapterji<\/span><\/li>\n<li><span dir=\"auto\">Precizni nastavki (majhna vrstica zgoraj desno)<\/span><\/li>\n<\/ul>\n<p><strong><span dir=\"auto\">3. Vlo\u017eek \u2013 vili\u010dasti\/obro\u010dni klju\u010d<\/span><\/strong><\/p>\n<ul>\n<li><span dir=\"auto\">Posamezni klju\u010di od 6 do 24 mm<\/span><\/li>\n<li><span dir=\"auto\">Dvojni odprti klju\u010d:<\/span><\/li>\n<li><span dir=\"auto\">7\u00d78, 8\u00d79, 10\u00d711, 12\u00d713, 14\u00d715, 18\u00d717, 18\u00d719, 20\u00d722, 21\u00d723, 24\u00d727<\/span><\/li>\n<\/ul>\n<p><strong><span dir=\"auto\">4. Vlo\u017eek \u2013 Ukrivljeni obro\u010dni klju\u010di<\/span><\/strong><\/p>\n<ul>\n<li><span dir=\"auto\">Ukrivljeni obro\u010dni klju\u010di (dvojne velikosti):<\/span><\/li>\n<li><span dir=\"auto\">8\u00d710, 9\u00d711, 10\u00d712, 11\u00d713, 12\u00d713, 13\u00d714, 14\u00d715, 15\u00d717, 16\u00d717, 17\u00d719, 18\u00d719, 21\u00d722<\/span><\/li>\n<\/ul>\n<p><strong><span dir=\"auto\">5. Vlo\u017eek \u2013 komplet izvija\u010dev<\/span><\/strong><\/p>\n<ul>\n<li><span dir=\"auto\">Torx: T15, T20, T25, T27, T30, T40, T45<\/span><\/li>\n<li><span dir=\"auto\">Phillips (PH): PH0, PH1, PH2, PH3<\/span><\/li>\n<li><span dir=\"auto\">Pozidriv (PZ): PZ1, PZ2<\/span><\/li>\n<li><span dir=\"auto\">Re\u017ea (SL): SL3, SL4, SL5.5, SL6.5, SL8<\/span><\/li>\n<\/ul>\n<p><strong><span dir=\"auto\">6. Vlo\u017eek \u2013 klju\u010d s T-ro\u010dajem (Torx in Allen)<\/span><\/strong><\/p>\n<ul>\n<li><span dir=\"auto\">Torx T-ro\u010daj: T10, T15, T20, T25, T27, T30, T40, T45, T50<\/span><\/li>\n<li><span dir=\"auto\">Imbusov T-ro\u010daj: H2,5, H3, H4, H5, H6, H7, H8, H10<\/span><\/li>\n<\/ul>\n<p><strong><span dir=\"auto\">7. Vstavljanje \u2013 kle\u0161\u010de, kladiva in prebijala<\/span><\/strong><\/p>\n<ul>\n<li><span dir=\"auto\">Kle\u0161\u010de z ozkim nosom (ravne in ukrivljene)<\/span><\/li>\n<li><span dir=\"auto\">Kle\u0161\u010de za vodno \u010drpalko (10&#8243;)<\/span><\/li>\n<li><span dir=\"auto\">Kle\u0161\u010de za prijemanje (kle\u0161\u010de za zaklepanje)<\/span><\/li>\n<li><span dir=\"auto\">Kombinirane kle\u0161\u010de, stranski \u0161\u010dipalniki<\/span><\/li>\n<li><span dir=\"auto\">Kle\u0161\u010de za varovalne obro\u010dke (4x: notranje\/zunanje, ravne\/ukrivljene)<\/span><\/li>\n<li><span dir=\"auto\">Kladivo z mehko povr\u0161ino (40 mm)<\/span><\/li>\n<li><span dir=\"auto\">Klju\u010davni\u010darsko kladivo (300 g)<\/span><\/li>\n<li><span dir=\"auto\">Komplet dleta\/prebijala: 3, 4, 5, 6, 8, 10 mm<\/span><\/li>\n<\/ul>\n<p><strong><span dir=\"auto\">8. Vlo\u017eek \u2013 Posebna orodja za olje in zavore<\/span><\/strong><\/p>\n<ul>\n<li><span dir=\"auto\">Pokrov\u010dki oljnega filtra (skodeli\u010dni, razli\u010dne velikosti)<\/span><\/li>\n<li><span dir=\"auto\">Klju\u010d za oljni filter za verigo in trak<\/span><\/li>\n<li><span dir=\"auto\">Vti\u010dnice za oljni filter (razli\u010dne velikosti)<\/span><\/li>\n<li><span dir=\"auto\">Komplet za ponastavitev zavornega bata (adapterske plo\u0161\u010de pribli\u017eno 12 kosov)<\/span><\/li>\n<li><span dir=\"auto\">Vreteno zavornega bata<\/span><\/li>\n<li><span dir=\"auto\">Plasti\u010dne ro\u010dice za demonta\u017eo (pribli\u017eno 4 kosi)<\/span><\/li>\n<li><span dir=\"auto\">Dodatni posebni adapterji za zaviranje<\/span><\/li>\n<\/ul>\n","protected":false},"excerpt":{"rendered":"<p>Vozi\u010dek z orodjem RETTER R11 ponuja vse, kar profesionalci in ambiciozni doma\u010di mojstri potrebujejo za vsakodnevno uporabo. Zahvaljujo\u010d robustni konstrukciji, centralnemu zaklepnemu mehanizmu in ergonomskim detajlom zagotavlja maksimalno varnost in udobje. Vse orodje je shranjeno v visokokakovostnih mehkih vlo\u017ekih, ki ne le ustvarjajo red, temve\u010d omogo\u010dajo tudi hiter dostop do vsakega orodja. Visokokakovostni mehki vlo\u017eki &hellip; <br \/><a href=\"https:\/\/tigea-shop.si\/hu\/izdelek\/vozicek-z-orodjem-retter-r11\/\" class=\"more-link\">Continue reading <span class=\"screen-reader-text\">VOZI\u010cEK Z ORODJEM RETTER R11<\/span><\/a><\/p>\n","protected":false},"featured_media":4503,"template":"","meta":[],"_links":{"self":[{"href":"https:\/\/tigea-shop.si\/hu\/wp-json\/wp\/v2\/product\/4502"}],"collection":[{"href":"https:\/\/tigea-shop.si\/hu\/wp-json\/wp\/v2\/product"}],"about":[{"href":"https:\/\/tigea-shop.si\/hu\/wp-json\/wp\/v2\/types\/product"}],"wp:featuredmedia":[{"embeddable":true,"href":"https:\/\/tigea-shop.si\/hu\/wp-json\/wp\/v2\/media\/4503"}],"wp:attachment":[{"href":"https:\/\/tigea-shop.si\/hu\/wp-json\/wp\/v2\/media?parent=4502"}],"curies":[{"name":"wp","href":"https:\/\/api.w.org\/{rel}","templated":true}]}}