{"id":4611,"date":"2026-01-09T07:38:23","date_gmt":"2026-01-09T06:38:23","guid":{"rendered":"https:\/\/tigea-shop.si\/?post_type=product&#038;p=4611"},"modified":"2026-02-18T08:00:53","modified_gmt":"2026-02-18T07:00:53","slug":"delavniska-omara-3300-x-480-x-1905-mm","status":"publish","type":"product","link":"https:\/\/tigea-shop.si\/hu\/izdelek\/delavniska-omara-3300-x-480-x-1905-mm\/","title":{"rendered":"Delavni\u0161ka omara-3300 x 480 x 1905 mm"},"content":{"rendered":"<p><span dir=\"auto\">Sistem omar za delavnico\u00a0 z LED osvetlitvijo in podalj\u0161kom:<\/span><br \/>\n<span dir=\"auto\">Omara je idealna re\u0161itev za vse, ki cenijo profesionalno organizirano delavnico. S 16 usklajenimi komponentami ponuja veliko prostora za shranjevanje, trdno delovno povr\u0161ino in prakti\u010dne dodatke, kot sta integriran podalj\u0161ek in LED osvetlitev.<\/span><\/p>\n<p><span dir=\"auto\">Sestavine kompleta:<\/span><\/p>\n<p><span dir=\"auto\">2x visoka omara, 2-vratna (745 \u00d7 480 \u00d7 1905 mm)<\/span><\/p>\n<p><span dir=\"auto\">1x spodnja omarica, 2-vratna (600 \u00d7 410 \u00d7 840 mm)<\/span><\/p>\n<p><span dir=\"auto\">1x omarica za orodje s 4 predali (530 \u00d7 410 \u00d7 810 mm)<\/span><\/p>\n<p><span dir=\"auto\">1x spodnja omarica z 2 vrati in 1 predalom (600 \u00d7 410 \u00d7 840 mm)<\/span><\/p>\n<p><span dir=\"auto\">1x masivna delovna plo\u0161\u010da (1805 \u00d7 410 \u00d7 25 mm)<\/span><\/p>\n<p><span dir=\"auto\">3x perforirana plo\u0161\u010da (600 \u00d7 25 \u00d7 670 mm)<\/span><\/p>\n<p><span dir=\"auto\">3x stenske omarice s spu\u0161\u010dajo\u010dimi se vrati (600 \u00d7 300 \u00d7 400 mm), od katerih 2 imata plinske vzmeti<\/span><\/p>\n<p><span dir=\"auto\">Zna\u010dilnosti:<\/span><\/p>\n<p><span dir=\"auto\">Vgrajen podalj\u0161ek za neposredno priklju\u010ditev naprav<\/span><\/p>\n<p><span dir=\"auto\">LED osvetlitev za optimalno osvetlitev delovnega obmo\u010dja<\/span><\/p>\n<p><span dir=\"auto\">Tehni\u010dni podatki<\/span><\/p>\n<p><span dir=\"auto\">: Konstrukcija: prostostoje\u010da Prilagodljiva postavitev, monta\u017ea na steno ni potrebna.<\/span><\/p>\n<p><span dir=\"auto\">Delovna povr\u0161ina: 3 masivne lesene plo\u0161\u010de, vsaka debeline 25 mm.<\/span><\/p>\n<p><span dir=\"auto\">Hrbti\u0161\u010da: vse omarice z upravljanjem kablov.<\/span><\/p>\n<p><span dir=\"auto\">Material: visokokakovostno pra\u0161no barvano jeklo.<\/span><\/p>\n<p><span dir=\"auto\">Debelina materiala: 0,9 mm.<\/span><\/p>\n<p><span dir=\"auto\">Nosilnost: visoka nosilnost, primerno za vsakodnevno uporabo v delavnici.<\/span><\/p>\n","protected":false},"excerpt":{"rendered":"<p>Sistem omar za delavnico\u00a0 z LED osvetlitvijo in podalj\u0161kom: Omara je idealna re\u0161itev za vse, ki cenijo profesionalno organizirano delavnico. S 16 usklajenimi komponentami ponuja veliko prostora za shranjevanje, trdno delovno povr\u0161ino in prakti\u010dne dodatke, kot sta integriran podalj\u0161ek in LED osvetlitev. Sestavine kompleta: 2x visoka omara, 2-vratna (745 \u00d7 480 \u00d7 1905 mm) 1x &hellip; <br \/><a href=\"https:\/\/tigea-shop.si\/hu\/izdelek\/delavniska-omara-3300-x-480-x-1905-mm\/\" class=\"more-link\">Continue reading <span class=\"screen-reader-text\">Delavni\u0161ka omara-3300 x 480 x 1905 mm<\/span><\/a><\/p>\n","protected":false},"featured_media":4773,"template":"","meta":[],"_links":{"self":[{"href":"https:\/\/tigea-shop.si\/hu\/wp-json\/wp\/v2\/product\/4611"}],"collection":[{"href":"https:\/\/tigea-shop.si\/hu\/wp-json\/wp\/v2\/product"}],"about":[{"href":"https:\/\/tigea-shop.si\/hu\/wp-json\/wp\/v2\/types\/product"}],"wp:featuredmedia":[{"embeddable":true,"href":"https:\/\/tigea-shop.si\/hu\/wp-json\/wp\/v2\/media\/4773"}],"wp:attachment":[{"href":"https:\/\/tigea-shop.si\/hu\/wp-json\/wp\/v2\/media?parent=4611"}],"curies":[{"name":"wp","href":"https:\/\/api.w.org\/{rel}","templated":true}]}}