{"id":1503,"date":"2021-01-29T19:54:23","date_gmt":"2021-01-29T18:54:23","guid":{"rendered":"https:\/\/tigea-shop.si\/?post_type=product&#038;p=1503"},"modified":"2023-05-01T19:03:20","modified_gmt":"2023-05-01T17:03:20","slug":"set-gedora-171-delni","status":"publish","type":"product","link":"https:\/\/tigea-shop.si\/it\/izdelek\/set-gedora-171-delni\/","title":{"rendered":"Set Gedora 171 delni"},"content":{"rendered":"<p>Profesionalni komplet orodij, ki je bil razvit za potrebe specializiranih avtomobilskih in mehanskih storitev.\u00a0Klju\u010di za pritrditev in pogon vti\u010dnic so izdelani iz trpe\u017enega orodja CrV 50BV3 krom-vanadijevo jeklo.<\/p>\n<p>Novo<\/p>\n<p>Uporabite PROFESSIONAL<\/p>\n<p><strong>1\/4 &#8220;DR. Globoka vti\u010dnica 4-5-6-7-8-9-10 mm<br \/>\n1\/4&#8221; DR.\u00a0E-vti\u010dnica E4-E5-E6-E7-E8<br \/>\n1\/4 &#8220;DR Podalj\u0161ana\u00a0letev\u00a050 mm<br \/>\n1\/4&#8221; DR Obi\u010dajna podalj\u0161ka 100 mm<br \/>\n1\/4 &#8220;DR-vti\u010dnica T8-9-10-15-20-25 -27-30<br \/>\n1\/4 &#8220;DR.\u00a0Vti\u010dnica T (H) 8-9-10-15-20-25-27-30<br \/>\n1\/4 &#8220;DR Vti\u010dnica PZ0-1-2<br \/>\n1\/4&#8221; DR.\u00a0Bitna vti\u010dnica H3-4-5-6<br \/>\n1\/4 &#8220;DR. Bitna vti\u010dnica SL4-5-6.5-7<br \/>\n1\/4&#8221; DR.\u00a0Bitna vti\u010dnica PH0-1-2<br \/>\n1\/4 &#8220;DR Univerzalni zglob<br \/>\n1\/4&#8221; DR.\u00a0Spinner Ro\u010daj 150 mm<br \/>\n1\/4 &#8220;DR. Ro\u010daj z ragljo 145 mm, 72T<br \/>\n1\/4&#8221; DR.\u00a0Drsni T-drog 110 mm<br \/>\n3\/8 &#8220;DR. Vti\u010dnica 10-11-12-13-14-15-16-17-18-19mm<br \/>\n3\/8&#8221; DR.\u00a0Globoka vti\u010dnica 10-11-12-13-14-15<br \/>\n3\/8 &#8220;DR.<\/strong><\/p>\n<p>3\/8 &#8220;DR. Ro\u010dka z ragljo 200 mm, 72T<br \/>\n3\/8&#8221; DR.\u00a0Vti\u010dnica v\u017eigalne sve\u010dke 18 mm<br \/>\n3\/8 &#8220;DR Nastavki za nastavke 8 mm<br \/>\n3\/8&#8221; DR.\u00a0Univerzalni zglob<br \/>\n1\/2 &#8220;DR. Vti\u010dnica 10-11-12-13-14-15-16-17-18-19-20-21-22-24-27-30-32mm<br \/>\n1\/2&#8221; DR globoka vti\u010dnica 16 -17-18-19-22 mm<br \/>\n1\/2 &#8220;E vti\u010dnica E20-E24mm<br \/>\n1\/2&#8221; DR.\u00a0Vti\u010dnica v\u017eigalne sve\u010dke 16-21 mm<br \/>\n1\/2 &#8220;DR Vojni podalj\u0161ek 125, 250 mm<br \/>\n1\/2&#8221; DR.\u00a0Trosmerni adapter<br \/>\n1\/2 &#8220;DR Ratchet ro\u010daj 250 mm, 72T<br \/>\n1\/2&#8221; DR.\u00a0Univerzalni zglob<br \/>\n1\/2 &#8220;DR-<br \/>\nnastavki za nastavke\u00a08 mm,\u00a0nastavki\u00a08\u00a0mmx30\u00a0mm\u00a0L: T40-45-50-65-60-70; T (H) 40-45-50-55-60-70; HW7-8-10-12 -14 mm; PH3-4; SL8-10-12; \u0160esterokutni<br \/>\nklju\u010d PZ3-4: 1,27-1,5-2-2,5-3-4-5<br \/>\nBit 14 &#8220;x25 mm L: M5-6-8; T (H) 7 ;\u00a0T5-6-7;\u00a0RM5-6-7-8-9;\u00a0TS10-15-20-25-27-30-40-45<\/p>\n","protected":false},"excerpt":{"rendered":"<p>Profesionalni komplet orodij, ki je bil razvit za potrebe specializiranih avtomobilskih in mehanskih storitev.\u00a0Klju\u010di za pritrditev in pogon vti\u010dnic so izdelani iz trpe\u017enega orodja CrV 50BV3 krom-vanadijevo jeklo. Novo Uporabite PROFESSIONAL 1\/4 &#8220;DR. Globoka vti\u010dnica 4-5-6-7-8-9-10 mm 1\/4&#8221; DR.\u00a0E-vti\u010dnica E4-E5-E6-E7-E8 1\/4 &#8220;DR Podalj\u0161ana\u00a0letev\u00a050 mm 1\/4&#8221; DR Obi\u010dajna podalj\u0161ka 100 mm 1\/4 &#8220;DR-vti\u010dnica T8-9-10-15-20-25 -27-30 1\/4 &hellip; <br \/><a href=\"https:\/\/tigea-shop.si\/it\/izdelek\/set-gedora-171-delni\/\" class=\"more-link\">Continue reading <span class=\"screen-reader-text\">Set Gedora 171 delni<\/span><\/a><\/p>\n","protected":false},"featured_media":3210,"template":"","meta":[],"_links":{"self":[{"href":"https:\/\/tigea-shop.si\/it\/wp-json\/wp\/v2\/product\/1503"}],"collection":[{"href":"https:\/\/tigea-shop.si\/it\/wp-json\/wp\/v2\/product"}],"about":[{"href":"https:\/\/tigea-shop.si\/it\/wp-json\/wp\/v2\/types\/product"}],"wp:featuredmedia":[{"embeddable":true,"href":"https:\/\/tigea-shop.si\/it\/wp-json\/wp\/v2\/media\/3210"}],"wp:attachment":[{"href":"https:\/\/tigea-shop.si\/it\/wp-json\/wp\/v2\/media?parent=1503"}],"curies":[{"name":"wp","href":"https:\/\/api.w.org\/{rel}","templated":true}]}}