{"id":1981,"date":"2022-02-27T17:35:13","date_gmt":"2022-02-27T16:35:13","guid":{"rendered":"https:\/\/tigea-shop.si\/?post_type=product&#038;p=1981"},"modified":"2022-08-11T18:31:36","modified_gmt":"2022-08-11T16:31:36","slug":"obrocni-kljuci-tip-s-10-19-mm","status":"publish","type":"product","link":"https:\/\/tigea-shop.si\/it\/izdelek\/obrocni-kljuci-tip-s-10-19-mm\/","title":{"rendered":"Obro\u010dni klju\u010di Tip-S, 10 &#8211; 19 mm"},"content":{"rendered":"<p><span>Gre za vrhunska delavni\u0161ka orodja, ki jih mehaniki cenijo \u017ee leta.\u00a0<\/span><span>Visokokakovostni materiali naredijo ta orodja trpe\u017ena in bodo slu\u017eila ve\u010d let.<\/span><\/p>\n<p>Velikosti: 10-11mm, 12-13mm, 14-15mm, 16-17mm, 18-19mm<\/p>\n","protected":false},"excerpt":{"rendered":"<p>Gre za vrhunska delavni\u0161ka orodja, ki jih mehaniki cenijo \u017ee leta.\u00a0Visokokakovostni materiali naredijo ta orodja trpe\u017ena in bodo slu\u017eila ve\u010d let. Velikosti: 10-11mm, 12-13mm, 14-15mm, 16-17mm, 18-19mm<\/p>\n","protected":false},"featured_media":1982,"template":"","meta":[],"_links":{"self":[{"href":"https:\/\/tigea-shop.si\/it\/wp-json\/wp\/v2\/product\/1981"}],"collection":[{"href":"https:\/\/tigea-shop.si\/it\/wp-json\/wp\/v2\/product"}],"about":[{"href":"https:\/\/tigea-shop.si\/it\/wp-json\/wp\/v2\/types\/product"}],"wp:featuredmedia":[{"embeddable":true,"href":"https:\/\/tigea-shop.si\/it\/wp-json\/wp\/v2\/media\/1982"}],"wp:attachment":[{"href":"https:\/\/tigea-shop.si\/it\/wp-json\/wp\/v2\/media?parent=1981"}],"curies":[{"name":"wp","href":"https:\/\/api.w.org\/{rel}","templated":true}]}}