{"id":2803,"date":"2022-12-10T11:13:54","date_gmt":"2022-12-10T10:13:54","guid":{"rendered":"https:\/\/tigea-shop.si\/?post_type=product&#038;p=2803"},"modified":"2022-12-22T07:26:41","modified_gmt":"2022-12-22T06:26:41","slug":"zlozljivi-nosilec-motorja-900-kg","status":"publish","type":"product","link":"https:\/\/tigea-shop.si\/it\/izdelek\/zlozljivi-nosilec-motorja-900-kg\/","title":{"rendered":"Zlo\u017eljivi nosilec motorja 900 kg"},"content":{"rendered":"<p>Za varno in hitro premikanje motorja v gara\u017ei ali delavnici lahko uporabite<strong>\u00a0do 900 kg zlo\u017eljivi nosilec za monta\u017eo motorja<\/strong><\/p>\n<p>Nosilnost-900kg<\/p>\n<p>Vi\u0161ina -880mm<\/p>\n<p>Dimenzije embala\u017ee-<strong>91 x 45 x 17,5<\/strong><\/p>\n<p>Te\u017ea-35kg<\/p>\n","protected":false},"excerpt":{"rendered":"<p>Za varno in hitro premikanje motorja v gara\u017ei ali delavnici lahko uporabite\u00a0do 900 kg zlo\u017eljivi nosilec za monta\u017eo motorja Nosilnost-900kg Vi\u0161ina -880mm Dimenzije embala\u017ee-91 x 45 x 17,5 Te\u017ea-35kg<\/p>\n","protected":false},"featured_media":2804,"template":"","meta":[],"_links":{"self":[{"href":"https:\/\/tigea-shop.si\/it\/wp-json\/wp\/v2\/product\/2803"}],"collection":[{"href":"https:\/\/tigea-shop.si\/it\/wp-json\/wp\/v2\/product"}],"about":[{"href":"https:\/\/tigea-shop.si\/it\/wp-json\/wp\/v2\/types\/product"}],"wp:featuredmedia":[{"embeddable":true,"href":"https:\/\/tigea-shop.si\/it\/wp-json\/wp\/v2\/media\/2804"}],"wp:attachment":[{"href":"https:\/\/tigea-shop.si\/it\/wp-json\/wp\/v2\/media?parent=2803"}],"curies":[{"name":"wp","href":"https:\/\/api.w.org\/{rel}","templated":true}]}}