{"id":2814,"date":"2022-12-10T13:57:00","date_gmt":"2022-12-10T12:57:00","guid":{"rendered":"https:\/\/tigea-shop.si\/?post_type=product&#038;p=2814"},"modified":"2022-12-10T13:57:00","modified_gmt":"2022-12-10T12:57:00","slug":"komplet-pnevmatskega-orodja","status":"publish","type":"product","link":"https:\/\/tigea-shop.si\/it\/izdelek\/komplet-pnevmatskega-orodja\/","title":{"rendered":"Komplet pnevmatskega orodja"},"content":{"rendered":"<p>Komplet orodja, ki je predstavlja osnovno opremo v vsaki delavnici.\u00a0Vsebuje pi\u0161tolo za pranje s posodo, pi\u0161tolo za spihovanje, pi\u0161tolo za polnjenje pnevmatik, pi\u0161tolo za barvanje in spiralno cev s spojkami.<\/p>\n<p><strong>Pi\u0161tola za pranje\u00a01.5mm s posodo<\/strong><\/p>\n<p><strong>Pi\u0161tola za spihovanje<\/strong><\/p>\n<p><strong>Pi\u0161tola za polnjenje pnevmatik<\/strong><\/p>\n<p><strong>Pi\u0161tola za barvanje<\/strong><\/p>\n<p><strong>5m\u00a0Spiralna cev s spojkam<\/strong><\/p>\n","protected":false},"excerpt":{"rendered":"<p>Komplet orodja, ki je predstavlja osnovno opremo v vsaki delavnici.\u00a0Vsebuje pi\u0161tolo za pranje s posodo, pi\u0161tolo za spihovanje, pi\u0161tolo za polnjenje pnevmatik, pi\u0161tolo za barvanje in spiralno cev s spojkami. Pi\u0161tola za pranje\u00a01.5mm s posodo Pi\u0161tola za spihovanje Pi\u0161tola za polnjenje pnevmatik Pi\u0161tola za barvanje 5m\u00a0Spiralna cev s spojkam<\/p>\n","protected":false},"featured_media":2815,"template":"","meta":[],"_links":{"self":[{"href":"https:\/\/tigea-shop.si\/it\/wp-json\/wp\/v2\/product\/2814"}],"collection":[{"href":"https:\/\/tigea-shop.si\/it\/wp-json\/wp\/v2\/product"}],"about":[{"href":"https:\/\/tigea-shop.si\/it\/wp-json\/wp\/v2\/types\/product"}],"wp:featuredmedia":[{"embeddable":true,"href":"https:\/\/tigea-shop.si\/it\/wp-json\/wp\/v2\/media\/2815"}],"wp:attachment":[{"href":"https:\/\/tigea-shop.si\/it\/wp-json\/wp\/v2\/media?parent=2814"}],"curies":[{"name":"wp","href":"https:\/\/api.w.org\/{rel}","templated":true}]}}