{"id":3746,"date":"2024-01-27T18:50:21","date_gmt":"2024-01-27T17:50:21","guid":{"rendered":"https:\/\/tigea-shop.si\/?post_type=product&#038;p=3746"},"modified":"2024-01-27T18:50:21","modified_gmt":"2024-01-27T17:50:21","slug":"zascitna-ponjava-cerada-4x8m","status":"publish","type":"product","link":"https:\/\/tigea-shop.si\/it\/izdelek\/zascitna-ponjava-cerada-4x8m\/","title":{"rendered":"ZA\u0160\u010cITNA PONJAVA &#8211; CERADA &#8211; 4x8m"},"content":{"rendered":"<p>ZA\u0160\u010cITNA PONJAVA \u2013 CERADA Za\u0161\u010ditna ponjava je narejena iz odporne tkanine in ima obro\u010dke iz aluminija za la\u017eje pritrjevanje. Namenjena je za za\u0161\u010dito in prekrivanje in je narejena iz okolju ne\u0161kodljivega polietilena.<\/p>\n<div class=\"woocommerce-product-details__short-description\">\n<p><b>Tehni\u010dni podatki:<\/b><\/p>\n<ul>\n<li>dimenzije:4 m x 8 m<\/li>\n<li>material: polietilen (PE)<\/li>\n<li>specifi\u010dna te\u017ea: 210 g\/m2<\/li>\n<li>vodoodporna<\/li>\n<li>UV stabilna<\/li>\n<li>odporna proti pretrganju<\/li>\n<li>z oja\u010danim robom<\/li>\n<li>z oja\u010danimi koti<\/li>\n<\/ul>\n<\/div>\n","protected":false},"excerpt":{"rendered":"<p>ZA\u0160\u010cITNA PONJAVA \u2013 CERADA Za\u0161\u010ditna ponjava je narejena iz odporne tkanine in ima obro\u010dke iz aluminija za la\u017eje pritrjevanje. Namenjena je za za\u0161\u010dito in prekrivanje in je narejena iz okolju ne\u0161kodljivega polietilena. Tehni\u010dni podatki: dimenzije:4 m x 8 m material: polietilen (PE) specifi\u010dna te\u017ea: 210 g\/m2 vodoodporna UV stabilna odporna proti pretrganju z oja\u010danim robom &hellip; <br \/><a href=\"https:\/\/tigea-shop.si\/it\/izdelek\/zascitna-ponjava-cerada-4x8m\/\" class=\"more-link\">Continue reading <span class=\"screen-reader-text\">ZA\u0160\u010cITNA PONJAVA &#8211; CERADA &#8211; 4x8m<\/span><\/a><\/p>\n","protected":false},"featured_media":3744,"template":"","meta":[],"_links":{"self":[{"href":"https:\/\/tigea-shop.si\/it\/wp-json\/wp\/v2\/product\/3746"}],"collection":[{"href":"https:\/\/tigea-shop.si\/it\/wp-json\/wp\/v2\/product"}],"about":[{"href":"https:\/\/tigea-shop.si\/it\/wp-json\/wp\/v2\/types\/product"}],"wp:featuredmedia":[{"embeddable":true,"href":"https:\/\/tigea-shop.si\/it\/wp-json\/wp\/v2\/media\/3744"}],"wp:attachment":[{"href":"https:\/\/tigea-shop.si\/it\/wp-json\/wp\/v2\/media?parent=3746"}],"curies":[{"name":"wp","href":"https:\/\/api.w.org\/{rel}","templated":true}]}}