{"id":4286,"date":"2025-02-05T10:56:12","date_gmt":"2025-02-05T09:56:12","guid":{"rendered":"https:\/\/tigea-shop.si\/?post_type=product&#038;p=4286"},"modified":"2025-02-05T10:56:13","modified_gmt":"2025-02-05T09:56:13","slug":"set-dolgih-klesc-280mm-5-kosi","status":"publish","type":"product","link":"https:\/\/tigea-shop.si\/it\/izdelek\/set-dolgih-klesc-280mm-5-kosi\/","title":{"rendered":"Set dolgih kle\u0161\u010d 280mm, 5 kosi"},"content":{"rendered":"<p><span>Komplet dolgih kle\u0161\u010d 280mm. Izdelan iz orodnega jekla CrV, ro\u010daj je izdelan iz trpe\u017ene plastike, ki je dodatno prekrita s plastjo nedrse\u010de gume, ki zagotavlja trden oprijem.<\/span><\/p>\n<p><span>Set vsebuje pet razli\u010dnih vrst kle\u0161\u010d:<\/span><\/p>\n<ul>\n<li><span>ravne kle\u0161\u010de<\/span><\/li>\n<li><span>20\u00b0 upognjene kle\u0161\u010de<\/span><\/li>\n<li><span>45\u00b0 upognjene kle\u0161\u010de<\/span><\/li>\n<li><span>90\u00b0 upognjene kle\u0161\u010de<\/span><\/li>\n<li><span>okrogle kle\u0161\u010de<\/span><\/li>\n<\/ul>\n<p><span>Celoten komplet je pakiran v priro\u010dni torbici iz trpe\u017enega materiala.<\/span><\/p>\n","protected":false},"excerpt":{"rendered":"<p>Komplet dolgih kle\u0161\u010d 280mm. Izdelan iz orodnega jekla CrV, ro\u010daj je izdelan iz trpe\u017ene plastike, ki je dodatno prekrita s plastjo nedrse\u010de gume, ki zagotavlja trden oprijem. Set vsebuje pet razli\u010dnih vrst kle\u0161\u010d: ravne kle\u0161\u010de 20\u00b0 upognjene kle\u0161\u010de 45\u00b0 upognjene kle\u0161\u010de 90\u00b0 upognjene kle\u0161\u010de okrogle kle\u0161\u010de Celoten komplet je pakiran v priro\u010dni torbici iz trpe\u017enega &hellip; <br \/><a href=\"https:\/\/tigea-shop.si\/it\/izdelek\/set-dolgih-klesc-280mm-5-kosi\/\" class=\"more-link\">Continue reading <span class=\"screen-reader-text\">Set dolgih kle\u0161\u010d 280mm, 5 kosi<\/span><\/a><\/p>\n","protected":false},"featured_media":4287,"template":"","meta":[],"_links":{"self":[{"href":"https:\/\/tigea-shop.si\/it\/wp-json\/wp\/v2\/product\/4286"}],"collection":[{"href":"https:\/\/tigea-shop.si\/it\/wp-json\/wp\/v2\/product"}],"about":[{"href":"https:\/\/tigea-shop.si\/it\/wp-json\/wp\/v2\/types\/product"}],"wp:featuredmedia":[{"embeddable":true,"href":"https:\/\/tigea-shop.si\/it\/wp-json\/wp\/v2\/media\/4287"}],"wp:attachment":[{"href":"https:\/\/tigea-shop.si\/it\/wp-json\/wp\/v2\/media?parent=4286"}],"curies":[{"name":"wp","href":"https:\/\/api.w.org\/{rel}","templated":true}]}}