{"id":4585,"date":"2025-12-22T17:52:54","date_gmt":"2025-12-22T16:52:54","guid":{"rendered":"https:\/\/tigea-shop.si\/?post_type=product&#038;p=4585"},"modified":"2025-12-22T17:52:54","modified_gmt":"2025-12-22T16:52:54","slug":"merilnik-kompresije-za-diesel-motorje","status":"publish","type":"product","link":"https:\/\/tigea-shop.si\/it\/izdelek\/merilnik-kompresije-za-diesel-motorje\/","title":{"rendered":"Merilnik kompresije za diesel motorje"},"content":{"rendered":"<h2 class=\"title text-md font-weight-bold\">Specifikacije<\/h2>\n<div class=\"value content text-base\">\n<ul>\n<li>Merilnik kompresije za: dizelski motor<\/li>\n<li>Merilnik: 0-70 Bar \/ 0-1000 Psi<\/li>\n<li>Dol\u017eina cevi: 36 cm<\/li>\n<li>Vgrajen gumb za ponastavitev<\/li>\n<li><strong>Adapterji za v\u017eigalne sve\u010dke:<\/strong><\/li>\n<li>M10x1;0 83 mm<\/li>\n<li>M10x1;0 91 mm<\/li>\n<li>M8x1;0 102 mm<\/li>\n<li>M10x1;0 113 mm<\/li>\n<li>M10x1;0 119 mm<\/li>\n<li>M10x1;25 64 mm<\/li>\n<li>M10x1;25 135 mm<\/li>\n<li>M12x1;25 47 mm<\/li>\n<li>M22x1;5 118 mm<\/li>\n<li><strong>Adapterji za injektor:<\/strong><\/li>\n<li>M20x1;5 75 mm<\/li>\n<li>M22x1;5 73 mm<\/li>\n<li>M24x1;5 88 mm<\/li>\n<li>M24x2;0 64 mm<\/li>\n<li>EAN:8718475816232<\/li>\n<li>SKU:210004<\/li>\n<li>Brand:vidaXL<\/li>\n<\/ul>\n<\/div>\n","protected":false},"excerpt":{"rendered":"<p>Specifikacije Merilnik kompresije za: dizelski motor Merilnik: 0-70 Bar \/ 0-1000 Psi Dol\u017eina cevi: 36 cm Vgrajen gumb za ponastavitev Adapterji za v\u017eigalne sve\u010dke: M10x1;0 83 mm M10x1;0 91 mm M8x1;0 102 mm M10x1;0 113 mm M10x1;0 119 mm M10x1;25 64 mm M10x1;25 135 mm M12x1;25 47 mm M22x1;5 118 mm Adapterji za injektor: M20x1;5 &hellip; <br \/><a href=\"https:\/\/tigea-shop.si\/it\/izdelek\/merilnik-kompresije-za-diesel-motorje\/\" class=\"more-link\">Continue reading <span class=\"screen-reader-text\">Merilnik kompresije za diesel motorje<\/span><\/a><\/p>\n","protected":false},"featured_media":4586,"template":"","meta":[],"_links":{"self":[{"href":"https:\/\/tigea-shop.si\/it\/wp-json\/wp\/v2\/product\/4585"}],"collection":[{"href":"https:\/\/tigea-shop.si\/it\/wp-json\/wp\/v2\/product"}],"about":[{"href":"https:\/\/tigea-shop.si\/it\/wp-json\/wp\/v2\/types\/product"}],"wp:featuredmedia":[{"embeddable":true,"href":"https:\/\/tigea-shop.si\/it\/wp-json\/wp\/v2\/media\/4586"}],"wp:attachment":[{"href":"https:\/\/tigea-shop.si\/it\/wp-json\/wp\/v2\/media?parent=4585"}],"curies":[{"name":"wp","href":"https:\/\/api.w.org\/{rel}","templated":true}]}}