{"id":4597,"date":"2025-12-22T18:17:30","date_gmt":"2025-12-22T17:17:30","guid":{"rendered":"https:\/\/tigea-shop.si\/?post_type=product&#038;p=4597"},"modified":"2025-12-22T18:17:30","modified_gmt":"2025-12-22T17:17:30","slug":"set-nasadnih-kljucev-1-2-in-1-4-108-delni-set","status":"publish","type":"product","link":"https:\/\/tigea-shop.si\/it\/izdelek\/set-nasadnih-kljucev-1-2-in-1-4-108-delni-set\/","title":{"rendered":"Set nasadnih klju\u010dev  1\/2 in 1\/4 &#8211; 108 delni set"},"content":{"rendered":"<h3><span dir=\"auto\">Zna\u010dilnosti izdelka<\/span><\/h3>\n<p><span dir=\"auto\">Kovano iz krom vanadijevega jekla za vzdr\u017eljivost<\/span><\/p>\n<p><span dir=\"auto\">Bitovi iz toplotno obdelanega jekla<\/span><\/p>\n<p><span dir=\"auto\">2-delna 24-zobna raglja: pogon 1\/2 in 1\/4 palca<\/span><\/p>\n<p><span dir=\"auto\">Satenasta povr\u0161ina zagotavlja za\u0161\u010dito pred korozijo in nedrse\u010d oprijem<\/span><\/p>\n<h4><span dir=\"auto\">Vsebina paketa:<\/span><\/h4>\n<p><span dir=\"auto\">2-delni hitroodpenjajo\u010di dvomaterialni ro\u010daj raglje 1\/2&#8243; in 1\/4&#8243;<\/span><\/p>\n<p><span dir=\"auto\">Dodatki 1\/2&#8243;: univerzalni zglob, podalj\u0161ki 125 mm, drsni T-ro\u010daj 250 mm<\/span><\/p>\n<p><span dir=\"auto\">Dodatki 1\/4&#8243;: univerzalni zglob, ro\u010daj za vrtanje matic, drsni T-ro\u010daj, podalj\u0161ki 50 in 100 mm, drsni T-ro\u010daj 100 mm<\/span><\/p>\n<p><span dir=\"auto\">12-kraki globoki nastavki 1\/2&#8243; 14, 15, 17, 19, 22 mm<\/span><\/p>\n<p><span dir=\"auto\">6-kraki 1\/2&#8243; nastavki za klju\u010de 10, 11, 12, 13, 14, 15, 16, 17, 18, 19, 20, 21, 22, 24, 27, 30, 32 mm<\/span><\/p>\n<p><span dir=\"auto\">1\/2&#8243; nastavki TORX E10, E11, E12, E14, E16, E18, E20, E24<\/span><\/p>\n<p><span dir=\"auto\">1\/2&#8243; nastavki za sve\u010dke 16, 21 mm<\/span><\/p>\n<p><span dir=\"auto\">1\/4&#8243; nastavki za klju\u010de: 4, 4,5, 5, 5,5, 6, 7, 8, 9, 10, 11, 12, 13, 14 mm<\/span><\/p>\n<p><span dir=\"auto\">1\/4&#8243; globoki nastavki 6, 7, 8, 9, 10, 11, 12, 13 mm<\/span><\/p>\n<p><span dir=\"auto\">E-vti\u010dnice 1\/4&#8243; E4, E5, E6, E7, E8<\/span><\/p>\n<p><span dir=\"auto\">1\/2&#8243; dr\u017ealo za nastavke<\/span><\/p>\n<p><span dir=\"auto\">Izvija\u010dni nastavki 1\/4&#8243; \u0161esterokotni pogon:<\/span><\/p>\n<p><span dir=\"auto\">PH1, PH2<\/span><\/p>\n<p><span dir=\"auto\">PZ1, PZ2<\/span><\/p>\n<p><span dir=\"auto\">Re\u017easta 4, 5,5, 6,5 mm<\/span><\/p>\n<p><span dir=\"auto\">\u0160esterokotni klju\u010d 3, 4, 5, 6 mm<\/span><\/p>\n<p><span dir=\"auto\">Torx T8, T10, T15, T20, T25, T27, T30<\/span><\/p>\n<p><span dir=\"auto\">Izvija\u010dni nastavki:<\/span><\/p>\n<p><span dir=\"auto\">\u0160esterokotnik 7, 8, 10, 12, 14 mm<\/span><\/p>\n<p><span dir=\"auto\">Philips PH3, PH4<\/span><\/p>\n<p><span dir=\"auto\">Pozidrive PZ3, PZ4<\/span><\/p>\n<p><span dir=\"auto\">Re\u017easta 8, 10, 12 mm<\/span><\/p>\n<p><span dir=\"auto\">Torx T40, T45, T50, T55, T60<\/span><\/p>\n<p><span dir=\"auto\">\u0160esterokotni klju\u010di 1,5, 2, 2,5 mm<\/span><\/p>\n","protected":false},"excerpt":{"rendered":"<p>Zna\u010dilnosti izdelka Kovano iz krom vanadijevega jekla za vzdr\u017eljivost Bitovi iz toplotno obdelanega jekla 2-delna 24-zobna raglja: pogon 1\/2 in 1\/4 palca Satenasta povr\u0161ina zagotavlja za\u0161\u010dito pred korozijo in nedrse\u010d oprijem Vsebina paketa: 2-delni hitroodpenjajo\u010di dvomaterialni ro\u010daj raglje 1\/2&#8243; in 1\/4&#8243; Dodatki 1\/2&#8243;: univerzalni zglob, podalj\u0161ki 125 mm, drsni T-ro\u010daj 250 mm Dodatki 1\/4&#8243;: univerzalni &hellip; <br \/><a href=\"https:\/\/tigea-shop.si\/it\/izdelek\/set-nasadnih-kljucev-1-2-in-1-4-108-delni-set\/\" class=\"more-link\">Continue reading <span class=\"screen-reader-text\">Set nasadnih klju\u010dev  1\/2 in 1\/4 &#8211; 108 delni set<\/span><\/a><\/p>\n","protected":false},"featured_media":4598,"template":"","meta":[],"_links":{"self":[{"href":"https:\/\/tigea-shop.si\/it\/wp-json\/wp\/v2\/product\/4597"}],"collection":[{"href":"https:\/\/tigea-shop.si\/it\/wp-json\/wp\/v2\/product"}],"about":[{"href":"https:\/\/tigea-shop.si\/it\/wp-json\/wp\/v2\/types\/product"}],"wp:featuredmedia":[{"embeddable":true,"href":"https:\/\/tigea-shop.si\/it\/wp-json\/wp\/v2\/media\/4598"}],"wp:attachment":[{"href":"https:\/\/tigea-shop.si\/it\/wp-json\/wp\/v2\/media?parent=4597"}],"curies":[{"name":"wp","href":"https:\/\/api.w.org\/{rel}","templated":true}]}}