{"id":1602,"date":"2021-04-03T10:04:49","date_gmt":"2021-04-03T08:04:49","guid":{"rendered":"https:\/\/tigea-shop.si\/?post_type=product&#038;p=1602"},"modified":"2024-01-07T16:41:18","modified_gmt":"2024-01-07T15:41:18","slug":"dvigalo-za-menjalnike-500-kg","status":"publish","type":"product","link":"https:\/\/tigea-shop.si\/nb\/izdelek\/dvigalo-za-menjalnike-500-kg\/","title":{"rendered":"DVIGALO ZA MENJALNIKE 500 KG"},"content":{"rendered":"<div class=\"kvgmc6g5 cxmmr5t8 oygrvhab hcukyx3x c1et5uql ii04i59q\">\n<div dir=\"auto\">Profesionalna dvigalka za dviganje menjalnika ali motorja Omogo\u010da hitro in varno demonta\u017eo ali monta\u017eo menjalnika, delov motorja ali samega motorja. Dvigalo je opremljeno s \u0161tirimi samoravnanimi kolesi za enostavno in stabilno premikanje. Naprava se uporablja v delavnici, gara\u017ei ali pri drugih delih, ki zahtevajo visoko dvi\u017eno zmogljivost.<\/div>\n<\/div>\n<div class=\"o9v6fnle cxmmr5t8 oygrvhab hcukyx3x c1et5uql ii04i59q\">\n<div dir=\"auto\"><strong>Tovor dvignejo z no\u017eno \u010drpalko, ne tako kot pri cenej\u0161ih, ki jih ponujajo tekmeci z neprakti\u010dno ro\u010dno \u010drpalko<\/strong>.<\/div>\n<div dir=\"auto\"><\/div>\n<\/div>\n<div class=\"o9v6fnle cxmmr5t8 oygrvhab hcukyx3x c1et5uql ii04i59q\">\n<div dir=\"auto\"><strong>Tehni\u010dni podatki:<\/strong><\/div>\n<\/div>\n<div class=\"o9v6fnle cxmmr5t8 oygrvhab hcukyx3x c1et5uql ii04i59q\">\n<div dir=\"auto\">Najve\u010dja nosilnost: 0,5 tone<\/div>\n<div dir=\"auto\">Najmanj\u0161a vi\u0161ina: 105 cm<\/div>\n<div dir=\"auto\">Najve\u010dja vi\u0161ina: 185 cm<\/div>\n<div dir=\"auto\">Te\u017ea pribli\u017eno: 37 kg<\/div>\n<\/div>\n","protected":false},"excerpt":{"rendered":"<p>Profesionalna dvigalka za dviganje menjalnika ali motorja Omogo\u010da hitro in varno demonta\u017eo ali monta\u017eo menjalnika, delov motorja ali samega motorja. Dvigalo je opremljeno s \u0161tirimi samoravnanimi kolesi za enostavno in stabilno premikanje. Naprava se uporablja v delavnici, gara\u017ei ali pri drugih delih, ki zahtevajo visoko dvi\u017eno zmogljivost. Tovor dvignejo z no\u017eno \u010drpalko, ne tako kot &hellip; <br \/><a href=\"https:\/\/tigea-shop.si\/nb\/izdelek\/dvigalo-za-menjalnike-500-kg\/\" class=\"more-link\">Continue reading <span class=\"screen-reader-text\">DVIGALO ZA MENJALNIKE 500 KG<\/span><\/a><\/p>\n","protected":false},"featured_media":2352,"template":"","meta":[],"_links":{"self":[{"href":"https:\/\/tigea-shop.si\/nb\/wp-json\/wp\/v2\/product\/1602"}],"collection":[{"href":"https:\/\/tigea-shop.si\/nb\/wp-json\/wp\/v2\/product"}],"about":[{"href":"https:\/\/tigea-shop.si\/nb\/wp-json\/wp\/v2\/types\/product"}],"wp:featuredmedia":[{"embeddable":true,"href":"https:\/\/tigea-shop.si\/nb\/wp-json\/wp\/v2\/media\/2352"}],"wp:attachment":[{"href":"https:\/\/tigea-shop.si\/nb\/wp-json\/wp\/v2\/media?parent=1602"}],"curies":[{"name":"wp","href":"https:\/\/api.w.org\/{rel}","templated":true}]}}