{"id":1697,"date":"2021-06-20T16:52:19","date_gmt":"2021-06-20T14:52:19","guid":{"rendered":"https:\/\/tigea-shop.si\/?post_type=product&#038;p=1697"},"modified":"2023-06-22T07:36:22","modified_gmt":"2023-06-22T05:36:22","slug":"kosilnica-na-nitko-jonh-gardener","status":"publish","type":"product","link":"https:\/\/tigea-shop.si\/nb\/izdelek\/kosilnica-na-nitko-jonh-gardener\/","title":{"rendered":"Kosilnica na nitko Jonh Gardener"},"content":{"rendered":"<p>Bencinska kosilnica JONH GARDENER z FULL opremo:<\/p>\n<p>Prostornina: 42,7 cm3<\/p>\n<p>Original pribor:<\/p>\n<p>&#8211; Avtomatska glava za laks 2,4 mmX2kom<br \/>\n-Cirkular &#8230;&#8230;&#8230;&#8230;&#8230;.1x<br \/>\n-Za\u0161\u010ditne rokavice..1x<br \/>\n-Za\u0161\u010ditna \u010celada..1x<\/p>\n<p>-Za\u0161\u010dita za u\u0161esa-1x<\/p>\n<p>&#8211; Glava za veliko travo 2,4 mm X 1kom<br \/>\n&#8211; Laks za veliko travo X 1kom<br \/>\n&#8211; No\u017e za trnje 3 T X 1kom<br \/>\n&#8211; Ro\u010dka za gorivo in olje 2T X 1kom<br \/>\n&#8211; Za\u0161\u010dita za o\u010di oz. glavo X 1kom<br \/>\n&#8211; Varovalni pas X 1kom<br \/>\n&#8211; Klju\u010d za sve\u010dko X 1kom<br \/>\n&#8211; Izvija\u010d X 1kom<\/p>\n","protected":false},"excerpt":{"rendered":"<p>Bencinska kosilnica JONH GARDENER z FULL opremo: Prostornina: 42,7 cm3 Original pribor: &#8211; Avtomatska glava za laks 2,4 mmX2kom -Cirkular &#8230;&#8230;&#8230;&#8230;&#8230;.1x -Za\u0161\u010ditne rokavice..1x -Za\u0161\u010ditna \u010celada..1x -Za\u0161\u010dita za u\u0161esa-1x &#8211; Glava za veliko travo 2,4 mm X 1kom &#8211; Laks za veliko travo X 1kom &#8211; No\u017e za trnje 3 T X 1kom &#8211; Ro\u010dka za &hellip; <br \/><a href=\"https:\/\/tigea-shop.si\/nb\/izdelek\/kosilnica-na-nitko-jonh-gardener\/\" class=\"more-link\">Continue reading <span class=\"screen-reader-text\">Kosilnica na nitko Jonh Gardener<\/span><\/a><\/p>\n","protected":false},"featured_media":3221,"template":"","meta":[],"_links":{"self":[{"href":"https:\/\/tigea-shop.si\/nb\/wp-json\/wp\/v2\/product\/1697"}],"collection":[{"href":"https:\/\/tigea-shop.si\/nb\/wp-json\/wp\/v2\/product"}],"about":[{"href":"https:\/\/tigea-shop.si\/nb\/wp-json\/wp\/v2\/types\/product"}],"wp:featuredmedia":[{"embeddable":true,"href":"https:\/\/tigea-shop.si\/nb\/wp-json\/wp\/v2\/media\/3221"}],"wp:attachment":[{"href":"https:\/\/tigea-shop.si\/nb\/wp-json\/wp\/v2\/media?parent=1697"}],"curies":[{"name":"wp","href":"https:\/\/api.w.org\/{rel}","templated":true}]}}