{"id":2077,"date":"2022-04-04T21:11:14","date_gmt":"2022-04-04T19:11:14","guid":{"rendered":"https:\/\/tigea-shop.si\/?post_type=product&#038;p=2077"},"modified":"2023-01-26T15:40:50","modified_gmt":"2023-01-26T14:40:50","slug":"delavniski-zerjav-dvigalo-motorja-2-tone","status":"publish","type":"product","link":"https:\/\/tigea-shop.si\/nb\/izdelek\/delavniski-zerjav-dvigalo-motorja-2-tone\/","title":{"rendered":"Delavni\u0161ki \u017eerjav dvigalo motorja 2 tone"},"content":{"rendered":"<section id=\"projector_longdescription\" class=\"longdescription cm col-12\">Delavni\u0161ki \u017eerjav dvigalo motorja 2 tone<strong>Kako ga lahko uporabite?<\/strong><br \/>\nTa servisni \u017eerjav je idealna izbira za dvigovanje motorjev ali menjalnikov.\u00a0Njegova zmogljivost je 2 toni.<\/p>\n<p><strong>Zasnovan za dolgo \u017eivljenjsko dobo<\/strong><\/p>\n<p>To dvigalo z motornim \u017eerjavom smo zasnovali za izjemno dolgo \u017eivljenjsko dobo.\u00a0Vrhunski vijaki, ki bodo dolgo zdr\u017eali v va\u0161i gara\u017ei.\u00a0Zanesljiva konstrukcija pomeni dolgoletno delovanje brez te\u017eav.\u00a0Ogrodje je izdelano iz zaprtih profilov (debelina 3 mm).<\/p>\n<p><strong>Popolno udobje pri delu<\/strong><\/p>\n<p>Obseg dviga dose\u017ee do 2350 mm (s kavljem v polo\u017eaju 500 kg).\u00a0To pomeni enostavno delovanje tudi pri velikih obremenitvah.<\/p>\n<p><strong>Enostaven transport<\/strong><\/p>\n<p>To dvigalo tehta samo 78 kg.\u00a0Vklju\u010duje \u0161est koles, tako da ga lahko enostavno premaknete na katero koli mesto v trgovini.\u00a0Samo primite ro\u010daj in ga potisnite kamor koli \u017eelite.<\/p>\n<p><strong>Nastavitev traja nekaj sekund<\/strong><\/p>\n<p>Mo\u017eni so \u0161tirje polo\u017eaji kavljev z razli\u010dnimi nosilnostmi &#8211; od 500 kg, preko 1T in 1,5T do 2T.\u00a0Samo izberite zmogljivost in nastavite kavelj v izbrani polo\u017eaj.<\/p>\n<\/section>\n<section id=\"projector_dictionary\" class=\"dictionary col-12 mb-1 mb-sm-4\">\n<div class=\"dictionary__group --first --no-group\">\n<div class=\"dictionary__param row mb-2\">\n<div class=\"dictionary__name col-6 d-flex align-items-center justify-content-end\">\n<div class=\"dictionary__param row mb-2\">\n<div class=\"dictionary__name col-6 d-flex align-items-center justify-content-end\"><\/div>\n<\/div>\n<div class=\"dictionary__param row mb-2\">\n<div class=\"dictionary__values col-6\">\n<div class=\"dictionary__value\"><\/div>\n<\/div>\n<\/div>\n<div class=\"dictionary__param row mb-2\">\n<div class=\"dictionary__values col-6\">\n<div class=\"dictionary__value\"><\/div>\n<\/div>\n<\/div>\n<div class=\"dictionary__param row mb-2\">\n<div class=\"dictionary__name col-6 d-flex align-items-center justify-content-end\"><span class=\"dictionary__name_txt\">Najve\u010dji razpon rok-<\/span>1960 mm<\/div>\n<\/div>\n<div class=\"dictionary__param row mb-2\">\n<div class=\"dictionary__name col-6 d-flex align-items-center justify-content-end\"><span class=\"dictionary__name_txt\">Nastavitev roke-<\/span>4 stopinje (500 kg, 1 tona, 1,5 tone, 2 tone)<\/div>\n<\/div>\n<div class=\"dictionary__param row mb-2\">\n<div class=\"dictionary__name col-6 d-flex align-items-center justify-content-end\"><span class=\"dictionary__name_txt\">Regulacija rok (min &#8211; max)-<\/span>900 mm &#8211; 1180 mm<\/div>\n<\/div>\n<div class=\"dictionary__param row mb-2\">\n<div class=\"dictionary__name col-6 d-flex align-items-center justify-content-end\"><span class=\"dictionary__name_txt\">Celotna dol\u017eina-<\/span>1520 mm<\/div>\n<\/div>\n<div class=\"dictionary__param row mb-2\">\n<div class=\"dictionary__name col-6 d-flex align-items-center justify-content-end\"><span class=\"dictionary__name_txt\">Skupna \u0161irina-<\/span>920 mm<\/div>\n<\/div>\n<div class=\"dictionary__param row mb-2\">\n<div class=\"dictionary__name col-6 d-flex align-items-center justify-content-end\"><span class=\"dictionary__name_txt\">Vi\u0161ina osnove-<\/span>1420 mm<\/div>\n<\/div>\n<div class=\"dictionary__param row mb-2\">\n<div class=\"dictionary__name col-6 d-flex align-items-center justify-content-end\"><span class=\"dictionary__name_txt\">ABS kolesca-<\/span>6 kos.<\/div>\n<\/div>\n<div class=\"dictionary__param row mb-2\">\n<div class=\"dictionary__name col-6 d-flex align-items-center justify-content-end\"><span class=\"dictionary__name_txt\">Mo\u017enost zlaganja-<\/span>da<\/div>\n<\/div>\n<div class=\"dictionary__param row mb-2\">\n<div class=\"dictionary__name col-6 d-flex align-items-center justify-content-end\"><span class=\"dictionary__name_txt\">Veriga s kavljem-<\/span>da<\/div>\n<\/div>\n<div class=\"dictionary__param row mb-2\">\n<div class=\"dictionary__name col-6 d-flex align-items-center justify-content-end\"><span class=\"dictionary__name_txt\">Ute\u017e-<\/span>78 kg<\/div>\n<\/div>\n<div class=\"dictionary__param row mb-2\">\n<div class=\"dictionary__name col-6 d-flex align-items-center justify-content-end\"><span class=\"dictionary__name_txt\">najve\u010dja zmogljivost-<\/span>2 tone<\/div>\n<\/div>\n<\/div>\n<\/div>\n<\/div>\n<\/section>\n","protected":false},"excerpt":{"rendered":"<p>Delavni\u0161ki \u017eerjav dvigalo motorja 2 toneKako ga lahko uporabite? Ta servisni \u017eerjav je idealna izbira za dvigovanje motorjev ali menjalnikov.\u00a0Njegova zmogljivost je 2 toni. Zasnovan za dolgo \u017eivljenjsko dobo To dvigalo z motornim \u017eerjavom smo zasnovali za izjemno dolgo \u017eivljenjsko dobo.\u00a0Vrhunski vijaki, ki bodo dolgo zdr\u017eali v va\u0161i gara\u017ei.\u00a0Zanesljiva konstrukcija pomeni dolgoletno delovanje brez te\u017eav.\u00a0Ogrodje &hellip; <br \/><a href=\"https:\/\/tigea-shop.si\/nb\/izdelek\/delavniski-zerjav-dvigalo-motorja-2-tone\/\" class=\"more-link\">Continue reading <span class=\"screen-reader-text\">Delavni\u0161ki \u017eerjav dvigalo motorja 2 tone<\/span><\/a><\/p>\n","protected":false},"featured_media":2078,"template":"","meta":[],"_links":{"self":[{"href":"https:\/\/tigea-shop.si\/nb\/wp-json\/wp\/v2\/product\/2077"}],"collection":[{"href":"https:\/\/tigea-shop.si\/nb\/wp-json\/wp\/v2\/product"}],"about":[{"href":"https:\/\/tigea-shop.si\/nb\/wp-json\/wp\/v2\/types\/product"}],"wp:featuredmedia":[{"embeddable":true,"href":"https:\/\/tigea-shop.si\/nb\/wp-json\/wp\/v2\/media\/2078"}],"wp:attachment":[{"href":"https:\/\/tigea-shop.si\/nb\/wp-json\/wp\/v2\/media?parent=2077"}],"curies":[{"name":"wp","href":"https:\/\/api.w.org\/{rel}","templated":true}]}}