{"id":2164,"date":"2022-05-08T20:46:52","date_gmt":"2022-05-08T18:46:52","guid":{"rendered":"https:\/\/tigea-shop.si\/?post_type=product&#038;p=2164"},"modified":"2022-09-10T16:47:11","modified_gmt":"2022-09-10T14:47:11","slug":"polavtomatsko-dvostebrno-dvigalo-4t-redats-l-200f","status":"publish","type":"product","link":"https:\/\/tigea-shop.si\/nb\/izdelek\/polavtomatsko-dvostebrno-dvigalo-4t-redats-l-200f\/","title":{"rendered":"Polavtomatsko dvostebrno dvigalo 4T &#8211; REDATS L-200F"},"content":{"rendered":"<p><strong><span>Enofazni vir napajanja<\/span><br \/>\n<\/strong><span>Ali ste vedeli, da lahko dvostebrno dvigalo napaja enofazni (230V)?\u00a0V gara\u017ei vam ne bo treba imeti trifaznega napajanja.\u00a0Preprosto ga priklju\u010dite na obi\u010dajno vti\u010dnico.<\/span><strong><br \/>\n<\/strong><\/p>\n<p><strong><span>\u0160iroka uporabnost<\/span><br \/>\n<\/strong><span>Dvigalo bo s svojo nosilnostjo 4 ton odli\u010dna izbira tako za osebna vozila kot za la\u017eja gospodarska vozila.<\/span><strong><br \/>\n<\/strong><\/p>\n<p><strong><span>Absolutna varnost<\/span><br \/>\n<\/strong><span>Obstaja nekaj gumijastih za\u0161\u010ditnih elementov, tako da ni nevarnosti prask na vratih avtomobila, ko se odpirajo na dvigalu.<\/span><strong><br \/>\n<\/strong><\/p>\n<p><strong><span>Enostavno parkiranje<\/span><br \/>\n<\/strong><span>Tudi pri dalj\u0161ih avtomobilih je zelo enostavno zapeljati na dvigalo \u2013 roke preprosto zlo\u017eite navzven.<\/span><strong><br \/>\n<\/strong><\/p>\n<p><strong><span>Preprosto delo<\/span><br \/>\n<\/strong><span>Nau\u010diti se nastaviti dvigalo v \u017eeleni polo\u017eaj je presenetljivo enostavno \u2013 preprosto pritisnite gumb (dviganje) ali ro\u010daj (zmanj\u0161anje) \u2013 to je to!<\/span><strong><br \/>\n<\/strong><\/p>\n<p><strong><span>Zanesljivost \u017ee leta<\/span><br \/>\n<\/strong><span>Pri na\u010drtovanju dvigala smo si prizadevali uporabiti najbolj\u0161e materiale, ki so na voljo na trgu.\u00a0Izdelujemo ga sami, zato vemo, da se lahko nanj zanesete \u017ee vrsto let!\u00a0Poleg tega smo sposobni dobaviti ve\u010dino rezervnih delov za dvigalo \u2013 bodisi elektronskih ali hidravli\u010dnih.<\/span><\/p>\n","protected":false},"excerpt":{"rendered":"<p>Enofazni vir napajanja Ali ste vedeli, da lahko dvostebrno dvigalo napaja enofazni (230V)?\u00a0V gara\u017ei vam ne bo treba imeti trifaznega napajanja.\u00a0Preprosto ga priklju\u010dite na obi\u010dajno vti\u010dnico. \u0160iroka uporabnost Dvigalo bo s svojo nosilnostjo 4 ton odli\u010dna izbira tako za osebna vozila kot za la\u017eja gospodarska vozila. Absolutna varnost Obstaja nekaj gumijastih za\u0161\u010ditnih elementov, tako da &hellip; <br \/><a href=\"https:\/\/tigea-shop.si\/nb\/izdelek\/polavtomatsko-dvostebrno-dvigalo-4t-redats-l-200f\/\" class=\"more-link\">Continue reading <span class=\"screen-reader-text\">Polavtomatsko dvostebrno dvigalo 4T &#8211; REDATS L-200F<\/span><\/a><\/p>\n","protected":false},"featured_media":2165,"template":"","meta":[],"_links":{"self":[{"href":"https:\/\/tigea-shop.si\/nb\/wp-json\/wp\/v2\/product\/2164"}],"collection":[{"href":"https:\/\/tigea-shop.si\/nb\/wp-json\/wp\/v2\/product"}],"about":[{"href":"https:\/\/tigea-shop.si\/nb\/wp-json\/wp\/v2\/types\/product"}],"wp:featuredmedia":[{"embeddable":true,"href":"https:\/\/tigea-shop.si\/nb\/wp-json\/wp\/v2\/media\/2165"}],"wp:attachment":[{"href":"https:\/\/tigea-shop.si\/nb\/wp-json\/wp\/v2\/media?parent=2164"}],"curies":[{"name":"wp","href":"https:\/\/api.w.org\/{rel}","templated":true}]}}