{"id":2712,"date":"2022-11-08T20:11:44","date_gmt":"2022-11-08T19:11:44","guid":{"rendered":"https:\/\/tigea-shop.si\/?post_type=product&#038;p=2712"},"modified":"2026-02-25T08:28:15","modified_gmt":"2026-02-25T07:28:15","slug":"vozicek-z-orodjem-retter-r10","status":"publish","type":"product","link":"https:\/\/tigea-shop.si\/nb\/izdelek\/vozicek-z-orodjem-retter-r10\/","title":{"rendered":"VOZI\u010cEK Z ORODJEM RETTER R10"},"content":{"rendered":"<div class=\"\" data-block=\"true\" data-editor=\"dbab\" data-offset-key=\"26lcg-0-0\">\n<div class=\"_1mf _1mj\" data-offset-key=\"26lcg-0-0\"><span data-offset-key=\"26lcg-0-0\">\ud83d\udca2\ud83d\udeceVozi\u010dek za orodje Delavni\u0161ki vozi\u010dek z 8 predali, od katerih je 7 polnjenih z orodjem.<\/span><\/div>\n<\/div>\n<div class=\"\" data-block=\"true\" data-editor=\"dbab\" data-offset-key=\"d2ub9-0-0\">\n<div class=\"_1mf _1mj\" data-offset-key=\"d2ub9-0-0\"><span data-offset-key=\"d2ub9-0-0\">\ud83c\udf0fDimenzije (\u0161irina, globina, vi\u0161ina vklju\u010dno s kolesi): 780 x 465 x 980 mm<\/span><\/div>\n<\/div>\n<div class=\"\" data-block=\"true\" data-editor=\"dbab\" data-offset-key=\"6ls7i-0-0\">\n<div class=\"_1mf _1mj\" data-offset-key=\"6ls7i-0-0\"><span data-offset-key=\"6ls7i-0-0\">-7 x majhnih predalov (550 x 400 x 75 mm zunanje mere)<\/span><\/div>\n<\/div>\n<div class=\"\" data-block=\"true\" data-editor=\"dbab\" data-offset-key=\"7o28t-0-0\">\n<div class=\"_1mf _1mj\" data-offset-key=\"7o28t-0-0\"><span data-offset-key=\"7o28t-0-0\">-1 x velik predal (zunanje mere 550 x 400 x 150 mm)<\/span><\/div>\n<\/div>\n<div class=\"\" data-block=\"true\" data-editor=\"dbab\" data-offset-key=\"9amcr-0-0\">\n<div class=\"_1mf _1mj\" data-offset-key=\"9amcr-0-0\"><span data-offset-key=\"9amcr-0-0\">\ud83c\udf0fOrodje je izdelano iz posebnega krom-vanadijevega jekla. Zaradi tega je trpe\u017ena in odporna. \u0160irok nabor nastavkov, nastavkov ali izvija\u010dev je najbolj\u0161a izbira za vsako nalogo. Nabor orodij je zelo obse\u017een in z njim ni ni\u010desar, \u010desar ne bi mogli sestaviti.<\/span><\/div>\n<\/div>\n<div class=\"\" data-block=\"true\" data-editor=\"dbab\" data-offset-key=\"ae4l4-0-0\">\n<div class=\"_1mf _1mj\" data-offset-key=\"ae4l4-0-0\"><span data-offset-key=\"ae4l4-0-0\">Stranski predal s klju\u010davnico in klju\u010di<\/span><\/div>\n<\/div>\n<div class=\"\" data-block=\"true\" data-editor=\"dbab\" data-offset-key=\"6r2ju-0-0\"><\/div>\n<div class=\"\" data-block=\"true\" data-editor=\"dbab\" data-offset-key=\"cnd8u-0-0\">\n<div class=\"_1mf _1mj\" data-offset-key=\"cnd8u-0-0\"><\/div>\n<\/div>\n","protected":false},"excerpt":{"rendered":"<p>\ud83d\udca2\ud83d\udeceVozi\u010dek za orodje Delavni\u0161ki vozi\u010dek z 8 predali, od katerih je 7 polnjenih z orodjem. \ud83c\udf0fDimenzije (\u0161irina, globina, vi\u0161ina vklju\u010dno s kolesi): 780 x 465 x 980 mm -7 x majhnih predalov (550 x 400 x 75 mm zunanje mere) -1 x velik predal (zunanje mere 550 x 400 x 150 mm) \ud83c\udf0fOrodje je izdelano &hellip; <br \/><a href=\"https:\/\/tigea-shop.si\/nb\/izdelek\/vozicek-z-orodjem-retter-r10\/\" class=\"more-link\">Continue reading <span class=\"screen-reader-text\">VOZI\u010cEK Z ORODJEM RETTER R10<\/span><\/a><\/p>\n","protected":false},"featured_media":4455,"template":"","meta":[],"_links":{"self":[{"href":"https:\/\/tigea-shop.si\/nb\/wp-json\/wp\/v2\/product\/2712"}],"collection":[{"href":"https:\/\/tigea-shop.si\/nb\/wp-json\/wp\/v2\/product"}],"about":[{"href":"https:\/\/tigea-shop.si\/nb\/wp-json\/wp\/v2\/types\/product"}],"wp:featuredmedia":[{"embeddable":true,"href":"https:\/\/tigea-shop.si\/nb\/wp-json\/wp\/v2\/media\/4455"}],"wp:attachment":[{"href":"https:\/\/tigea-shop.si\/nb\/wp-json\/wp\/v2\/media?parent=2712"}],"curies":[{"name":"wp","href":"https:\/\/api.w.org\/{rel}","templated":true}]}}