{"id":2953,"date":"2023-01-20T06:57:57","date_gmt":"2023-01-20T05:57:57","guid":{"rendered":"https:\/\/tigea-shop.si\/?post_type=product&#038;p=2953"},"modified":"2024-01-28T07:26:38","modified_gmt":"2024-01-28T06:26:38","slug":"orodje-za-merjenje-napetosti-jermena","status":"publish","type":"product","link":"https:\/\/tigea-shop.si\/nb\/izdelek\/orodje-za-merjenje-napetosti-jermena\/","title":{"rendered":"Orodje za merjenje napetosti jermena"},"content":{"rendered":"<p>&#8211; za nastavitev za\u010detne napetosti pogonskega jermena<br \/>\n&#8211; se lahko uporablja za vse tipe vozil, dokler so na voljo tehni\u010dne specifikacije za priporo\u010deno napetost<br \/>\n&#8211; 1 vrtenje nastavitvene matice &#8211; obremenitev bata pribl.10 N (napetosti lahko berete na sprednjem in zadnjem delu orodja)<\/p>\n","protected":false},"excerpt":{"rendered":"<p>&#8211; za nastavitev za\u010detne napetosti pogonskega jermena &#8211; se lahko uporablja za vse tipe vozil, dokler so na voljo tehni\u010dne specifikacije za priporo\u010deno napetost &#8211; 1 vrtenje nastavitvene matice &#8211; obremenitev bata pribl.10 N (napetosti lahko berete na sprednjem in zadnjem delu orodja)<\/p>\n","protected":false},"featured_media":2954,"template":"","meta":[],"_links":{"self":[{"href":"https:\/\/tigea-shop.si\/nb\/wp-json\/wp\/v2\/product\/2953"}],"collection":[{"href":"https:\/\/tigea-shop.si\/nb\/wp-json\/wp\/v2\/product"}],"about":[{"href":"https:\/\/tigea-shop.si\/nb\/wp-json\/wp\/v2\/types\/product"}],"wp:featuredmedia":[{"embeddable":true,"href":"https:\/\/tigea-shop.si\/nb\/wp-json\/wp\/v2\/media\/2954"}],"wp:attachment":[{"href":"https:\/\/tigea-shop.si\/nb\/wp-json\/wp\/v2\/media?parent=2953"}],"curies":[{"name":"wp","href":"https:\/\/api.w.org\/{rel}","templated":true}]}}