{"id":3749,"date":"2024-01-27T18:56:09","date_gmt":"2024-01-27T17:56:09","guid":{"rendered":"https:\/\/tigea-shop.si\/?post_type=product&#038;p=3749"},"modified":"2024-04-05T09:10:47","modified_gmt":"2024-04-05T07:10:47","slug":"vakuum-pumpa-za-nadtlak-in-podtlak","status":"publish","type":"product","link":"https:\/\/tigea-shop.si\/nb\/izdelek\/vakuum-pumpa-za-nadtlak-in-podtlak\/","title":{"rendered":"Vakuum pumpa za nadtlak in podtlak"},"content":{"rendered":"<p>Primerno za: Preverjanje tesnosti ventilov Odzra\u010devanje zavor Preizkus vakuumskih rezervoarjev Preizkus klimatske naprave in gretja Preizkus pritiska \u010drpalke goriva Vsebina Vakuum pumpa za nadtlka in podtlak Rezervoar (2 x 120 ml) Cev (2 x 600 mm) Spojke Nastavki (13 kosov)<\/p>\n<p>POZOR! Pri sesanju zavorne teko\u010dine in podobnih teko\u010din bodite pozorni, da pi\u0161tola ne vsrka teko\u010dine. Topilne snovi lahko povzro\u010dijo okvaro notranjega mehanizma oz. tesnil.<\/p>\n","protected":false},"excerpt":{"rendered":"<p>Primerno za: Preverjanje tesnosti ventilov Odzra\u010devanje zavor Preizkus vakuumskih rezervoarjev Preizkus klimatske naprave in gretja Preizkus pritiska \u010drpalke goriva Vsebina Vakuum pumpa za nadtlka in podtlak Rezervoar (2 x 120 ml) Cev (2 x 600 mm) Spojke Nastavki (13 kosov) POZOR! Pri sesanju zavorne teko\u010dine in podobnih teko\u010din bodite pozorni, da pi\u0161tola ne vsrka teko\u010dine. &hellip; <br \/><a href=\"https:\/\/tigea-shop.si\/nb\/izdelek\/vakuum-pumpa-za-nadtlak-in-podtlak\/\" class=\"more-link\">Continue reading <span class=\"screen-reader-text\">Vakuum pumpa za nadtlak in podtlak<\/span><\/a><\/p>\n","protected":false},"featured_media":3750,"template":"","meta":[],"_links":{"self":[{"href":"https:\/\/tigea-shop.si\/nb\/wp-json\/wp\/v2\/product\/3749"}],"collection":[{"href":"https:\/\/tigea-shop.si\/nb\/wp-json\/wp\/v2\/product"}],"about":[{"href":"https:\/\/tigea-shop.si\/nb\/wp-json\/wp\/v2\/types\/product"}],"wp:featuredmedia":[{"embeddable":true,"href":"https:\/\/tigea-shop.si\/nb\/wp-json\/wp\/v2\/media\/3750"}],"wp:attachment":[{"href":"https:\/\/tigea-shop.si\/nb\/wp-json\/wp\/v2\/media?parent=3749"}],"curies":[{"name":"wp","href":"https:\/\/api.w.org\/{rel}","templated":true}]}}