{"id":3800,"date":"2024-02-24T09:22:56","date_gmt":"2024-02-24T08:22:56","guid":{"rendered":"https:\/\/tigea-shop.si\/?post_type=product&#038;p=3800"},"modified":"2024-02-24T09:22:56","modified_gmt":"2024-02-24T08:22:56","slug":"komplet-za-prezracevanje-zavor-in-testriranje-vakuuma","status":"publish","type":"product","link":"https:\/\/tigea-shop.si\/nb\/izdelek\/komplet-za-prezracevanje-zavor-in-testriranje-vakuuma\/","title":{"rendered":"Komplet za prezra\u010devanje zavor in testriranje vakuuma"},"content":{"rendered":"<section class=\"section\">\n<div class=\"item item-12\">\n<section class=\"text-item\">Ru\u010dna tla\u010dna, vakuumska pumpa je ure\u0111aj s velikim brojem primjena. Stvara vakuum do -1 BAR. Koristi se za provjeru automobilskih sustava \u010diji se rad temelji na vakuumu. Komplet vam omogu\u0107uje dijagnosticiranje svih dizelskih i benzinskih motora u gotovo svakom motoru ili sustavu.Sve zajedno, omogu\u0107uje vam da odmah po\u010dnete s radom, bez kupnje dodatne opreme. Provjera ispravnosti rada ko\u010dnica, senzora tlaka i jo\u0161 mnogo toga doprinosi sigurnosti putnika, ali i osobe koja upravlja automobilom. Budite sigurni, ne ugro\u017eavajte tu\u0111e \u017eivote.<\/section>\n<\/div>\n<\/section>\n<section class=\"section\">\n<div class=\"item item-6\">\n<section class=\"text-item\">Pumpa se mo\u017ee koristiti za dijagnosticiranje sljede\u0107ih sustava i ure\u0111aja:<\/p>\n<ul>\n<li>upravljanje automobilskim sustavima koji rade pod vakuumom<\/li>\n<\/ul>\n<ul>\n<li>dijagnostika dizelskih i benzinskih motora<\/li>\n<\/ul>\n<ul>\n<li>ispitivanje ure\u0111aja za upravljanje motorom, npr.<\/li>\n<\/ul>\n<p>zra\u010dne ko\u010dnice<\/p>\n<p>klasi\u010dne ko\u010dnice<\/p>\n<p>ABS sustav<\/p>\n<p>Sajle za ko\u010dnice<\/p>\n<p>vakuum paljenja<\/p>\n<p>EGR sustav recirkulacije ispu\u0161nih plinova<\/p>\n<p>PCV sustav<\/p>\n<p>BARO senzor tlaka<\/p>\n<\/section>\n<\/div>\n<\/section>\n<section class=\"section\">\n<div class=\"item item-12\">\n<section class=\"text-item\">\n<ul>\n<li>OSIGURAJTE SIGURNOST &#8211; provjera ispravnosti rada ko\u010dnica, senzora tlaka i mnogih drugih stvari doprinosi sigurnosti putnika, ali i osobe koja upravlja automobilom.<\/li>\n<\/ul>\n<ul>\n<li>KIT &#8211; set uklju\u010duje pumpu s manometrom, savitljivo crijevo, set spojnih krajeva i \u010depova, set spojnih \u017eica, set konektora za \u017eice, posudu i dva poklopca od kojih jedan ima 2 \u010depa. Sve to vam omogu\u0107uje da odmah po\u010dnete s radom, bez kupnje dodatne opreme.<\/li>\n<\/ul>\n<ul>\n<li>FUTROLA &#8211; set je upakiran u prakti\u010dnu torbicu koja vam omogu\u0107uje da cijeli set imate na jednom mjestu, bez opasnosti od gubitka bilo kojeg dijela.<\/li>\n<li>UNIVERZALNO \u2013 omogu\u0107uje dijagnostiku svih diesel i benzinskih motora.<\/li>\n<li>SPECIFIKACIJA \u2013 zapremina posude: 120ml; dimenzije kutije (duljina\/\u0161irina\/visina): 25,5\/8\/21cm; te\u017eina seta: 1,04 kg.<\/li>\n<\/ul>\n<\/section>\n<\/div>\n<\/section>\n<section class=\"section\">\n<div class=\"item item-6\">\n<section class=\"text-item\">\n<ul>\n<li>zapremina posude: 120 ml<\/li>\n<li>dimenzije kutije (duljina\/\u0161irina\/visina): 25,5\/8\/21 cm<\/li>\n<li>te\u017eina seta: 1,04 kg<\/li>\n<li>kofer<\/li>\n<li>pumpa s manometrom<\/li>\n<li>savitljivi kabel<\/li>\n<li>set priklju\u010dnih stezaljki i utika\u010da<\/li>\n<li>set terminalnih blokova sa \u017eicama<\/li>\n<li>set konektora za \u017eice<\/li>\n<li>spremnik<\/li>\n<li>dva poklopca (jedan s 2 \u010depa)<\/li>\n<\/ul>\n<\/section>\n<\/div>\n<\/section>\n","protected":false},"excerpt":{"rendered":"<p>Ru\u010dna tla\u010dna, vakuumska pumpa je ure\u0111aj s velikim brojem primjena. Stvara vakuum do -1 BAR. Koristi se za provjeru automobilskih sustava \u010diji se rad temelji na vakuumu. Komplet vam omogu\u0107uje dijagnosticiranje svih dizelskih i benzinskih motora u gotovo svakom motoru ili sustavu.Sve zajedno, omogu\u0107uje vam da odmah po\u010dnete s radom, bez kupnje dodatne opreme. Provjera &hellip; <br \/><a href=\"https:\/\/tigea-shop.si\/nb\/izdelek\/komplet-za-prezracevanje-zavor-in-testriranje-vakuuma\/\" class=\"more-link\">Continue reading <span class=\"screen-reader-text\">Komplet za prezra\u010devanje zavor in testriranje vakuuma<\/span><\/a><\/p>\n","protected":false},"featured_media":3805,"template":"","meta":[],"_links":{"self":[{"href":"https:\/\/tigea-shop.si\/nb\/wp-json\/wp\/v2\/product\/3800"}],"collection":[{"href":"https:\/\/tigea-shop.si\/nb\/wp-json\/wp\/v2\/product"}],"about":[{"href":"https:\/\/tigea-shop.si\/nb\/wp-json\/wp\/v2\/types\/product"}],"wp:featuredmedia":[{"embeddable":true,"href":"https:\/\/tigea-shop.si\/nb\/wp-json\/wp\/v2\/media\/3805"}],"wp:attachment":[{"href":"https:\/\/tigea-shop.si\/nb\/wp-json\/wp\/v2\/media?parent=3800"}],"curies":[{"name":"wp","href":"https:\/\/api.w.org\/{rel}","templated":true}]}}