{"id":3810,"date":"2024-02-24T09:47:28","date_gmt":"2024-02-24T08:47:28","guid":{"rendered":"https:\/\/tigea-shop.si\/?post_type=product&#038;p=3810"},"modified":"2024-02-24T09:47:29","modified_gmt":"2024-02-24T08:47:29","slug":"orodje-za-menjavo-zavorne-tekocine-s-pripomocki","status":"publish","type":"product","link":"https:\/\/tigea-shop.si\/nb\/izdelek\/orodje-za-menjavo-zavorne-tekocine-s-pripomocki\/","title":{"rendered":"Orodje za menjavo zavorne teko\u010dine s pripomo\u010dki"},"content":{"rendered":"<p>Orodje za menjavo zavorne teko\u010dine in prezra\u010devanje zavornega sistema na avtomobilih in motornih kolesih. Zaradi preproste zasnove omogo\u010da hitro in enostavno delo. Za standardne zavorne sisteme (tudi ABS sisteme). Primerno za avtomobile in tudi motorna kolesa. Zaradi zaprtega preto\u010dnega sistema se izognemo tudi kontaminaciji.<\/p>\n<ul>\n<li>Postopek izpiranja in ponovnega polnjenja lahko opravi ena oseba.<\/li>\n<li>4 razli\u010dni adapterji za steklenice s teko\u010dino, ki se prilegajo va\u0161emu glavnemu cilindru.<\/li>\n<li>Prozorna odto\u010dna cev omogo\u010da vizualni pregled stare odsesovalne teko\u010dine. Odzra\u010devalnik sklopke s kavljem za obe\u0161anje in zaklepnim spro\u017eilcem omogo\u010da prostoro\u010dno upravljanje.<\/li>\n<li>S pomo\u010djo pnevmatskega sistema ustvari 60% vakuum.<\/li>\n<li>Primerno za ve\u010dino vozil.<\/li>\n<li>Hitro, \u010disto in u\u010dinkovito.<\/li>\n<\/ul>\n<p><strong>Velikosti adapterjev<\/strong><\/p>\n<ul>\n<li>21 mm &#8211; 30 mm<\/li>\n<li>24 mm &#8211; 32 mm<\/li>\n<li>28 mm &#8211; 37 mm<\/li>\n<li>32 mm &#8211; 41 mm<\/li>\n<\/ul>\n","protected":false},"excerpt":{"rendered":"<p>Orodje za menjavo zavorne teko\u010dine in prezra\u010devanje zavornega sistema na avtomobilih in motornih kolesih. Zaradi preproste zasnove omogo\u010da hitro in enostavno delo. Za standardne zavorne sisteme (tudi ABS sisteme). Primerno za avtomobile in tudi motorna kolesa. Zaradi zaprtega preto\u010dnega sistema se izognemo tudi kontaminaciji. Postopek izpiranja in ponovnega polnjenja lahko opravi ena oseba. 4 razli\u010dni &hellip; <br \/><a href=\"https:\/\/tigea-shop.si\/nb\/izdelek\/orodje-za-menjavo-zavorne-tekocine-s-pripomocki\/\" class=\"more-link\">Continue reading <span class=\"screen-reader-text\">Orodje za menjavo zavorne teko\u010dine s pripomo\u010dki<\/span><\/a><\/p>\n","protected":false},"featured_media":3811,"template":"","meta":[],"_links":{"self":[{"href":"https:\/\/tigea-shop.si\/nb\/wp-json\/wp\/v2\/product\/3810"}],"collection":[{"href":"https:\/\/tigea-shop.si\/nb\/wp-json\/wp\/v2\/product"}],"about":[{"href":"https:\/\/tigea-shop.si\/nb\/wp-json\/wp\/v2\/types\/product"}],"wp:featuredmedia":[{"embeddable":true,"href":"https:\/\/tigea-shop.si\/nb\/wp-json\/wp\/v2\/media\/3811"}],"wp:attachment":[{"href":"https:\/\/tigea-shop.si\/nb\/wp-json\/wp\/v2\/media?parent=3810"}],"curies":[{"name":"wp","href":"https:\/\/api.w.org\/{rel}","templated":true}]}}