{"id":3837,"date":"2024-02-24T16:01:34","date_gmt":"2024-02-24T15:01:34","guid":{"rendered":"https:\/\/tigea-shop.si\/?post_type=product&#038;p=3837"},"modified":"2024-02-24T16:01:34","modified_gmt":"2024-02-24T15:01:34","slug":"orodje-za-fazo-motorja-fiat-opel-suzuki-saab-alfa-romeo-lancia","status":"publish","type":"product","link":"https:\/\/tigea-shop.si\/nb\/izdelek\/orodje-za-fazo-motorja-fiat-opel-suzuki-saab-alfa-romeo-lancia\/","title":{"rendered":"Orodje za fazo motorja &#8211; Fiat, Opel, Suzuki, Saab, Alfa Romeo, Lancia."},"content":{"rendered":"<p>Orodje za zaklepanje ro\u010di\u010dne in odmi\u010dne gredi, ter za napenjanje zobatega jermena.\u00a0Posebej zasnovano za veri\u017ene motorje Fiat, ki so vgrajeni v najnovej\u0161e sodobne avtomobile. Ohranja ro\u010di\u010dno gred na mestu, kar omogo\u010da krmiljenje motorja pri zamenjavi zobatega jermena.<\/p>\n<p><strong>Vsebina:<\/strong><\/p>\n<ul>\n<li>Orodje za nastavitev ro\u010di\u010dne gredi\u00a0&#8211; OEM: 1 860 901 000<\/li>\n<li>Zati\u010da za nastavitev odmi\u010dne gredi &#8211; OEM: EN-46781<\/li>\n<li>Orodje za nastavitev ro\u010di\u010dne gredi &#8211; OEM: 1 860 901 000<\/li>\n<li>Zati\u010d za napenjalec &#8211; OEM: KM6130<\/li>\n<li>Orodje za nastavitev ro\u010di\u010dne gredi &#8211; OEM: EN-46788, 1 860 905 000\/010<\/li>\n<li>Zati\u010d za poravnavo ro\u010di\u010dne gredi &#8211; Zadr\u017eevalna vzmet. OEM: EN-46785<\/li>\n<li>Vijak za poravnavo odmi\u010dne gredi &#8211; OEM: EN-46789-100<\/li>\n<li>Orodje za poravnavo odmi\u010dne gredi &#8211; OEM: EN-46781<\/li>\n<\/ul>\n<p><strong>Primerno za:<\/strong><\/p>\n<ul>\n<li><strong>Alfa Romeo<\/strong>\u00a0&#8211; 145, 146, 147, 156, 166, Crosswagon, GT<\/li>\n<li><strong>Fiat<\/strong>\u00a0&#8211; Brava, Bravo, Doblo, Doblo Cargo, Marea, Marea Weekend, Multipla, Palio Weekend, Punto, Punto Classic, Strada Pick-up, Idea, Panda, Stilo, Ritmo<\/li>\n<li><strong>Lancia<\/strong>\u00a0&#8211; Musa, Ypsilon, Libra, diplomsko delo<\/li>\n<li><strong>Opel<\/strong>\u00a0&#8211; Agila, Astra H, Combo C, Corsa C, Meriva, Signum, Tigra B, Vectra C, Zafira B<\/li>\n<li><strong>Suzuki<\/strong>\u00a0&#8211; Swift, Wagon R +<\/li>\n<li><strong>Saab\u00a0<\/strong>\u00a0&#8211; 9-3, 9-5<\/li>\n<\/ul>\n<p><strong>Koda motorja:<\/strong><\/p>\n<ul>\n<li><strong>Alfa Romeo<\/strong>: 182B9.000, 192A5.000, 192B1.000, 342.02, 323.02, 325.01, 839A6.000, 841C.000, 841G.000, 841H.000, 937A2.000, 937A4.000, 937A5.000<\/li>\n<li><strong>Lancia<\/strong>: 188B2.000, 188A9.000, 323.02, 839A5.000, 839A6.000, 841C.000, 841G.000, 841H.000, 937A2.000<\/li>\n<li><strong>Opel<\/strong>: Z13DT, Z13DTH, Z13DTJ, Z19DT, Z19DTH, Z19DTJ<\/li>\n<li><strong>Fiat<\/strong>: 182A7.000, 182B4.000, 182B9.000, 186A9.000, 188A2.000, 188A3.000, 188B2.000, 188A8.000, 188A9.000, 192A1.000, 192A3.000, 192A5.000, 192B1 .000, 223A7.000, 937A5.000<\/li>\n<li><strong>Suzuki<\/strong>: Z13DT<\/li>\n<li><strong>Saab<\/strong>: Z19DT, Z19DTH, Z19DTJ<\/li>\n<\/ul>\n","protected":false},"excerpt":{"rendered":"<p>Orodje za zaklepanje ro\u010di\u010dne in odmi\u010dne gredi, ter za napenjanje zobatega jermena.\u00a0Posebej zasnovano za veri\u017ene motorje Fiat, ki so vgrajeni v najnovej\u0161e sodobne avtomobile. Ohranja ro\u010di\u010dno gred na mestu, kar omogo\u010da krmiljenje motorja pri zamenjavi zobatega jermena. Vsebina: Orodje za nastavitev ro\u010di\u010dne gredi\u00a0&#8211; OEM: 1 860 901 000 Zati\u010da za nastavitev odmi\u010dne gredi &#8211; OEM: &hellip; <br \/><a href=\"https:\/\/tigea-shop.si\/nb\/izdelek\/orodje-za-fazo-motorja-fiat-opel-suzuki-saab-alfa-romeo-lancia\/\" class=\"more-link\">Continue reading <span class=\"screen-reader-text\">Orodje za fazo motorja &#8211; Fiat, Opel, Suzuki, Saab, Alfa Romeo, Lancia.<\/span><\/a><\/p>\n","protected":false},"featured_media":3838,"template":"","meta":[],"_links":{"self":[{"href":"https:\/\/tigea-shop.si\/nb\/wp-json\/wp\/v2\/product\/3837"}],"collection":[{"href":"https:\/\/tigea-shop.si\/nb\/wp-json\/wp\/v2\/product"}],"about":[{"href":"https:\/\/tigea-shop.si\/nb\/wp-json\/wp\/v2\/types\/product"}],"wp:featuredmedia":[{"embeddable":true,"href":"https:\/\/tigea-shop.si\/nb\/wp-json\/wp\/v2\/media\/3838"}],"wp:attachment":[{"href":"https:\/\/tigea-shop.si\/nb\/wp-json\/wp\/v2\/media?parent=3837"}],"curies":[{"name":"wp","href":"https:\/\/api.w.org\/{rel}","templated":true}]}}