{"id":4290,"date":"2025-02-05T11:05:55","date_gmt":"2025-02-05T10:05:55","guid":{"rendered":"https:\/\/tigea-shop.si\/?post_type=product&#038;p=4290"},"modified":"2025-02-05T11:05:56","modified_gmt":"2025-02-05T10:05:56","slug":"pnevmatsko-orodje-za-prezracevanje-zavor","status":"publish","type":"product","link":"https:\/\/tigea-shop.si\/nb\/izdelek\/pnevmatsko-orodje-za-prezracevanje-zavor\/","title":{"rendered":"Pnevmatsko orodje za prezra\u010devanje zavor"},"content":{"rendered":"<p>Komplet za servis zavornega sistema. Naprava omogo\u010da, da ena oseba hitro in enostavno zamenja teko\u010dino v zavornem sistemu in hidravli\u010dni sklopki. Komplet omogo\u010da tudi hitro odzra\u010devanje zavornega sistema. Napravi je prilo\u017eena priro\u010dna torbica s kompletom adapterjev, ki omogo\u010dajo delovanje z ve\u010dino zavornih sistemov<\/p>\n<h4><span>Lastnosti izdelka:<\/span><\/h4>\n<ul>\n<li><span>omogo\u010da zamenjavo teko\u010dine v zavornih sistemih in hidravli\u010dnih sklopkah z eno osebo<\/span><\/li>\n<li><span>omogo\u010da hitro in enostavno odzra\u010devanje zavornega sistema<\/span><\/li>\n<li><span>prilo\u017een je etui s kompletom adapterjev, ki so primerni za ve\u010dino avtomobilskih znamk<\/span><\/li>\n<li><span>naprava je opremljena z nizkotla\u010dnim rezervoarjem, ki ga lahko predhodno napolnimo s stisnjenim zrakom, zato naprava ne zahteva stalne povezave s kompresorjem<\/span><\/li>\n<li><span>berljiv manometer, ki prikazuje trenutni tlak v rezervoarju<\/span><\/li>\n<li><span>pnevmatska cev dol\u017eine\u00a0<\/span><\/li>\n<\/ul>\n<h4><span>Tehni\u010dne specifikacije:<\/span><\/h4>\n<p><span>Delovni tlak:\u00a0<\/span><strong><span>10-40 PSI (0,7-2,8 bar)<\/span><\/strong><\/p>\n<p><span>Poraba zraka:\u00a0<\/span><strong><span>127,43 l\/min (4,5 CFM)<\/span><\/strong><\/p>\n<p><span>Prostornina tla\u010dne posode:\u00a0<\/span><strong><span>10 litrov<\/span><\/strong><\/p>\n<p><span>Zra\u010dni priklju\u010dek:\u00a0<\/span><strong><span>1\/4\u201d<\/span><\/strong><\/p>\n<p><span>Dol\u017eina cevi:\u00a0<\/span><strong><span>5,4 m<\/span><\/strong><\/p>\n<p><span>Oprema:<\/span><\/p>\n<ul>\n<li><strong><span>adapterji rezervoarja zavorne teko\u010dine \u2013 8 kosov.<\/span><\/strong><\/li>\n<li><strong><span>univerzalni adapterji \u2013 3 kosi.<\/span><\/strong><\/li>\n<li><strong><span>rabljena posoda zavorne teko\u010dine s cevjo in gumijastim adapterjem<\/span><\/strong><\/li>\n<\/ul>\n<p>&nbsp;<\/p>\n","protected":false},"excerpt":{"rendered":"<p>Komplet za servis zavornega sistema. Naprava omogo\u010da, da ena oseba hitro in enostavno zamenja teko\u010dino v zavornem sistemu in hidravli\u010dni sklopki. Komplet omogo\u010da tudi hitro odzra\u010devanje zavornega sistema. Napravi je prilo\u017eena priro\u010dna torbica s kompletom adapterjev, ki omogo\u010dajo delovanje z ve\u010dino zavornih sistemov Lastnosti izdelka: omogo\u010da zamenjavo teko\u010dine v zavornih sistemih in hidravli\u010dnih sklopkah z &hellip; <br \/><a href=\"https:\/\/tigea-shop.si\/nb\/izdelek\/pnevmatsko-orodje-za-prezracevanje-zavor\/\" class=\"more-link\">Continue reading <span class=\"screen-reader-text\">Pnevmatsko orodje za prezra\u010devanje zavor<\/span><\/a><\/p>\n","protected":false},"featured_media":4291,"template":"","meta":[],"_links":{"self":[{"href":"https:\/\/tigea-shop.si\/nb\/wp-json\/wp\/v2\/product\/4290"}],"collection":[{"href":"https:\/\/tigea-shop.si\/nb\/wp-json\/wp\/v2\/product"}],"about":[{"href":"https:\/\/tigea-shop.si\/nb\/wp-json\/wp\/v2\/types\/product"}],"wp:featuredmedia":[{"embeddable":true,"href":"https:\/\/tigea-shop.si\/nb\/wp-json\/wp\/v2\/media\/4291"}],"wp:attachment":[{"href":"https:\/\/tigea-shop.si\/nb\/wp-json\/wp\/v2\/media?parent=4290"}],"curies":[{"name":"wp","href":"https:\/\/api.w.org\/{rel}","templated":true}]}}