{"id":4789,"date":"2026-03-05T15:27:05","date_gmt":"2026-03-05T14:27:05","guid":{"rendered":"https:\/\/tigea-shop.si\/?post_type=product&#038;p=4789"},"modified":"2026-03-05T17:20:40","modified_gmt":"2026-03-05T16:20:40","slug":"vozicek-z-orodjem-ftools-12-10","status":"publish","type":"product","link":"https:\/\/tigea-shop.si\/nb\/izdelek\/vozicek-z-orodjem-ftools-12-10\/","title":{"rendered":"Vozi\u010dek z orodjem Ftools 12\/10"},"content":{"rendered":"<ul>\n<li><strong><span dir=\"auto\">Predal 1 \u2013 Raglje, momentni klju\u010d in pribor<\/span><\/strong>\n<ul>\n<li><span dir=\"auto\">Raglje 1\/2&#8243;, 3\/8&#8243;, 1\/4&#8243;; ro\u010daj vrtljivega klju\u010da 1\/4&#8243;<\/span><\/li>\n<li><span dir=\"auto\">Momentni klju\u010d 1\/2&#8243;<\/span><\/li>\n<li><span dir=\"auto\">Podalj\u0161ek 1\/2&#8243; \u2013 5&#8243;<\/span><\/li>\n<li><span dir=\"auto\">Podalj\u0161ek 3\/8&#8243; \u2013 6&#8243;<\/span><\/li>\n<li><span dir=\"auto\">Podalj\u0161ek 1\/4&#8243; \u2013 4&#8243;<\/span><\/li>\n<li><span dir=\"auto\">Univerzalni zglobi 1\/2&#8243;, 3\/8&#8243;, 1\/4&#8243;<\/span><\/li>\n<li><span dir=\"auto\">Adapterji 1\/2&#8243; \u2194 3\/8&#8243;, adapter 3\/8&#8243; \u2194 1\/4&#8243;<\/span><\/li>\n<li><span dir=\"auto\">Omejevalnik kota 3\u00b0<\/span><\/li>\n<li><span dir=\"auto\">Barvni nastavki za kolesa: 17, 19, 21, 22 mm<\/span><\/li>\n<li><strong><span dir=\"auto\">Vti\u010dnice:<\/span><\/strong>\n<ul>\n<li><span dir=\"auto\">1\/2&#8243;: 17, 19, 20, 21, 22, 24, 27, 30, 32 mm<\/span><\/li>\n<li><span dir=\"auto\">3\/8&#8243;: 8, 10, 11, 12, 13, 14, 15, 17, 19 mm<\/span><\/li>\n<li><span dir=\"auto\">1\/4&#8243;: 4\u201314 mm (vklju\u010dno s polovi\u010dnimi velikostmi)<\/span><\/li>\n<\/ul>\n<\/li>\n<li><strong><span dir=\"auto\">Garniture\/obmo\u010dja:<\/span><\/strong><span dir=\"auto\">\u00a01\/4&#8243;: 6\u201314 mm; 3\/8&#8243;: 10, 11, 12, 13, 14, 15, 17, 19 mm<\/span><\/li>\n<li><strong><span dir=\"auto\">Bitovi in \u200b\u200bnastavki za bite:<\/span><\/strong><span dir=\"auto\">\u00a0HEX, dolgi HEX, TORX, veliki TORX, TORX TR, Spline \/ XZN, SL, PH, PZ<\/span><\/li>\n<\/ul>\n<\/li>\n<li><strong><span dir=\"auto\">Predal 2 \u2013 Kombinirani klju\u010di<\/span><\/strong>\n<ul>\n<li><strong><span dir=\"auto\">Kombinacija:<\/span><\/strong><span dir=\"auto\">\u00a06\u201324, 27, 30, 32 mm<\/span><\/li>\n<li><strong><span dir=\"auto\">Okrogli klju\u010di z odmikom:<\/span><\/strong><span dir=\"auto\">\u00a06\u00d77, 8\u00d79, 10\u00d711, 12\u00d713, 14\u00d715, 16\u00d717, 18\u00d719<\/span><\/li>\n<\/ul>\n<\/li>\n<li><strong><span dir=\"auto\">Predal 3 \u2013 Kombinirani klju\u010di z ragljo<\/span><\/strong>\n<ul>\n<li><strong><span dir=\"auto\">Z ragljo:<\/span><\/strong><span dir=\"auto\">\u00a06\u201324, 27, 30, 32 mm<\/span><\/li>\n<li><strong><span dir=\"auto\">Z ragljo in zglobom:<\/span><\/strong><span dir=\"auto\">\u00a06\u201317, 19 mm<\/span><\/li>\n<\/ul>\n<\/li>\n<li><strong><span dir=\"auto\">Predal 4 \u2013 Izvija\u010di<\/span><\/strong>\n<ul>\n<li><strong><span dir=\"auto\">Torx klju\u010d (TX):<\/span><\/strong><span dir=\"auto\">\u00a0TX6\u00d775 \u2013 TX40\u00d7150<\/span><\/li>\n<li><strong><span dir=\"auto\">Phillips (PH):<\/span><\/strong><span dir=\"auto\">\u00a0PH1\u00d775, PH2\u00d738\/100, PH3\u00d7150<\/span><\/li>\n<li><strong><span dir=\"auto\">Plo\u0161\u010dato (SL):<\/span><\/strong><span dir=\"auto\">\u00a0SL5\u00d775, SL6\u00d7100, SL8\u00d7150<\/span><\/li>\n<li><strong><span dir=\"auto\">Precizna dolga:<\/span><\/strong><span dir=\"auto\">\u00a0PH0\u00d7100, SL3\u00d7100<\/span><\/li>\n<\/ul>\n<\/li>\n<li><strong><span dir=\"auto\">Predal 5 \u2013 Klju\u010di s T-ro\u010dajem (HEX in TORX)<\/span><\/strong>\n<ul>\n<li><strong><span dir=\"auto\">HEX:<\/span><\/strong><span dir=\"auto\">\u00a0H2\u2013H10 (100\u2013200 mm)<\/span><\/li>\n<li><strong><span dir=\"auto\">TORX:<\/span><\/strong><span dir=\"auto\">\u00a0T10\u2013T50 (100\u2013200 mm)<\/span><\/li>\n<\/ul>\n<\/li>\n<li><strong><span dir=\"auto\">Predal 6 \u2013 Kle\u0161\u010de, kle\u0161\u010de za varovalne obro\u010dke in prebijala<\/span><\/strong>\n<ul>\n<li><strong><span dir=\"auto\">Orodje:<\/span><\/strong><span dir=\"auto\">\u00a0in\u017eenirsko kladivo, nastavljive kle\u0161\u010de, kombinirane kle\u0161\u010de 6&#8243;, kle\u0161\u010de z dolgim \u200b\u200bnosom 6&#8243;, stranski \u0161\u010dipalniki 6&#8243;, upogibne kle\u0161\u010de<\/span><\/li>\n<li><strong><span dir=\"auto\">Kle\u0161\u010de za varovalne obro\u010dke:<\/span><\/strong><span dir=\"auto\">\u00a0zunanje in notranje, ravne in kotne<\/span><\/li>\n<li><strong><span dir=\"auto\">Luknja\u010di:<\/span><\/strong><span dir=\"auto\">\u00a03\u20138 mm \u00d7 150 mm<\/span><\/li>\n<\/ul>\n<\/li>\n<li><strong><span dir=\"auto\">Predal 7 \u2013 Nasadni klju\u010di s T-ro\u010dajem (metri\u010dni)<\/span><\/strong>\n<ul>\n<li><span dir=\"auto\">6\u201314 mm<\/span><\/li>\n<\/ul>\n<\/li>\n<li><strong><span dir=\"auto\">Predal 8 \u2013 Orodja za stiskanje in kabelski priklju\u010dki<\/span><\/strong>\n<ul>\n<li><span dir=\"auto\">Kle\u0161\u010de za stiskanje s funkcijo odstranjevanja izolacije<\/span><\/li>\n<li><span dir=\"auto\">Izolirani kabelski priklju\u010dki<\/span><\/li>\n<\/ul>\n<\/li>\n<li><strong><span dir=\"auto\">Predal 9 \u2013 In\u017eenirske mape<\/span><\/strong>\n<ul>\n<li><span dir=\"auto\">Ploska, kvadratna, okrogla, polkro\u017ena, trikotna<\/span><\/li>\n<\/ul>\n<\/li>\n<li><strong><span dir=\"auto\">Predal 10 \u2013 Izolirani izvija\u010di (VDE)<\/span><\/strong>\n<ul>\n<li><strong><span dir=\"auto\">Phillips (PH):<\/span><\/strong><span dir=\"auto\">\u00a0PH0\u00d775, PH1\u00d7100, PH2\u00d7100<\/span><\/li>\n<li><strong><span dir=\"auto\">Plo\u0161\u010data (SL):<\/span><\/strong><span dir=\"auto\">\u00a0SL3\u00d775, SL4\u00d7100, SL5,5\u00d7125, SL6,5\u00d7150<\/span><\/li>\n<\/ul>\n<\/li>\n<\/ul>\n<h3><strong><span dir=\"auto\">Specifikacija:<\/span><\/strong><\/h3>\n<ul>\n<li><strong><span dir=\"auto\">Dimenzije:<\/span><\/strong><span dir=\"auto\">\u00a0115 \u00d7 100 \u00d7 46 cm<\/span><\/li>\n<li><strong><span dir=\"auto\">Te\u017ea:<\/span><\/strong><span dir=\"auto\">\u00a0122 kg<\/span><\/li>\n<li><strong><span dir=\"auto\">Material:<\/span><\/strong><span dir=\"auto\">\u00a0krom-vanadijevo jeklo<\/span><\/li>\n<li><strong><span dir=\"auto\">\u0160tevilo predalov:<\/span><\/strong><span dir=\"auto\">\u00a012 (10 polnih, 2 prazna)<\/span><\/li>\n<li><strong><span dir=\"auto\">\u0160tevilo elementov:<\/span><\/strong><span dir=\"auto\">\u00a0473<\/span><\/li>\n<\/ul>\n","protected":false},"excerpt":{"rendered":"<p>Predal 1 \u2013 Raglje, momentni klju\u010d in pribor Raglje 1\/2&#8243;, 3\/8&#8243;, 1\/4&#8243;; ro\u010daj vrtljivega klju\u010da 1\/4&#8243; Momentni klju\u010d 1\/2&#8243; Podalj\u0161ek 1\/2&#8243; \u2013 5&#8243; Podalj\u0161ek 3\/8&#8243; \u2013 6&#8243; Podalj\u0161ek 1\/4&#8243; \u2013 4&#8243; Univerzalni zglobi 1\/2&#8243;, 3\/8&#8243;, 1\/4&#8243; Adapterji 1\/2&#8243; \u2194 3\/8&#8243;, adapter 3\/8&#8243; \u2194 1\/4&#8243; Omejevalnik kota 3\u00b0 Barvni nastavki za kolesa: 17, 19, 21, 22 &hellip; <br \/><a href=\"https:\/\/tigea-shop.si\/nb\/izdelek\/vozicek-z-orodjem-ftools-12-10\/\" class=\"more-link\">Continue reading <span class=\"screen-reader-text\">Vozi\u010dek z orodjem Ftools 12\/10<\/span><\/a><\/p>\n","protected":false},"featured_media":4807,"template":"","meta":[],"_links":{"self":[{"href":"https:\/\/tigea-shop.si\/nb\/wp-json\/wp\/v2\/product\/4789"}],"collection":[{"href":"https:\/\/tigea-shop.si\/nb\/wp-json\/wp\/v2\/product"}],"about":[{"href":"https:\/\/tigea-shop.si\/nb\/wp-json\/wp\/v2\/types\/product"}],"wp:featuredmedia":[{"embeddable":true,"href":"https:\/\/tigea-shop.si\/nb\/wp-json\/wp\/v2\/media\/4807"}],"wp:attachment":[{"href":"https:\/\/tigea-shop.si\/nb\/wp-json\/wp\/v2\/media?parent=4789"}],"curies":[{"name":"wp","href":"https:\/\/api.w.org\/{rel}","templated":true}]}}