{"id":4853,"date":"2026-04-01T15:59:19","date_gmt":"2026-04-01T13:59:19","guid":{"rendered":"https:\/\/tigea-shop.si\/?post_type=product&#038;p=4853"},"modified":"2026-04-01T15:59:20","modified_gmt":"2026-04-01T13:59:20","slug":"vozicek-z-orodjem-retter-rs2","status":"publish","type":"product","link":"https:\/\/tigea-shop.si\/nb\/izdelek\/vozicek-z-orodjem-retter-rs2\/","title":{"rendered":"VOZI\u010cEK Z ORODJEM RETTER RS2"},"content":{"rendered":"<p><span dir=\"auto\">Delovna miza RETTER RS2 z 10 predali in prostornim predalom je idealna re\u0161itev za delavnice. Z dimenzijami 230 cm x 92 cm x 51 cm ponuja veliko prostora in impresivno nosilnost 180 kg.<\/span><\/p>\n<p><strong><span dir=\"auto\">Funkcije na prvi pogled:<\/span><\/strong><\/p>\n<ul>\n<li><span dir=\"auto\">Dimenzije (dol\u017eina x vi\u0161ina x \u0161irina): 230 cm x 92 cm x 51 cm<\/span><\/li>\n<li><span dir=\"auto\">Nosilnost: 180 kg<\/span><\/li>\n<li><span dir=\"auto\">10 prostornih predalov<\/span><\/li>\n<li><span dir=\"auto\">1 velik predal za omaro<\/span><\/li>\n<li><span dir=\"auto\">Trdna 4 cm lesena delovna plo\u0161\u010da<\/span><\/li>\n<li><span dir=\"auto\">Pra\u0161no barvano kovinsko ohi\u0161je v elegantni barvi<\/span><\/li>\n<\/ul>\n<p><span dir=\"auto\">RETTER pomeni kakovost, garancijo in zmogljivost po razumni ceni. Na\u0161e re\u0161itve za delavnice v va\u0161e delovno okolje prina\u0161ajo ne le red, temve\u010d tudi u\u010dinkovitost. Pra\u0161no lakirana povr\u0161ina daje va\u0161emu prostoru profesionalen videz, pametno zasnovani predali in police pa omogo\u010dajo enostaven dostop do vsega.<\/span><\/p>\n<ul>\n<li><span dir=\"auto\">Enostavna mobilnost zaradi robustnih industrijskih kolesc<\/span><\/li>\n<li><span dir=\"auto\">Protizdrsne podloge v predalih za varno shranjevanje<\/span><\/li>\n<li><span dir=\"auto\">Robustni ro\u010daji iz nerjave\u010dega jekla za enostaven dostop<\/span><\/li>\n<li><span dir=\"auto\">Individualna funkcija zaklepanja za predale in omarice<\/span><\/li>\n<li><span dir=\"auto\">Tihi in gladki drsniki predalov<\/span><\/li>\n<li><span dir=\"auto\">Integrirana zadnja plo\u0161\u010da za priro\u010dno shranjevanje orodja<\/span><\/li>\n<\/ul>\n<div>\n<p><strong><span dir=\"auto\">Druge funkcije:<\/span><\/strong><\/p>\n<ul>\n<li><span dir=\"auto\">Robustna kolesa s krogli\u010dnimi le\u017eaji za te\u017eka bremena, dva z zavorami<\/span><\/li>\n<li><span dir=\"auto\">Dimenzije role: 150 mm x 40 mm<\/span><\/li>\n<\/ul>\n<p><span dir=\"auto\">Organizirajte svoje delovno mesto z vozi\u010dkom za orodje RETTER RS2 Workstation in izkusite kakovost, ki se obrestuje. Va\u0161a delavnica ne bo postala le u\u010dinkovitej\u0161a, ampak tudi estetsko prijetnej\u0161a. Pri RETTERJU dobite zagotovljeno kakovost, ki se izpla\u010da.<\/span><\/p>\n<\/div>\n<p><strong><span dir=\"auto\">Dimenzije:<\/span><\/strong><\/p>\n<ul>\n<li class=\"image-container\"><span dir=\"auto\">Delovna povr\u0161ina: 4 cm debela lesena deska<\/span><\/li>\n<li class=\"image-container\"><span dir=\"auto\">Vklju\u010dno s kolesi in ro\u010daji z zadnjo plo\u0161\u010do: 230 cm x 51 cm x 92 cm<\/span><\/li>\n<li class=\"image-container\"><span dir=\"auto\">Dimenzije predala omare za levimi vrati: 60 cm x 45 cm x 64 cm<\/span><\/li>\n<li class=\"image-container\"><span dir=\"auto\">Dimenzije zgornjih treh desnih predalov: 45 cm x 40 cm x 8 cm<\/span><\/li>\n<li class=\"image-container\"><span dir=\"auto\">Dimenzije \u010detrtega predala: 45 cm x 40 cm x 15 cm<\/span><\/li>\n<li class=\"image-container\"><span dir=\"auto\">Dimenzije petega desnega predala: 45 cm x 40 cm x 21 cm<\/span><\/li>\n<li class=\"image-container\"><span dir=\"auto\">Dimenzije srednjih treh predalov: 95 cm x 40 cm x 8 cm<\/span><\/li>\n<li class=\"image-container\"><span dir=\"auto\">Dimenzije \u010detrtega levega predala: 95 cm x 40 cm x 15 cm<\/span><\/li>\n<li class=\"image-container\"><span dir=\"auto\">Dimenzije petega levega predala: 95 cm x 40 cm x 21 cm<\/span><\/li>\n<\/ul>\n<div><\/div>\n<p>&nbsp;<\/p>\n<p><strong><span dir=\"auto\">Vsebina orodja:<\/span><\/strong><\/p>\n<div class=\"image-container\"><span dir=\"auto\">Vlo\u017eek-1:\u00a0\u00a0<\/span><\/div>\n<p><span dir=\"auto\">117-delni komplet nasadnih klju\u010dev:<\/span><\/p>\n<ul>\n<li><span dir=\"auto\">13 kosov 1\/4-pal\u010dnih \u0161esterokotnih nastavkov, velikosti: 4-4,5-5-5,5-6-7-8-9-10-11-12-13-14 mm<\/span><\/li>\n<li><span dir=\"auto\">15 kosov 3\/8-pal\u010dnih \u0161esterokotnih nastavkov, velikosti: 9-10-11-12-13-14-15-16-17-18-19-20-21-22-24 mm<\/span><\/li>\n<li><span dir=\"auto\">19 kosov 1\/2-pal\u010dnih \u0161esterokotnih nastavkov velikosti: 8-9-10-11-12-13-14-15-16-17-18-19-20-21-22-24-27-30-32 mm<\/span><\/li>\n<li><span dir=\"auto\">21 kosov 1\/4&#8243; nastavkov: SL4-SL5,5-SL7; PZ1-PZ2-PZ3; PH1-PH2-PH3; T10-T15-T20-T25-T30-T40; H3-H4-H5-H6-H7-H8;<\/span><\/li>\n<li><span dir=\"auto\">8 kosov 3\/8&#8243; nasadnih klju\u010dev tipa E velikosti: E8-10-11-12-14-16-18-20;<\/span><\/li>\n<li><span dir=\"auto\">1 kos podalj\u0161ka 1\/4&#8243;: 100 mm;<\/span><\/li>\n<li><span dir=\"auto\">2 kosa podalj\u0161ka 3\/8&#8243;: 75-150 mm;<\/span><\/li>\n<li><span dir=\"auto\">2 kosa podalj\u0161ka 1\/2&#8243;: 125\u2013250 mm;<\/span><\/li>\n<li><span dir=\"auto\">1\/4&#8243; drsna tirnica: 110 mm;<\/span><\/li>\n<li><span dir=\"auto\">1\/2&#8243; drsna tirnica: 250 mm;<\/span><\/li>\n<li><span dir=\"auto\">1 kos 1\/4&#8243; kvadratnega ro\u010daja;<\/span><\/li>\n<li><span dir=\"auto\">3 kosi univerzalnega tulca: 1\/4&#8243;, 3\/8&#8243;, 1\/2&#8243;;<\/span><\/li>\n<li><span dir=\"auto\">1 kos fleksibilnega nastavka 1\/2&#8243;x10mm;<\/span><\/li>\n<li><span dir=\"auto\">3 kosi 1\/2&#8243; barvne pu\u0161e, velikost: 17-19-21 mm;<\/span><\/li>\n<li><span dir=\"auto\">13 kosov dolgih nasadnih klju\u010dev 1\/4&#8243;, velikosti: 4-4,5-5-5,5-6-7-8-9-10-11-12-13-14 mm<\/span><\/li>\n<li><span dir=\"auto\">10 kosov dolgih nasadnih klju\u010dev 1\/2&#8243;, velikosti: 8-9-10-11-12-13-14-15-17-18 mm;<\/span><\/li>\n<li><span dir=\"auto\">3 kosi raglje 1\/4&#8243; 3\/8&#8243; 1\/2&#8243; 72T<\/span><\/li>\n<\/ul>\n<p><span dir=\"auto\">Vlo\u017eek 2:\u00a0<\/span><\/p>\n<p><span dir=\"auto\">43-delni komplet klju\u010dev:<\/span><\/p>\n<ul>\n<li><span dir=\"auto\">1 kos moment klju\u010da 1\/2&#8243; z okroglim ro\u010dajem, aluminijast ro\u010daj, 40\u2013210 N. M;<\/span><\/li>\n<li><span dir=\"auto\">4-delni komplet udarnih nastavkov 1\/2&#8243;: 19-22-27-32 mm<\/span><\/li>\n<li><span dir=\"auto\">22 obro\u010dnih klju\u010dev: 6-7-8-9-10-11-12-13-14-15-16-17-18-19-20-21-22-23-24-27-30-32 mm;<\/span><\/li>\n<li><span dir=\"auto\">7 kombiniranih klju\u010dev z ragljo: 8-10-12-13-14-19 mm;<\/span><\/li>\n<li><span dir=\"auto\">9 imbus klju\u010dev v obliki \u010drke L: T10-15-20-25-27-30-40-45-50 mm<\/span><\/li>\n<\/ul>\n<p><span dir=\"auto\">Vlo\u017eek-3:\u00a0<\/span><\/p>\n<p><span dir=\"auto\">Komplet 28 dlet:<\/span><\/p>\n<ul>\n<li><span dir=\"auto\">1 kos merilnega traku 5M;<\/span><\/li>\n<li><span dir=\"auto\">1 kos 24 LED lu\u010di;<\/span><\/li>\n<li><span dir=\"auto\">1 kos 300 mm ravnila iz nerjave\u010dega jekla;<\/span><\/li>\n<li><span dir=\"auto\">1 x 150 mm \u010deljust;<\/span><\/li>\n<li><span dir=\"auto\">1 kos merilne sonde 0,05\u20131,00 mm;<\/span><\/li>\n<li><span dir=\"auto\">1 kos 12&#8243; \u017eage;<\/span><\/li>\n<li><span dir=\"auto\">1 kos rezalnika 18 mm;<\/span><\/li>\n<li><span dir=\"auto\">4 kosi 8&#8243; pilic: okrogle, polkro\u017ene, trikotne, plo\u0161\u010date;<\/span><\/li>\n<li><span dir=\"auto\">1 kos \u017eeleznih \u0161karij, 200 mm;<\/span><\/li>\n<li><span dir=\"auto\">6 kosov okroglih \u0161tampiljk: 2&#215;170, 3&#215;170, 4&#215;170, 5&#215;170, 8&#215;170, 10&#215;170 mm;<\/span><\/li>\n<li><span dir=\"auto\">3 plo\u0161\u010data dleta: 12&#215;160, 16&#215;175, 19&#215;180 mm;<\/span><\/li>\n<li><span dir=\"auto\">1 kos 1000g kamnose\u0161kega kladiva z lesenim ro\u010dajem;<\/span><\/li>\n<li><span dir=\"auto\">5-delne mini kle\u0161\u010de: oster nos, ukrivljen nos, \u017ei\u010dne, po\u0161evni nos, zgornji rez<\/span><\/li>\n<li><span dir=\"auto\">1 kos 10-pal\u010dnih kle\u0161\u010d za te\u017eka dela z okroglo konico<\/span><\/li>\n<\/ul>\n<p><span dir=\"auto\">Vlo\u017eek 4:\u00a0<\/span><\/p>\n<p><span dir=\"auto\">30-delni komplet izvija\u010dev in komplet kle\u0161\u010d:<\/span><\/p>\n<ul>\n<li><span dir=\"auto\">5 izvija\u010dev z vdolbino in plasti\u010dnimi ro\u010daji: SL6x38, 3&#215;75, 5&#215;75, 6&#215;100, 8&#215;150 mm;<\/span><\/li>\n<li><span dir=\"auto\">5 kri\u017enih izvija\u010dev s plasti\u010dnimi ro\u010daji: PH2x38, PH0x75, PH1x75, PH2x100, PH3x150 mm;<\/span><\/li>\n<li><span dir=\"auto\">12 izvija\u010dev tipa T s plasti\u010dnimi ro\u010daji: T5-6-7-8-9-10x75mm, T15-20-25x100mm, T27-30x125mm, T40x150mm<\/span><\/li>\n<li><span dir=\"auto\">4-delne kle\u0161\u010de za varovalne obro\u010de 7&#8243;: ravna glava, kotni del znotraj in zunaj;<\/span><\/li>\n<li><span dir=\"auto\">1 kos 6-pal\u010dnih kle\u0161\u010d s koni\u010dastim nosom<\/span><\/li>\n<li><span dir=\"auto\">1 kos 7&#8243; kombiniranih kle\u0161\u010d<\/span><\/li>\n<li><span dir=\"auto\">1 kos 6-pal\u010dnih stranskih kle\u0161\u010d<\/span><\/li>\n<li><span dir=\"auto\">1 kos kle\u0161\u010d za vodno \u010drpalko 10&#8243;<\/span><\/li>\n<\/ul>\n<p><span dir=\"auto\">Vlo\u017eek-5:\u00a0<\/span><\/p>\n<p><span dir=\"auto\">11-delni komplet izolacije:<\/span><\/p>\n<ul>\n<li><span dir=\"auto\">1 kos izoliranih kle\u0161\u010d s koni\u010dastim nosom, 6&#8243;<\/span><\/li>\n<li><span dir=\"auto\">1 kos izoliranih kombiniranih kle\u0161\u010d 6&#8243;<\/span><\/li>\n<li><span dir=\"auto\">1 kos izoliranih stranskih kle\u0161\u010d 6&#8243;<\/span><\/li>\n<li><span dir=\"auto\">1 kos 6&#8243; izoliranih kle\u0161\u010d za odstranjevanje izolacije<\/span><\/li>\n<li><span dir=\"auto\">4 izolirani izvija\u010di z navojem: SL3x75, 4&#215;100, 5,5&#215;125, 6,5&#215;150 mm<\/span><\/li>\n<li><span dir=\"auto\">3 kosi izoliranih izvija\u010dev Pitchdiam<\/span><\/li>\n<\/ul>\n<p><span dir=\"auto\">Vlo\u017eek-6:<\/span><\/p>\n<p><span dir=\"auto\">11 kosov dvojnih obro\u010dnih klju\u010dev:\u00a0<\/span><\/p>\n<ul>\n<li><span dir=\"auto\">6&#215;7, 8&#215;9, 10&#215;11, 12&#215;13, 14&#215;15, 16&#215;17, 18&#215;19, 20&#215;22, 21&#215;23, 24&#215;27, 27&#215;30, 28&#215;29 mm<\/span><\/li>\n<\/ul>\n<p><span dir=\"auto\">Vlo\u017eek-7:<\/span><\/p>\n<p><span dir=\"auto\">11 kosov \u0161esterokotnih vijakov:<\/span><\/p>\n<ul>\n<li><span dir=\"auto\">6 kosov \u0161esterokotnih vijakov: H2x75, H3x100, H4x100, H5x150, H6x150, H8x200 mm<\/span><\/li>\n<li><span dir=\"auto\">5 kosov \u0161esterokotnih vijakov: T15x75mm, T20x100mm, T25x100mm, T30x150mm, T40x150mm, T45x200mm<\/span><\/li>\n<\/ul>\n<p><span dir=\"auto\">Vlo\u017eek-8:<\/span><\/p>\n<p><span dir=\"auto\">8 T-nasadnih klju\u010dev:<\/span><\/p>\n<ul>\n<li><span dir=\"auto\">6-7-8-9-10-11-12-13 mm<\/span><\/li>\n<\/ul>\n","protected":false},"excerpt":{"rendered":"<p>Delovna miza RETTER RS2 z 10 predali in prostornim predalom je idealna re\u0161itev za delavnice. Z dimenzijami 230 cm x 92 cm x 51 cm ponuja veliko prostora in impresivno nosilnost 180 kg. Funkcije na prvi pogled: Dimenzije (dol\u017eina x vi\u0161ina x \u0161irina): 230 cm x 92 cm x 51 cm Nosilnost: 180 kg 10 &hellip; <br \/><a href=\"https:\/\/tigea-shop.si\/nb\/izdelek\/vozicek-z-orodjem-retter-rs2\/\" class=\"more-link\">Continue reading <span class=\"screen-reader-text\">VOZI\u010cEK Z ORODJEM RETTER RS2<\/span><\/a><\/p>\n","protected":false},"featured_media":4854,"template":"","meta":[],"_links":{"self":[{"href":"https:\/\/tigea-shop.si\/nb\/wp-json\/wp\/v2\/product\/4853"}],"collection":[{"href":"https:\/\/tigea-shop.si\/nb\/wp-json\/wp\/v2\/product"}],"about":[{"href":"https:\/\/tigea-shop.si\/nb\/wp-json\/wp\/v2\/types\/product"}],"wp:featuredmedia":[{"embeddable":true,"href":"https:\/\/tigea-shop.si\/nb\/wp-json\/wp\/v2\/media\/4854"}],"wp:attachment":[{"href":"https:\/\/tigea-shop.si\/nb\/wp-json\/wp\/v2\/media?parent=4853"}],"curies":[{"name":"wp","href":"https:\/\/api.w.org\/{rel}","templated":true}]}}