{"id":1646,"date":"2021-04-13T11:51:01","date_gmt":"2021-04-13T09:51:01","guid":{"rendered":"https:\/\/tigea-shop.si\/?post_type=product&#038;p=1646"},"modified":"2022-08-11T18:34:06","modified_gmt":"2022-08-11T16:34:06","slug":"set-nastavkov-za-alternatorje-13-kos","status":"publish","type":"product","link":"https:\/\/tigea-shop.si\/pl\/izdelek\/set-nastavkov-za-alternatorje-13-kos\/","title":{"rendered":"SET NASTAVKOV ZA ALTERNATORJE 13 KOS"},"content":{"rendered":"<p>Komplet klju\u010dev za sestavljanje in razstavljanje alternatorjev. Tipke so narejene iz visokokakovostnega krom-vanadijevega jekla CrV, zaradi \u010desar so trpe\u017ene in odporne na po\u0161kodbe. Klju\u010di omogo\u010dajo isto\u010dasno odvijanje pritrdilnega vijaka jermenice (z ustreznim nastavkom) in dr\u017eanje jermenice s sklopko (s pomo\u010djo posebne vti\u010dnice).<\/p>\n<p>Komplet je kot nala\u0161\u010d za profesionalne delavnice in avtoservise.<\/p>\n<p><strong>Zna\u010dilnosti izdelka<\/strong><\/p>\n<ul>\n<li>izdelan iz krom-vanadijevega legiranega jekla CRV<\/li>\n<li>prilagojena za delo z 1\/2&#8243; ragljo<\/li>\n<li>v kompletu so adapterji za avtomobile VW, Audi, Seat, BMW, Mercedes, Ford<\/li>\n<li>\u0161tevilo predmetov v kompletu: 13<\/li>\n<\/ul>\n<p><strong>Vsebina kompleta<\/strong><\/p>\n<ul>\n<li>1\/2 \u201dimbus klju\u010d TORX T50; 33T (drsni pokrov); L = 112 mm<\/li>\n<li>1\/2 &#8222;spline SPLINE M10 klju\u010d; 33T (drsni pokrov); L = 112 mm<\/li>\n<li>pokrov H15; 33T; Pribli\u017eno 17 mm; L = 30 mm<\/li>\n<li>pokrov H22; 33T; Pribli\u017eno 19 mm; L = 30 mm<\/li>\n<li>pokrov H22; L = 30 mm<\/li>\n<li>vti\u010dnica O 35 x 30 mm (4 zati\u010di &#8211; razmik diagonalno 30 mm)<\/li>\n<li>1\/2 \u201dbitna vti\u010dnica; H10<\/li>\n<li>Torx T40 bit; L = 75 mm<\/li>\n<li>bit bit Torx T50; L = 75 mm<\/li>\n<li>zglobni bit M8; L = 75 mm<\/li>\n<li>zglobni bit M10; L = 75 mm<\/li>\n<li>HEX H8 bit; L = 75 mm<\/li>\n<li>HEX H10 bit; L = 75 mm<\/li>\n<\/ul>\n","protected":false},"excerpt":{"rendered":"<p>Komplet klju\u010dev za sestavljanje in razstavljanje alternatorjev. Tipke so narejene iz visokokakovostnega krom-vanadijevega jekla CrV, zaradi \u010desar so trpe\u017ene in odporne na po\u0161kodbe. Klju\u010di omogo\u010dajo isto\u010dasno odvijanje pritrdilnega vijaka jermenice (z ustreznim nastavkom) in dr\u017eanje jermenice s sklopko (s pomo\u010djo posebne vti\u010dnice). Komplet je kot nala\u0161\u010d za profesionalne delavnice in avtoservise. Zna\u010dilnosti izdelka izdelan iz &hellip; <br \/><a href=\"https:\/\/tigea-shop.si\/pl\/izdelek\/set-nastavkov-za-alternatorje-13-kos\/\" class=\"more-link\">Continue reading <span class=\"screen-reader-text\">SET NASTAVKOV ZA ALTERNATORJE 13 KOS<\/span><\/a><\/p>\n","protected":false},"featured_media":1647,"template":"","meta":[],"_links":{"self":[{"href":"https:\/\/tigea-shop.si\/pl\/wp-json\/wp\/v2\/product\/1646"}],"collection":[{"href":"https:\/\/tigea-shop.si\/pl\/wp-json\/wp\/v2\/product"}],"about":[{"href":"https:\/\/tigea-shop.si\/pl\/wp-json\/wp\/v2\/types\/product"}],"wp:featuredmedia":[{"embeddable":true,"href":"https:\/\/tigea-shop.si\/pl\/wp-json\/wp\/v2\/media\/1647"}],"wp:attachment":[{"href":"https:\/\/tigea-shop.si\/pl\/wp-json\/wp\/v2\/media?parent=1646"}],"curies":[{"name":"wp","href":"https:\/\/api.w.org\/{rel}","templated":true}]}}