{"id":1690,"date":"2021-06-20T15:14:56","date_gmt":"2021-06-20T13:14:56","guid":{"rendered":"https:\/\/tigea-shop.si\/?post_type=product&#038;p=1690"},"modified":"2022-05-08T09:15:07","modified_gmt":"2022-05-08T07:15:07","slug":"stozcasta-scetka-za-kosilnice-na-nitko","status":"publish","type":"product","link":"https:\/\/tigea-shop.si\/pl\/izdelek\/stozcasta-scetka-za-kosilnice-na-nitko\/","title":{"rendered":"Sto\u017e\u010dasta \u0161\u010detka za kosilnice na nitko"},"content":{"rendered":"<div dir=\"auto\">\u010ce ste naveli\u010dani ro\u010dnega odstranjevanja mahu in plevela s plo\u010dnika, je na\u0161a \u0161\u010detka Osborn idealna re\u0161itev. Pritrjena na kosilnico na nitko opravi delo namesto vas.<\/div>\n","protected":false},"excerpt":{"rendered":"<p>\u010ce ste naveli\u010dani ro\u010dnega odstranjevanja mahu in plevela s plo\u010dnika, je na\u0161a \u0161\u010detka Osborn idealna re\u0161itev. Pritrjena na kosilnico na nitko opravi delo namesto vas.<\/p>\n","protected":false},"featured_media":1691,"template":"","meta":[],"_links":{"self":[{"href":"https:\/\/tigea-shop.si\/pl\/wp-json\/wp\/v2\/product\/1690"}],"collection":[{"href":"https:\/\/tigea-shop.si\/pl\/wp-json\/wp\/v2\/product"}],"about":[{"href":"https:\/\/tigea-shop.si\/pl\/wp-json\/wp\/v2\/types\/product"}],"wp:featuredmedia":[{"embeddable":true,"href":"https:\/\/tigea-shop.si\/pl\/wp-json\/wp\/v2\/media\/1691"}],"wp:attachment":[{"href":"https:\/\/tigea-shop.si\/pl\/wp-json\/wp\/v2\/media?parent=1690"}],"curies":[{"name":"wp","href":"https:\/\/api.w.org\/{rel}","templated":true}]}}