{"id":2219,"date":"2022-05-28T15:07:13","date_gmt":"2022-05-28T13:07:13","guid":{"rendered":"https:\/\/tigea-shop.si\/?post_type=product&#038;p=2219"},"modified":"2024-03-09T14:24:38","modified_gmt":"2024-03-09T13:24:38","slug":"kovinska-skatla-z-orodjem","status":"publish","type":"product","link":"https:\/\/tigea-shop.si\/pl\/izdelek\/kovinska-skatla-z-orodjem\/","title":{"rendered":"Kovinska \u0161katla z orodjem"},"content":{"rendered":"<p>Kovinska \u0161katla z orodjem\u00a0<span class=\"pq6dq46d tbxw36s4 knj5qynh kvgmc6g5 ditlmg2l oygrvhab nvdbi5me sf5mxxl7 gl3lb2sf hhz5lgdu\"><img decoding=\"async\" loading=\"lazy\" src=\"https:\/\/static.xx.fbcdn.net\/images\/emoji.php\/v9\/t16\/1\/16\/1f1e9_1f1ea.png\" alt=\"\ud83c\udde9\ud83c\uddea\" width=\"16\" height=\"16\" \/><\/span><span class=\"pq6dq46d tbxw36s4 knj5qynh kvgmc6g5 ditlmg2l oygrvhab nvdbi5me sf5mxxl7 gl3lb2sf hhz5lgdu\"><img decoding=\"async\" loading=\"lazy\" src=\"https:\/\/static.xx.fbcdn.net\/images\/emoji.php\/v9\/t16\/1\/16\/1f1e9_1f1ea.png\" alt=\"\ud83c\udde9\ud83c\uddea\" width=\"16\" height=\"16\" \/><\/span><\/p>\n<div class=\"o9v6fnle cxmmr5t8 oygrvhab hcukyx3x c1et5uql ii04i59q\">\n<div dir=\"auto\">PROFI kov\u010dek iz jeklene plo\u010devine. \u0160irina x globina x vi\u0161ina 430 x 180 x 180 mm.<\/div>\n<\/div>\n<div class=\"o9v6fnle cxmmr5t8 oygrvhab hcukyx3x c1et5uql ii04i59q\">\n<div dir=\"auto\">Priprava za namestitev klju\u010davnice obe\u0161anke (klju\u010davnica ob dobavi ni prilo\u017eena).<\/div>\n<\/div>\n<div class=\"o9v6fnle cxmmr5t8 oygrvhab hcukyx3x c1et5uql ii04i59q\">\n<div dir=\"auto\">Dobava:<\/div>\n<div dir=\"auto\">1 preklopna raglja 1\/4\u201d<\/div>\n<div dir=\"auto\">12 vstavkov za nasadne klju\u010de 1\/4\u201d: 4, 4.5, 5, 5.5, 6, 7, 8, 9, 10, 11, 12, 13 mm<\/div>\n<div dir=\"auto\">1 podalj\u0161ek 1\/4\u201d, dol\u017eina 5 cm<\/div>\n<div dir=\"auto\">1 preklopna raglja 1\/2\u201d<\/div>\n<div dir=\"auto\">18 vstavkov za nasadne klju\u010de 1\/2\u201d: 8, 9, 10, 11, 12, 13, 14, 15, 16, 17, 18, 19, 20, 21, 22, 23, 24, 27 mm<\/div>\n<div dir=\"auto\">1 zgibni vstavek za nasadni klju\u010d 1\/2\u201d<\/div>\n<div dir=\"auto\">1 podalj\u0161ek 1\/2\u201d, dol\u017eina 12,5 cm<\/div>\n<div dir=\"auto\">1 pre\u010dni ro\u010daj 1\/2\u201d, dol\u017eina 25 cm<\/div>\n<div dir=\"auto\">3 ploski izvija\u010di: SL 3 x 75 mm, SL 5 x 100 mm, SL 6 x 125 mm<\/div>\n<div dir=\"auto\">2 kri\u017ena izvija\u010da: PH 0 x 75 mm, PH 1 x 100 mm<\/div>\n<div dir=\"auto\">1 kombinirane kle\u0161\u010de 200 mm<\/div>\n<div dir=\"auto\">1 plo\u0161\u010date kle\u0161\u010de 200 mm<\/div>\n<div dir=\"auto\">1 kle\u0161\u010de za vodne \u010drpalke 250 mm<\/div>\n<div dir=\"auto\">9 kotnih izvija\u010dev: 1,5, 2, 2,5, 3, 4, 5, 6, 8, 10 mm<\/div>\n<div dir=\"auto\">1 izvija\u010d z nastavkom<\/div>\n<div dir=\"auto\">20-delni komplet nastavkov<\/div>\n<div dir=\"auto\">11 obro\u010dasto-vili\u010dastih klju\u010dev: 8, 10, 11, 12, 13, 14, 15, 16, 17, 18, 19 mm<\/div>\n<div dir=\"auto\">1 merilni trak, dol\u017eina 5 m<\/div>\n<div dir=\"auto\">86 kosov orodja, shranjenih pregledno in prostorsko var\u010dnoVsak kos ima svoje mesto \u2013 manjkajo\u010de dele takoj opazite<\/div>\n<div dir=\"auto\">Odli\u010dna izbira za pot, delavnice, doma\u010de mojstre.<\/div>\n<\/div>\n","protected":false},"excerpt":{"rendered":"<p>Kovinska \u0161katla z orodjem\u00a0 PROFI kov\u010dek iz jeklene plo\u010devine. \u0160irina x globina x vi\u0161ina 430 x 180 x 180 mm. Priprava za namestitev klju\u010davnice obe\u0161anke (klju\u010davnica ob dobavi ni prilo\u017eena). Dobava: 1 preklopna raglja 1\/4\u201d 12 vstavkov za nasadne klju\u010de 1\/4\u201d: 4, 4.5, 5, 5.5, 6, 7, 8, 9, 10, 11, 12, 13 mm 1 &hellip; <br \/><a href=\"https:\/\/tigea-shop.si\/pl\/izdelek\/kovinska-skatla-z-orodjem\/\" class=\"more-link\">Continue reading <span class=\"screen-reader-text\">Kovinska \u0161katla z orodjem<\/span><\/a><\/p>\n","protected":false},"featured_media":3869,"template":"","meta":[],"_links":{"self":[{"href":"https:\/\/tigea-shop.si\/pl\/wp-json\/wp\/v2\/product\/2219"}],"collection":[{"href":"https:\/\/tigea-shop.si\/pl\/wp-json\/wp\/v2\/product"}],"about":[{"href":"https:\/\/tigea-shop.si\/pl\/wp-json\/wp\/v2\/types\/product"}],"wp:featuredmedia":[{"embeddable":true,"href":"https:\/\/tigea-shop.si\/pl\/wp-json\/wp\/v2\/media\/3869"}],"wp:attachment":[{"href":"https:\/\/tigea-shop.si\/pl\/wp-json\/wp\/v2\/media?parent=2219"}],"curies":[{"name":"wp","href":"https:\/\/api.w.org\/{rel}","templated":true}]}}