{"id":2962,"date":"2023-01-20T07:20:59","date_gmt":"2023-01-20T06:20:59","guid":{"rendered":"https:\/\/tigea-shop.si\/?post_type=product&#038;p=2962"},"modified":"2023-01-20T07:20:59","modified_gmt":"2023-01-20T06:20:59","slug":"set-za-odstranjevanje-kroglicnih-spojev-23-28-34-mm","status":"publish","type":"product","link":"https:\/\/tigea-shop.si\/pl\/izdelek\/set-za-odstranjevanje-kroglicnih-spojev-23-28-34-mm\/","title":{"rendered":"Set za odstranjevanje krogli\u010dnih spojev 23 &#8211; 28 &#8211; 34 mm"},"content":{"rendered":"<p>Komplet omogo\u010da enostavno in hitro odstranitev krogli\u010dnih spojev. Ozek profil snemalcev omogo\u010di, da je set primeren za ve\u010dino vozil. Tri velikosti izvle\u010dnega orodja omogo\u010dajo uporabo na ve\u010dini osebnih avtomobilov in lahkih industrijskih vozil.<\/p>\n<p><strong>Mere snemalcev:\u00a0<\/strong>23 x 55 mm, 28 x 55 mm, 34 x 63 mm<\/p>\n<p>Te\u017ea:3,5kg<\/p>\n","protected":false},"excerpt":{"rendered":"<p>Komplet omogo\u010da enostavno in hitro odstranitev krogli\u010dnih spojev. Ozek profil snemalcev omogo\u010di, da je set primeren za ve\u010dino vozil. Tri velikosti izvle\u010dnega orodja omogo\u010dajo uporabo na ve\u010dini osebnih avtomobilov in lahkih industrijskih vozil. Mere snemalcev:\u00a023 x 55 mm, 28 x 55 mm, 34 x 63 mm Te\u017ea:3,5kg<\/p>\n","protected":false},"featured_media":2963,"template":"","meta":[],"_links":{"self":[{"href":"https:\/\/tigea-shop.si\/pl\/wp-json\/wp\/v2\/product\/2962"}],"collection":[{"href":"https:\/\/tigea-shop.si\/pl\/wp-json\/wp\/v2\/product"}],"about":[{"href":"https:\/\/tigea-shop.si\/pl\/wp-json\/wp\/v2\/types\/product"}],"wp:featuredmedia":[{"embeddable":true,"href":"https:\/\/tigea-shop.si\/pl\/wp-json\/wp\/v2\/media\/2963"}],"wp:attachment":[{"href":"https:\/\/tigea-shop.si\/pl\/wp-json\/wp\/v2\/media?parent=2962"}],"curies":[{"name":"wp","href":"https:\/\/api.w.org\/{rel}","templated":true}]}}