{"id":3806,"date":"2024-02-24T09:27:22","date_gmt":"2024-02-24T08:27:22","guid":{"rendered":"https:\/\/tigea-shop.si\/?post_type=product&#038;p=3806"},"modified":"2024-02-24T09:36:37","modified_gmt":"2024-02-24T08:36:37","slug":"pentagon-gedora-in-imbusi-za-zavorne-celjusti","status":"publish","type":"product","link":"https:\/\/tigea-shop.si\/pl\/izdelek\/pentagon-gedora-in-imbusi-za-zavorne-celjusti\/","title":{"rendered":"Pentagon gedora in imbusi za zavorne \u010deljusti"},"content":{"rendered":"<p>Komplet 5-kotnih klju\u010dev za zavorne \u010deljusti- 3 kosi:<\/p>\n<ul>\n<li>1\/2\u201d notranja 5-kotni klju\u010d 14 mm &#8211; Opel \/ Vauxhall (Astra G, Zafira), Mercedes, Smart<\/li>\n<li>1\/2\u201d notranja \u0161estkotni klju\u010d 19mm &#8211; za Peugeot, Renault<\/li>\n<li>1\/2\u201d 5-kotni zunanji zunanji 10mm &#8211; za zavorne diske GIRLING<\/li>\n<\/ul>\n","protected":false},"excerpt":{"rendered":"<p>Komplet 5-kotnih klju\u010dev za zavorne \u010deljusti- 3 kosi: 1\/2\u201d notranja 5-kotni klju\u010d 14 mm &#8211; Opel \/ Vauxhall (Astra G, Zafira), Mercedes, Smart 1\/2\u201d notranja \u0161estkotni klju\u010d 19mm &#8211; za Peugeot, Renault 1\/2\u201d 5-kotni zunanji zunanji 10mm &#8211; za zavorne diske GIRLING<\/p>\n","protected":false},"featured_media":3807,"template":"","meta":[],"_links":{"self":[{"href":"https:\/\/tigea-shop.si\/pl\/wp-json\/wp\/v2\/product\/3806"}],"collection":[{"href":"https:\/\/tigea-shop.si\/pl\/wp-json\/wp\/v2\/product"}],"about":[{"href":"https:\/\/tigea-shop.si\/pl\/wp-json\/wp\/v2\/types\/product"}],"wp:featuredmedia":[{"embeddable":true,"href":"https:\/\/tigea-shop.si\/pl\/wp-json\/wp\/v2\/media\/3807"}],"wp:attachment":[{"href":"https:\/\/tigea-shop.si\/pl\/wp-json\/wp\/v2\/media?parent=3806"}],"curies":[{"name":"wp","href":"https:\/\/api.w.org\/{rel}","templated":true}]}}