{"id":4283,"date":"2025-02-05T10:43:36","date_gmt":"2025-02-05T09:43:36","guid":{"rendered":"https:\/\/tigea-shop.si\/?post_type=product&#038;p=4283"},"modified":"2025-02-05T10:43:36","modified_gmt":"2025-02-05T09:43:36","slug":"magnetno-drzalo-za-udarni-vijacnik","status":"publish","type":"product","link":"https:\/\/tigea-shop.si\/pl\/izdelek\/magnetno-drzalo-za-udarni-vijacnik\/","title":{"rendered":"Magnetno dr\u017ealo za udarni vija\u010dnik"},"content":{"rendered":"<p>Magnetno dr\u017ealo za pnevmatski klju\u010d, dodatno z mo\u017enostjo obe\u0161anja 4 vti\u010dnic in raglje. V gumo oble\u010deni magneti prepre\u010dujejo praske in drsenje.<\/p>\n<p>-Premer luknje za pnevmatski udarni vija\u010dnik: 75 mm<\/p>\n<p>-Premer magneta: 85 mm<\/p>\n","protected":false},"excerpt":{"rendered":"<p>Magnetno dr\u017ealo za pnevmatski klju\u010d, dodatno z mo\u017enostjo obe\u0161anja 4 vti\u010dnic in raglje. V gumo oble\u010deni magneti prepre\u010dujejo praske in drsenje. -Premer luknje za pnevmatski udarni vija\u010dnik: 75 mm -Premer magneta: 85 mm<\/p>\n","protected":false},"featured_media":4284,"template":"","meta":[],"_links":{"self":[{"href":"https:\/\/tigea-shop.si\/pl\/wp-json\/wp\/v2\/product\/4283"}],"collection":[{"href":"https:\/\/tigea-shop.si\/pl\/wp-json\/wp\/v2\/product"}],"about":[{"href":"https:\/\/tigea-shop.si\/pl\/wp-json\/wp\/v2\/types\/product"}],"wp:featuredmedia":[{"embeddable":true,"href":"https:\/\/tigea-shop.si\/pl\/wp-json\/wp\/v2\/media\/4284"}],"wp:attachment":[{"href":"https:\/\/tigea-shop.si\/pl\/wp-json\/wp\/v2\/media?parent=4283"}],"curies":[{"name":"wp","href":"https:\/\/api.w.org\/{rel}","templated":true}]}}