{"id":4300,"date":"2025-02-05T11:29:40","date_gmt":"2025-02-05T10:29:40","guid":{"rendered":"https:\/\/tigea-shop.si\/?post_type=product&#038;p=4300"},"modified":"2025-02-05T11:29:40","modified_gmt":"2025-02-05T10:29:40","slug":"orodje-za-montazo-manset","status":"publish","type":"product","link":"https:\/\/tigea-shop.si\/pl\/izdelek\/orodje-za-montazo-manset\/","title":{"rendered":"Orodje za monta\u017eo man\u0161et"},"content":{"rendered":"<p>Vodenje odpadnega zraka skozi ro\u010daj v smeri nazaj.<br \/>\nUstrezno za vse univerzalne in originalne osne man\u0161ete za motorna vozila.<br \/>\nPrimeren tudi za vozila na vsekolesni pogon in manj\u0161e transporterje.<br \/>\nZa premer zgibov pogonskih gredi 20\u2013120 mm.<br \/>\nZ 8 izjemnimi robustnimi razcepnimi ro\u010dicami.<br \/>\nRazpon zgibnih ro\u010dic s stisnjenim zrakom.<br \/>\nDobro odmerjanje stisnjenega zraka s pritisnim gumbom.<br \/>\nDodatno mazivo ni potrebno.<br \/>\nZ vgrajenim varnostnim ventilom.<br \/>\nVklju\u010dno z 1\/4&#8242; spojnim vti\u010dem.<br \/>\nRobustna aluminijasta izvedba.<\/p>\n<p>LASTNOSTI<br \/>\nPriklju\u010dni navoj: 1\/4&#8217;PT<br \/>\nMin. premer cevi: 3\/8&#8242; &#8211; 10 mm<br \/>\nRo\u010daj: ro\u010daj, izoliran pred mrazom<br \/>\nPodro\u010dje uporabe splo\u0161no: za osne man\u0161ete.<br \/>\nDelovni tlak max.: 8 bar.<br \/>\nMaks. premer razpiranja: 20 &#8211; 120.<br \/>\nMerilna negotovost pospe\u0161evanje vibracij: 0.2.<br \/>\nPospe\u0161evanje vibracij: < 0,37.\nDol\u017eina: 450mm.\n\u0160irina v: 200.0.\n<\/p>\n","protected":false},"excerpt":{"rendered":"<p>Vodenje odpadnega zraka skozi ro\u010daj v smeri nazaj. Ustrezno za vse univerzalne in originalne osne man\u0161ete za motorna vozila. Primeren tudi za vozila na vsekolesni pogon in manj\u0161e transporterje. Za premer zgibov pogonskih gredi 20\u2013120 mm. Z 8 izjemnimi robustnimi razcepnimi ro\u010dicami. Razpon zgibnih ro\u010dic s stisnjenim zrakom. Dobro odmerjanje stisnjenega zraka s pritisnim gumbom. &hellip; <br \/><a href=\"https:\/\/tigea-shop.si\/pl\/izdelek\/orodje-za-montazo-manset\/\" class=\"more-link\">Continue reading <span class=\"screen-reader-text\">Orodje za monta\u017eo man\u0161et<\/span><\/a><\/p>\n","protected":false},"featured_media":4301,"template":"","meta":[],"_links":{"self":[{"href":"https:\/\/tigea-shop.si\/pl\/wp-json\/wp\/v2\/product\/4300"}],"collection":[{"href":"https:\/\/tigea-shop.si\/pl\/wp-json\/wp\/v2\/product"}],"about":[{"href":"https:\/\/tigea-shop.si\/pl\/wp-json\/wp\/v2\/types\/product"}],"wp:featuredmedia":[{"embeddable":true,"href":"https:\/\/tigea-shop.si\/pl\/wp-json\/wp\/v2\/media\/4301"}],"wp:attachment":[{"href":"https:\/\/tigea-shop.si\/pl\/wp-json\/wp\/v2\/media?parent=4300"}],"curies":[{"name":"wp","href":"https:\/\/api.w.org\/{rel}","templated":true}]}}