{"id":4714,"date":"2026-02-05T16:30:04","date_gmt":"2026-02-05T15:30:04","guid":{"rendered":"https:\/\/tigea-shop.si\/?post_type=product&#038;p=4714"},"modified":"2026-02-16T07:05:36","modified_gmt":"2026-02-16T06:05:36","slug":"vozicek-z-orodjem-primeutensili-8-6","status":"publish","type":"product","link":"https:\/\/tigea-shop.si\/pl\/izdelek\/vozicek-z-orodjem-primeutensili-8-6\/","title":{"rendered":"VOZI\u010cEK Z ORODJEM PrimeUtensili 8\/6"},"content":{"rendered":"<p><span dir=\"auto\">OPIS IZDELKA:<\/span><\/p>\n<ul class=\"a-unordered-list a-vertical\">\n<li><span class=\"a-list-item\"><span dir=\"auto\">4 kolesa s krogli\u010dnimi le\u017eaji, vklju\u010dno z 2 vrtljivima kolesoma z zaklepom \u00d8 120 mm in 2 fiksnima kolesoma \u00d8 120 mm.\u00a0<\/span><\/span><\/li>\n<li><span class=\"a-list-item\"><span dir=\"auto\">Vsak predal je individualno zavarovan z izvle\u010dno klju\u010davnico.\u00a0<\/span><\/span><\/li>\n<li><span class=\"a-list-item\"><span dir=\"auto\">sprednji predal s policami<\/span><br \/>\n<\/span><\/li>\n<li><span dir=\"auto\">Polica\/podporna povr\u0161ina iz nerjave\u010dega jekla<\/span><\/li>\n<\/ul>\n<ul class=\"a-unordered-list a-vertical\">\n<li><span class=\"a-list-item\"><span dir=\"auto\">\u0160tevilo predalov: 8, od tega 6 z orodjem, kot je prikazano na sliki, z vlo\u017eki iz termoformirane pene<\/span><br \/>\n<\/span><\/li>\n<li><span class=\"a-list-item\"><span dir=\"auto\">\u0160irina predala, notranje dimenzije: 542 mm.\u00a0<\/span><\/span><\/li>\n<li><span class=\"a-list-item\"><span dir=\"auto\">Globina predala: 400 mm.\u00a0<\/span><\/span><\/li>\n<li><span class=\"a-list-item\"><span dir=\"auto\">Vi\u0161ina predala: 6 x 70 mm | 1 x 200 mm.\u00a0<\/span><\/span><\/li>\n<li><span class=\"a-list-item\"><span dir=\"auto\">Globina: 400 mm.\u00a0<\/span><\/span><\/li>\n<li><span class=\"a-list-item\"><span dir=\"auto\">\u0160irina: 795,1 mm\u00a0<\/span><\/span><\/li>\n<li><span class=\"a-list-item\"><span dir=\"auto\">Vi\u0161ina: 969,7 mm\u00a0<\/span><\/span><\/li>\n<li><span class=\"a-list-item\"><span dir=\"auto\">Te\u017ea: 90 kg<\/span><\/span><\/li>\n<\/ul>\n","protected":false},"excerpt":{"rendered":"<p>OPIS IZDELKA: 4 kolesa s krogli\u010dnimi le\u017eaji, vklju\u010dno z 2 vrtljivima kolesoma z zaklepom \u00d8 120 mm in 2 fiksnima kolesoma \u00d8 120 mm.\u00a0 Vsak predal je individualno zavarovan z izvle\u010dno klju\u010davnico.\u00a0 sprednji predal s policami Polica\/podporna povr\u0161ina iz nerjave\u010dega jekla \u0160tevilo predalov: 8, od tega 6 z orodjem, kot je prikazano na sliki, z &hellip; <br \/><a href=\"https:\/\/tigea-shop.si\/pl\/izdelek\/vozicek-z-orodjem-primeutensili-8-6\/\" class=\"more-link\">Continue reading <span class=\"screen-reader-text\">VOZI\u010cEK Z ORODJEM PrimeUtensili 8\/6<\/span><\/a><\/p>\n","protected":false},"featured_media":4715,"template":"","meta":[],"_links":{"self":[{"href":"https:\/\/tigea-shop.si\/pl\/wp-json\/wp\/v2\/product\/4714"}],"collection":[{"href":"https:\/\/tigea-shop.si\/pl\/wp-json\/wp\/v2\/product"}],"about":[{"href":"https:\/\/tigea-shop.si\/pl\/wp-json\/wp\/v2\/types\/product"}],"wp:featuredmedia":[{"embeddable":true,"href":"https:\/\/tigea-shop.si\/pl\/wp-json\/wp\/v2\/media\/4715"}],"wp:attachment":[{"href":"https:\/\/tigea-shop.si\/pl\/wp-json\/wp\/v2\/media?parent=4714"}],"curies":[{"name":"wp","href":"https:\/\/api.w.org\/{rel}","templated":true}]}}