{"id":4871,"date":"2026-04-01T16:58:10","date_gmt":"2026-04-01T14:58:10","guid":{"rendered":"https:\/\/tigea-shop.si\/?post_type=product&#038;p=4871"},"modified":"2026-04-01T16:58:11","modified_gmt":"2026-04-01T14:58:11","slug":"vozicek-z-orodje-stahlbar-7-7","status":"publish","type":"product","link":"https:\/\/tigea-shop.si\/pl\/izdelek\/vozicek-z-orodje-stahlbar-7-7\/","title":{"rendered":"Vozi\u010dek z orodje STAHLB\u00c4R 7\/7"},"content":{"rendered":"<ul>\n<li><span dir=\"auto\">Vi\u0161ina: 91 cm<\/span><\/li>\n<li><span dir=\"auto\">\u0160irina: 26\u2033<\/span><\/li>\n<li><span dir=\"auto\">Globina: 18\u2033<\/span><\/li>\n<li><span dir=\"auto\">Globina predala: 16\u2033<\/span><\/li>\n<li><span dir=\"auto\">\u0160irina predala: 21,5\u2033<\/span><\/li>\n<li><strong><span dir=\"auto\">7 drsnih predalov s krogli\u010dnimi le\u017eaji<\/span><\/strong><\/li>\n<li><strong><span dir=\"auto\">Enostavno premikanje zaradi 4 kolesc (2 od njih z zavoro)<\/span><\/strong><\/li>\n<li><strong><span dir=\"auto\">Oja\u010ditev karoserije za mo\u010dnej\u0161o zasnovo<\/span><\/strong><\/li>\n<li><strong><span dir=\"auto\">Dvojno oblo\u017eene stene<\/span><\/strong><\/li>\n<li><strong><span dir=\"auto\">Zaklepanje (2 klju\u010da prilo\u017eena)<\/span><\/strong><\/li>\n<li><strong><span dir=\"auto\">Dimenzije: V 975\/820 mm brez koles, G 460 mm, \u0160 765 mm, 84 kg<\/span><\/strong><\/li>\n<\/ul>\n<p><strong><span dir=\"auto\">Pladenj 1:<\/span><\/strong><\/p>\n<ul>\n<li><span dir=\"auto\">13 kosov 1\/4\u201d nastavkov za klju\u010de 4-4,5-5-5,5-6-7-8-9-10-11-12-13-14 mm<\/span><\/li>\n<li><span dir=\"auto\">10 kosov nastavkov 3\/8\u2033 8-10-11-12-13-14-15-16-17-19 mm<\/span><\/li>\n<li><span dir=\"auto\">17 kosov nastavkov 1\/2\u2033 8-9-10-11-12-13-14-15-16-17-19-21-22-24-27-30-32 mm<\/span><\/li>\n<li><span dir=\"auto\">10 kosov globokih nastavkov 1\/4\u2033: 4-5-6-7-8-9-10-11-12-13 mm<\/span><\/li>\n<li><span dir=\"auto\">8 kosov globokih nastavkov, 3\/8\u2033: 10-11-12-13-14-15-17-19 mm<\/span><\/li>\n<li><span dir=\"auto\">13 kosov globokih nastavkov, 1\/2\u2033: 8-9-10-11-12-13-14-15-16-17-18-19-22 mm<\/span><\/li>\n<li><span dir=\"auto\">1 kos podalj\u0161ka za palico 1\/2\u2033<\/span><\/li>\n<li><span dir=\"auto\">1 kos 1\/4\u2033 podalj\u0161ek za vrat 4\u2033<\/span><\/li>\n<li><span dir=\"auto\">1 kos 3\/8\u2033 podalj\u0161ek 6\u2033<\/span><\/li>\n<li><span dir=\"auto\">1 kos 1\/2\u2033 podalj\u0161ek za palico 5\u2033<\/span><\/li>\n<li><span dir=\"auto\">3-delni univerzalni zglob 1\/4\u2033, 3\/8\u2033, 1\/2\u2033<\/span><\/li>\n<li><span dir=\"auto\">3-delni ro\u010daj raglje 72T 1\/4\u2033, 3\/8\u2033, 1\/2\u2033<\/span><\/li>\n<\/ul>\n<p><strong><span dir=\"auto\">Pladenj 2:<\/span><\/strong><\/p>\n<ul>\n<li><span dir=\"auto\">24 kosov 30L nastavkov: SL4; SL5.5; SL6; SL6.5; PH1;PH2;PH3;PH4, PZ1;PZ2;PZ3;PZ4,T20;27;30;35;40;45, TT40;45;50, H7;8;10<\/span><\/li>\n<li><span dir=\"auto\">48 kosov nastavkov: SL4; 5,5; 6,5; 7, PH0; 1; 2; 3, PZ0; 1; 2; 3, T8; 9; 10; 15; 20; 25; 27; 30; 40, HW3; 4; 5; 6; 7; 8, TT8; 9; 10; 15; 20; 25; 27; 30; 40, H2; 4; 5; 6, U4; 6; 8; 10. S0; 1; 2; 3<\/span><\/li>\n<li><span dir=\"auto\">28 kosov nasadnih nastavkov 1\/2\u2033: H10*100L*M9; H10*100L*R9; H8*140L*T40; H8*140L*T45; H8*140L*T50\uff0cH10*140L*T55; H12*140L*T60; H14*140L*T70; H8*160L*H5; H8*230L*H7;H8*300L*T30\uff0cH8*240L*R8; H8*240L*R7; H14*140L*M14; H12*140L*M12; H10*140L*M10 H14*140L*H13;H12*140L*H11; H10*140L*H10; H10*140L*R10; H17*100L*M16, H17*100L*T80; H17*55L*M16; H17*55L*H24; H17*55L*H22; H17*55L*H19; H17*55L*H17; H14*55L*H14<\/span><\/li>\n<li><span dir=\"auto\">1 kos Pnevmatski nastavek M18*78L<\/span><\/li>\n<li><span dir=\"auto\">1 kos adapterja 3\/8\u2033<\/span><\/li>\n<\/ul>\n<p><strong><span dir=\"auto\">Pladenj 3:<\/span><\/strong><\/p>\n<ul>\n<li><span dir=\"auto\">13-delni kombinirani klju\u010d z ragljo .8; 9; 10; 11; 12; 13; 14; 15; 16; 17; 19; 21; 22 mm.<\/span><\/li>\n<\/ul>\n<p><strong><span dir=\"auto\">Pladenj 4:<\/span><\/strong><\/p>\n<ul>\n<li><span dir=\"auto\">8 kosov izvija\u010dev Go-Thru: SL6*38; 5*75; 6*100; 8*150; PH2*38; PH1*75; PH2*100; PH3*150<\/span><\/li>\n<li><span dir=\"auto\">7-delni natan\u010dni izvija\u010d: SL2.5; PH00<\/span><\/li>\n<li><span dir=\"auto\">11 kosov izvija\u010da SL6*100; 5*100; 5*75; 4*75; 3*75, PH3*150; PH2*100; PH1*100; PH1*75; PH1*75; PH0*75<\/span><\/li>\n<\/ul>\n<p><strong><span dir=\"auto\">Pladenj 5:<\/span><\/strong><\/p>\n<ul>\n<li><span dir=\"auto\">9-delni T-ro\u010daj s krogli\u010dno konico in \u0161esterokotnim klju\u010dem: H2*100, H2,5*100, H3*100, H4*150, H7*150, H5*150, H6*150, H8*200, H10*200<\/span><\/li>\n<li><span dir=\"auto\">9-delni klju\u010d Torx s T-ro\u010dajem, 10&#215;100, 15&#215;100, 20&#215;100, 25&#215;150, 27&#215;150, 30&#215;150, 40&#215;150, 45&#215;200, 50&#215;200<\/span><\/li>\n<\/ul>\n<p><strong><span dir=\"auto\">Pladenj 6:<\/span><\/strong><\/p>\n<ul>\n<li><span dir=\"auto\">4-delne kle\u0161\u010de za varovalne obro\u010dke 7\u2033<\/span><\/li>\n<li><span dir=\"auto\">Zunanji varovalni obro\u010dki, ravni (palci), zunanji varovalni obro\u010dki, upognjen nos (palci),<\/span><\/li>\n<li><span dir=\"auto\">Kle\u0161\u010de za zunanje varovalne obro\u010dke, ravne (zunanje)<\/span><\/li>\n<li><span dir=\"auto\">Zunanji zasko\u010dni obro\u010dKle\u0161\u010de z upognjenim nosom (zunanji)<\/span><\/li>\n<li><span dir=\"auto\">1 kos kle\u0161\u010d za vodno \u010drpalko 10\u2033<\/span><\/li>\n<li><span dir=\"auto\">1 kos kle\u0161\u010d za upogibanje 6\u2033<\/span><\/li>\n<li><span dir=\"auto\">1-delne kombinirane kle\u0161\u010de 6\u2032<\/span><\/li>\n<li><span dir=\"auto\">1 kos kle\u0161\u010d z dolgim \u200b\u200bnosom 6\u2033<\/span><\/li>\n<li><span dir=\"auto\">1-delne diagonalne kle\u0161\u010de 6\u2033<\/span><\/li>\n<li><span dir=\"auto\">1 kos in\u017eenirskega kladiva 250 g<\/span><\/li>\n<li><span dir=\"auto\">6 kosov dleta 1,5 mm * 102L, 2 mm * 102L, 3 mm * 114L, 4 mm * 127L, 5 mm * 12<\/span><\/li>\n<\/ul>\n","protected":false},"excerpt":{"rendered":"<p>Vi\u0161ina: 91 cm \u0160irina: 26\u2033 Globina: 18\u2033 Globina predala: 16\u2033 \u0160irina predala: 21,5\u2033 7 drsnih predalov s krogli\u010dnimi le\u017eaji Enostavno premikanje zaradi 4 kolesc (2 od njih z zavoro) Oja\u010ditev karoserije za mo\u010dnej\u0161o zasnovo Dvojno oblo\u017eene stene Zaklepanje (2 klju\u010da prilo\u017eena) Dimenzije: V 975\/820 mm brez koles, G 460 mm, \u0160 765 mm, 84 kg &hellip; <br \/><a href=\"https:\/\/tigea-shop.si\/pl\/izdelek\/vozicek-z-orodje-stahlbar-7-7\/\" class=\"more-link\">Continue reading <span class=\"screen-reader-text\">Vozi\u010dek z orodje STAHLB\u00c4R 7\/7<\/span><\/a><\/p>\n","protected":false},"featured_media":4872,"template":"","meta":[],"_links":{"self":[{"href":"https:\/\/tigea-shop.si\/pl\/wp-json\/wp\/v2\/product\/4871"}],"collection":[{"href":"https:\/\/tigea-shop.si\/pl\/wp-json\/wp\/v2\/product"}],"about":[{"href":"https:\/\/tigea-shop.si\/pl\/wp-json\/wp\/v2\/types\/product"}],"wp:featuredmedia":[{"embeddable":true,"href":"https:\/\/tigea-shop.si\/pl\/wp-json\/wp\/v2\/media\/4872"}],"wp:attachment":[{"href":"https:\/\/tigea-shop.si\/pl\/wp-json\/wp\/v2\/media?parent=4871"}],"curies":[{"name":"wp","href":"https:\/\/api.w.org\/{rel}","templated":true}]}}