{"id":1583,"date":"2021-03-15T20:43:38","date_gmt":"2021-03-15T19:43:38","guid":{"rendered":"https:\/\/tigea-shop.si\/?post_type=product&#038;p=1583"},"modified":"2025-12-22T17:16:44","modified_gmt":"2025-12-22T16:16:44","slug":"hidravlicna-krokodil-dvigalka","status":"publish","type":"product","link":"https:\/\/tigea-shop.si\/sk\/izdelek\/hidravlicna-krokodil-dvigalka\/","title":{"rendered":"Hidravli\u010dna krokodil dvigalka"},"content":{"rendered":"<p>Hidravli\u010dna krokodil dvigalka 3.5T<\/p>\n<div class=\"o9v6fnle cxmmr5t8 oygrvhab hcukyx3x c1et5uql ii04i59q\">\n<div dir=\"auto\">&#8211; Opremljen sistemom turbo-dvigalo, gumijastim podstavkom in odbija\u010dem. Nosilnost 3500 kg in maksimalno vi\u0161ino 505mm. Opremljena z dvema cilindroma, ki omogo\u010daza izredno hiter in enostaven dvig nizko le\u017ee\u010dih avtomobilov.<\/div>\n<\/div>\n<div class=\"o9v6fnle cxmmr5t8 oygrvhab hcukyx3x c1et5uql ii04i59q\">\n<div dir=\"auto\">Tehni\u010dni podatki:<\/div>\n<div dir=\"auto\">&#8211; Nosilnost: 3.5T<\/div>\n<div dir=\"auto\">&#8211; Najmanj\u0161a dvi\u017ena vi\u0161ina: 75 mm<\/div>\n<div dir=\"auto\">&#8211; Maksimalna dvi\u017ena vi\u0161ina: 505mm<\/div>\n<div dir=\"auto\">-Dimenzije:680x340x165mm<\/div>\n<div dir=\"auto\">-Te\u017ea:32kg<\/div>\n<\/div>\n","protected":false},"excerpt":{"rendered":"<p>Hidravli\u010dna krokodil dvigalka 3.5T &#8211; Opremljen sistemom turbo-dvigalo, gumijastim podstavkom in odbija\u010dem. Nosilnost 3500 kg in maksimalno vi\u0161ino 505mm. Opremljena z dvema cilindroma, ki omogo\u010daza izredno hiter in enostaven dvig nizko le\u017ee\u010dih avtomobilov. Tehni\u010dni podatki: &#8211; Nosilnost: 3.5T &#8211; Najmanj\u0161a dvi\u017ena vi\u0161ina: 75 mm &#8211; Maksimalna dvi\u017ena vi\u0161ina: 505mm -Dimenzije:680x340x165mm -Te\u017ea:32kg<\/p>\n","protected":false},"featured_media":4567,"template":"","meta":[],"_links":{"self":[{"href":"https:\/\/tigea-shop.si\/sk\/wp-json\/wp\/v2\/product\/1583"}],"collection":[{"href":"https:\/\/tigea-shop.si\/sk\/wp-json\/wp\/v2\/product"}],"about":[{"href":"https:\/\/tigea-shop.si\/sk\/wp-json\/wp\/v2\/types\/product"}],"wp:featuredmedia":[{"embeddable":true,"href":"https:\/\/tigea-shop.si\/sk\/wp-json\/wp\/v2\/media\/4567"}],"wp:attachment":[{"href":"https:\/\/tigea-shop.si\/sk\/wp-json\/wp\/v2\/media?parent=1583"}],"curies":[{"name":"wp","href":"https:\/\/api.w.org\/{rel}","templated":true}]}}