{"id":1589,"date":"2021-03-15T21:04:31","date_gmt":"2021-03-15T20:04:31","guid":{"rendered":"https:\/\/tigea-shop.si\/?post_type=product&#038;p=1589"},"modified":"2024-03-20T21:01:10","modified_gmt":"2024-03-20T20:01:10","slug":"pnevmatska-dvigalka-35t","status":"publish","type":"product","link":"https:\/\/tigea-shop.si\/sk\/izdelek\/pnevmatska-dvigalka-35t\/","title":{"rendered":"Pnevmatska dvigalka 3.5T"},"content":{"rendered":"<div class=\"kvgmc6g5 cxmmr5t8 oygrvhab hcukyx3x c1et5uql ii04i59q\">\n<div dir=\"auto\"><span class=\"pq6dq46d tbxw36s4 knj5qynh kvgmc6g5 ditlmg2l oygrvhab nvdbi5me sf5mxxl7 gl3lb2sf hhz5lgdu\"><img decoding=\"async\" loading=\"lazy\" src=\"https:\/\/static.xx.fbcdn.net\/images\/emoji.php\/v9\/t16\/1\/16\/1f1e9_1f1ea.png\" alt=\"\ud83c\udde9\ud83c\uddea\" width=\"16\" height=\"16\" \/><\/span><span class=\"pq6dq46d tbxw36s4 knj5qynh kvgmc6g5 ditlmg2l oygrvhab nvdbi5me sf5mxxl7 gl3lb2sf hhz5lgdu\"><img decoding=\"async\" loading=\"lazy\" src=\"https:\/\/static.xx.fbcdn.net\/images\/emoji.php\/v9\/t16\/1\/16\/1f1e9_1f1ea.png\" alt=\"\ud83c\udde9\ud83c\uddea\" width=\"16\" height=\"16\" \/><\/span>PNEVMATSKA DVIGALKA 3.5T\u00a0 <span class=\"pq6dq46d tbxw36s4 knj5qynh kvgmc6g5 ditlmg2l oygrvhab nvdbi5me sf5mxxl7 gl3lb2sf hhz5lgdu\"><img decoding=\"async\" loading=\"lazy\" src=\"https:\/\/static.xx.fbcdn.net\/images\/emoji.php\/v9\/t16\/1\/16\/1f1e9_1f1ea.png\" alt=\"\ud83c\udde9\ud83c\uddea\" width=\"16\" height=\"16\" \/><\/span><span class=\"pq6dq46d tbxw36s4 knj5qynh kvgmc6g5 ditlmg2l oygrvhab nvdbi5me sf5mxxl7 gl3lb2sf hhz5lgdu\"><img decoding=\"async\" loading=\"lazy\" src=\"https:\/\/static.xx.fbcdn.net\/images\/emoji.php\/v9\/t16\/1\/16\/1f1e9_1f1ea.png\" alt=\"\ud83c\udde9\ud83c\uddea\" width=\"16\" height=\"16\" \/><\/span><\/div>\n<div dir=\"auto\">Dvigalo je za skoraj vsak osebni avtomobil &#8211; njegova nosilnost zna\u0161a kar 3.5 tone.<br \/>\nDolg ro\u010daj olaj\u0161a manevriranje, ne da bi se bilo treba bistveno upogniti.<br \/>\nDvigalo je\u00a0 opremiljeno z velikimi, udobnimi kolesi, ki mo\u010dno olaj\u0161ajo njegovo manevriranje &#8211; tudi \u010de so tla na mestu, kjer stoji avto, neenakomerna.<\/div>\n<div dir=\"auto\"><\/div>\n<\/div>\n<div class=\"o9v6fnle cxmmr5t8 oygrvhab hcukyx3x c1et5uql ii04i59q\">\n<div dir=\"auto\">Opis:<\/div>\n<div dir=\"auto\">&#8211; Najmanj\u0161a vi\u0161ina 13,5cm<\/div>\n<div dir=\"auto\">&#8211; Najve\u010dja vi\u0161ina 42cm<\/div>\n<div dir=\"auto\">&#8211; Nosilnost: 3.5T<\/div>\n<div dir=\"auto\">&#8211; Delovni pritisk: 6 &#8211; 10 bar<\/div>\n<div dir=\"auto\">&#8211; Dol\u017eina ro\u010daja: 106,5 cm<\/div>\n<\/div>\n","protected":false},"excerpt":{"rendered":"<p>PNEVMATSKA DVIGALKA 3.5T\u00a0 Dvigalo je za skoraj vsak osebni avtomobil &#8211; njegova nosilnost zna\u0161a kar 3.5 tone. Dolg ro\u010daj olaj\u0161a manevriranje, ne da bi se bilo treba bistveno upogniti. Dvigalo je\u00a0 opremiljeno z velikimi, udobnimi kolesi, ki mo\u010dno olaj\u0161ajo njegovo manevriranje &#8211; tudi \u010de so tla na mestu, kjer stoji avto, neenakomerna. Opis: &#8211; Najmanj\u0161a &hellip; <br \/><a href=\"https:\/\/tigea-shop.si\/sk\/izdelek\/pnevmatska-dvigalka-35t\/\" class=\"more-link\">Continue reading <span class=\"screen-reader-text\">Pnevmatska dvigalka 3.5T<\/span><\/a><\/p>\n","protected":false},"featured_media":1590,"template":"","meta":[],"_links":{"self":[{"href":"https:\/\/tigea-shop.si\/sk\/wp-json\/wp\/v2\/product\/1589"}],"collection":[{"href":"https:\/\/tigea-shop.si\/sk\/wp-json\/wp\/v2\/product"}],"about":[{"href":"https:\/\/tigea-shop.si\/sk\/wp-json\/wp\/v2\/types\/product"}],"wp:featuredmedia":[{"embeddable":true,"href":"https:\/\/tigea-shop.si\/sk\/wp-json\/wp\/v2\/media\/1590"}],"wp:attachment":[{"href":"https:\/\/tigea-shop.si\/sk\/wp-json\/wp\/v2\/media?parent=1589"}],"curies":[{"name":"wp","href":"https:\/\/api.w.org\/{rel}","templated":true}]}}