{"id":1986,"date":"2022-02-28T20:03:12","date_gmt":"2022-02-28T19:03:12","guid":{"rendered":"https:\/\/tigea-shop.si\/?post_type=product&#038;p=1986"},"modified":"2023-11-13T14:54:58","modified_gmt":"2023-11-13T13:54:58","slug":"hidravlicna-dvigalka-nizkoprofilna-25t","status":"publish","type":"product","link":"https:\/\/tigea-shop.si\/sk\/izdelek\/hidravlicna-dvigalka-nizkoprofilna-25t\/","title":{"rendered":"Hidravli\u010dna dvigalka nizkoprofilna 2,5T"},"content":{"rendered":"<p>Robustna in stabilna hidravli\u010dna dvigalka 2,5T.<\/p>\n<ul>\n<li>2,5 ton nosilnosti<\/li>\n<li>Izjemno nizek profil pri 80 mm se lahko namesti pod skoraj vse avtomobile<\/li>\n<li>360 mm dvi\u017ene vi\u0161ine<\/li>\n<li>Integriran ro\u010daj za no\u0161enje<\/li>\n<li>Hidravli\u010dna \u010drpalka z varnostnim ventilom<\/li>\n<li>Gumijasta podloga za za\u0161\u010dito vozila<\/li>\n<li>Velika dva jeklena kolesa in dva vrtljiva kolesca za la\u017eje pozicioniranje<\/li>\n<li>Najmanj\u0161a vi\u0161ina: 80 mm<\/li>\n<li>Najve\u010dja vi\u0161ina: 360 mm<\/li>\n<li>Te\u017ea: ca.\u00a012,5 kg<\/li>\n<\/ul>\n","protected":false},"excerpt":{"rendered":"<p>Robustna in stabilna hidravli\u010dna dvigalka 2,5T. 2,5 ton nosilnosti Izjemno nizek profil pri 80 mm se lahko namesti pod skoraj vse avtomobile 360 mm dvi\u017ene vi\u0161ine Integriran ro\u010daj za no\u0161enje Hidravli\u010dna \u010drpalka z varnostnim ventilom Gumijasta podloga za za\u0161\u010dito vozila Velika dva jeklena kolesa in dva vrtljiva kolesca za la\u017eje pozicioniranje Najmanj\u0161a vi\u0161ina: 80 mm &hellip; <br \/><a href=\"https:\/\/tigea-shop.si\/sk\/izdelek\/hidravlicna-dvigalka-nizkoprofilna-25t\/\" class=\"more-link\">Continue reading <span class=\"screen-reader-text\">Hidravli\u010dna dvigalka nizkoprofilna 2,5T<\/span><\/a><\/p>\n","protected":false},"featured_media":2752,"template":"","meta":[],"_links":{"self":[{"href":"https:\/\/tigea-shop.si\/sk\/wp-json\/wp\/v2\/product\/1986"}],"collection":[{"href":"https:\/\/tigea-shop.si\/sk\/wp-json\/wp\/v2\/product"}],"about":[{"href":"https:\/\/tigea-shop.si\/sk\/wp-json\/wp\/v2\/types\/product"}],"wp:featuredmedia":[{"embeddable":true,"href":"https:\/\/tigea-shop.si\/sk\/wp-json\/wp\/v2\/media\/2752"}],"wp:attachment":[{"href":"https:\/\/tigea-shop.si\/sk\/wp-json\/wp\/v2\/media?parent=1986"}],"curies":[{"name":"wp","href":"https:\/\/api.w.org\/{rel}","templated":true}]}}