{"id":2934,"date":"2023-01-18T19:13:06","date_gmt":"2023-01-18T18:13:06","guid":{"rendered":"https:\/\/tigea-shop.si\/?post_type=product&#038;p=2934"},"modified":"2023-01-18T19:16:28","modified_gmt":"2023-01-18T18:16:28","slug":"set-klesc-za-objemke-9-delni","status":"publish","type":"product","link":"https:\/\/tigea-shop.si\/sk\/izdelek\/set-klesc-za-objemke-9-delni\/","title":{"rendered":"Set Kle\u0161\u010d za objemke 9 delni"},"content":{"rendered":"<p>Set kle\u0161\u010d za objemke vsebuje 9 razli\u010dnih kle\u0161\u010d, ki omogo\u010dajo namestitev objemk na odprto pozicijo. Set je primeren tudi za odstranjevanje plastike in kovine z objemk. Z uporabo objemke na koncu fleksibilne cevi, boste lahko dosegli tja, kamor z obi\u010dajnimi orodji ne bi mogli.<\/p>\n<p>Komplet devetdelnih kle\u0161\u010d za cevne objemke je sestavljen iz sedmih razli\u010dnih kle\u0161\u010d, s katerimi lahko zategnete ali popustite razli\u010dne vrste cevnih objemk\u00a0<strong>od 18 do 54 mm.<\/strong><\/p>\n<h4>Vsebina paketa:<\/h4>\n<ul>\n<li>1x kle\u0161\u010de za objemke cevi<\/li>\n<li>1x kle\u0161\u010de za sponke z vzmetno \u017eico z vrtljivo \u010deljustjo<\/li>\n<li>1x vrtljive kle\u0161\u010de za sponke za \u010deljusti<\/li>\n<li>1x po\u0161evne kle\u0161\u010de za objemke za cevi z ravnim trakom<\/li>\n<li>1x kle\u0161\u010de za odstranjevanje cevi<\/li>\n<li>1x Clic-R kle\u0161\u010de za ovratnik<\/li>\n<li>1x kle\u0161\u010de za objemke cevi s plo\u0161\u010datim trakom<\/li>\n<li>1x izvija\u010d<\/li>\n<li>1x Odstranjevalec cevi<\/li>\n<\/ul>\n","protected":false},"excerpt":{"rendered":"<p>Set kle\u0161\u010d za objemke vsebuje 9 razli\u010dnih kle\u0161\u010d, ki omogo\u010dajo namestitev objemk na odprto pozicijo. Set je primeren tudi za odstranjevanje plastike in kovine z objemk. Z uporabo objemke na koncu fleksibilne cevi, boste lahko dosegli tja, kamor z obi\u010dajnimi orodji ne bi mogli. Komplet devetdelnih kle\u0161\u010d za cevne objemke je sestavljen iz sedmih razli\u010dnih &hellip; <br \/><a href=\"https:\/\/tigea-shop.si\/sk\/izdelek\/set-klesc-za-objemke-9-delni\/\" class=\"more-link\">Continue reading <span class=\"screen-reader-text\">Set Kle\u0161\u010d za objemke 9 delni<\/span><\/a><\/p>\n","protected":false},"featured_media":2936,"template":"","meta":[],"_links":{"self":[{"href":"https:\/\/tigea-shop.si\/sk\/wp-json\/wp\/v2\/product\/2934"}],"collection":[{"href":"https:\/\/tigea-shop.si\/sk\/wp-json\/wp\/v2\/product"}],"about":[{"href":"https:\/\/tigea-shop.si\/sk\/wp-json\/wp\/v2\/types\/product"}],"wp:featuredmedia":[{"embeddable":true,"href":"https:\/\/tigea-shop.si\/sk\/wp-json\/wp\/v2\/media\/2936"}],"wp:attachment":[{"href":"https:\/\/tigea-shop.si\/sk\/wp-json\/wp\/v2\/media?parent=2934"}],"curies":[{"name":"wp","href":"https:\/\/api.w.org\/{rel}","templated":true}]}}