{"id":3045,"date":"2023-02-20T06:26:40","date_gmt":"2023-02-20T05:26:40","guid":{"rendered":"https:\/\/tigea-shop.si\/?post_type=product&#038;p=3045"},"modified":"2023-09-15T06:09:05","modified_gmt":"2023-09-15T04:09:05","slug":"set-gedora-108-delni-widmann","status":"publish","type":"product","link":"https:\/\/tigea-shop.si\/sk\/izdelek\/set-gedora-108-delni-widmann\/","title":{"rendered":"Set gedora 108 delni WIDMANN"},"content":{"rendered":"<p>WIDMANN 108 delni set gedor, nastavkov in ragelj. Vsa orodja so izdelana iz krom vanadijevega jekla. Vse skupaj je pakirano v trdnem ohi\u0161ju iz trpe\u017ene plastike<\/p>\n<ul>\n<li class=\"heading_new\">vsi elementi kompleta so narejeni iz krom-vanadijevega (CrV) jekla<\/li>\n<li class=\"heading_new\">vse skupaj je pakirano v trdnem ohi\u0161ju iz trpe\u017ene plastike<\/li>\n<li class=\"heading_new\">popoln nabor za amaterje in polprofesionalce<\/li>\n<li class=\"heading_new\">Raglje 1\/2\u2033 in 1\/4\u2033 s 24 zobmi in ergonomskim ro\u010dajem<\/li>\n<li class=\"heading_new\">vklju\u010duje komplet vti\u010dnic (dolgih in standardnih) za 1\/2\u2033 in 1\/4\u2033 ter komplet bitov<\/li>\n<\/ul>\n","protected":false},"excerpt":{"rendered":"<p>WIDMANN 108 delni set gedor, nastavkov in ragelj. Vsa orodja so izdelana iz krom vanadijevega jekla. Vse skupaj je pakirano v trdnem ohi\u0161ju iz trpe\u017ene plastike vsi elementi kompleta so narejeni iz krom-vanadijevega (CrV) jekla vse skupaj je pakirano v trdnem ohi\u0161ju iz trpe\u017ene plastike popoln nabor za amaterje in polprofesionalce Raglje 1\/2\u2033 in 1\/4\u2033 &hellip; <br \/><a href=\"https:\/\/tigea-shop.si\/sk\/izdelek\/set-gedora-108-delni-widmann\/\" class=\"more-link\">Continue reading <span class=\"screen-reader-text\">Set gedora 108 delni WIDMANN<\/span><\/a><\/p>\n","protected":false},"featured_media":3046,"template":"","meta":[],"_links":{"self":[{"href":"https:\/\/tigea-shop.si\/sk\/wp-json\/wp\/v2\/product\/3045"}],"collection":[{"href":"https:\/\/tigea-shop.si\/sk\/wp-json\/wp\/v2\/product"}],"about":[{"href":"https:\/\/tigea-shop.si\/sk\/wp-json\/wp\/v2\/types\/product"}],"wp:featuredmedia":[{"embeddable":true,"href":"https:\/\/tigea-shop.si\/sk\/wp-json\/wp\/v2\/media\/3046"}],"wp:attachment":[{"href":"https:\/\/tigea-shop.si\/sk\/wp-json\/wp\/v2\/media?parent=3045"}],"curies":[{"name":"wp","href":"https:\/\/api.w.org\/{rel}","templated":true}]}}