{"id":3262,"date":"2023-05-13T17:22:10","date_gmt":"2023-05-13T15:22:10","guid":{"rendered":"https:\/\/tigea-shop.si\/?post_type=product&#038;p=3262"},"modified":"2023-05-13T17:22:10","modified_gmt":"2023-05-13T15:22:10","slug":"orodje-za-fazo-motorja-bmw-land-rover","status":"publish","type":"product","link":"https:\/\/tigea-shop.si\/sk\/izdelek\/orodje-za-fazo-motorja-bmw-land-rover\/","title":{"rendered":"Orodje za fazo motorja &#8211; BMW, Land Rover"},"content":{"rendered":"<p>Orodje za popravilo BMW in Land Rover motorjev &#8211;\u00a0M47 M57 E87 E46 E39. Omogo\u010da blokiranje glavne \/ ro\u010di\u010dne gredi, odmi\u010dne gredi, napenjalca jermena, za 4- in 6-valjni 2.0D 16V, 1.8, 2.0, 2.5, 3.0D.<\/p>\n<p><strong>Vsebina:<\/strong><\/p>\n<ul>\n<li>Orodje za blokado odmi\u010dne gredi<\/li>\n<li>Orodje za blokiranje ro\u010di\u010dne gredi<\/li>\n<li>Dr\u017ealo blokiranja odmi\u010dne gredi<\/li>\n<li>Orodje za blokiranje napenjalca jermena<\/li>\n<\/ul>\n","protected":false},"excerpt":{"rendered":"<p>Orodje za popravilo BMW in Land Rover motorjev &#8211;\u00a0M47 M57 E87 E46 E39. Omogo\u010da blokiranje glavne \/ ro\u010di\u010dne gredi, odmi\u010dne gredi, napenjalca jermena, za 4- in 6-valjni 2.0D 16V, 1.8, 2.0, 2.5, 3.0D. Vsebina: Orodje za blokado odmi\u010dne gredi Orodje za blokiranje ro\u010di\u010dne gredi Dr\u017ealo blokiranja odmi\u010dne gredi Orodje za blokiranje napenjalca jermena<\/p>\n","protected":false},"featured_media":3263,"template":"","meta":[],"_links":{"self":[{"href":"https:\/\/tigea-shop.si\/sk\/wp-json\/wp\/v2\/product\/3262"}],"collection":[{"href":"https:\/\/tigea-shop.si\/sk\/wp-json\/wp\/v2\/product"}],"about":[{"href":"https:\/\/tigea-shop.si\/sk\/wp-json\/wp\/v2\/types\/product"}],"wp:featuredmedia":[{"embeddable":true,"href":"https:\/\/tigea-shop.si\/sk\/wp-json\/wp\/v2\/media\/3263"}],"wp:attachment":[{"href":"https:\/\/tigea-shop.si\/sk\/wp-json\/wp\/v2\/media?parent=3262"}],"curies":[{"name":"wp","href":"https:\/\/api.w.org\/{rel}","templated":true}]}}